{"id":15195,"date":"2021-04-14T10:54:55","date_gmt":"2021-04-14T13:54:55","guid":{"rendered":"https:\/\/www.life-sip.com.br\/site\/?page_id=15195"},"modified":"2021-07-08T16:12:14","modified_gmt":"2021-07-08T19:12:14","slug":"pesquisa-de-satisfacao","status":"publish","type":"page","link":"https:\/\/www.life-sip.com.br\/site\/pesquisa-de-satisfacao\/","title":{"rendered":"Pesquisa de Satisfa\u00e7\u00e3o"},"content":{"rendered":"<p><\/p>\n<div class=\"wp-block-image is-style-rounded\">\n<figure class=\"aligncenter size-large is-resized\"><a href=\"https:\/\/www.life-sip.com.br\/site\/wp-content\/uploads\/2021\/04\/pesquisa2.jpg\"><img loading=\"lazy\" decoding=\"async\" src=\"https:\/\/www.life-sip.com.br\/site\/wp-content\/uploads\/2021\/04\/pesquisa2.jpg\" alt=\"\" class=\"wp-image-15196\" width=\"636\" height=\"406\" srcset=\"https:\/\/www.life-sip.com.br\/site\/wp-content\/uploads\/2021\/04\/pesquisa2.jpg 493w, https:\/\/www.life-sip.com.br\/site\/wp-content\/uploads\/2021\/04\/pesquisa2-300x192.jpg 300w\" sizes=\"auto, (max-width: 636px) 100vw, 636px\" \/><\/a><\/figure>\n<\/div>\n<p><\/p>\n<p><\/p>\n<h2 class=\"wp-block-heading\">Saiba o que seu  cliente pensa do seu atendimento e saia na frente!<\/h2>\n<p><\/p>\n<p><\/p>\n<p>Algumas caracter\u00edsticas:<\/p>\n<p><\/p>\n<p><\/p>\n<ul class=\"wp-block-list\">\n<li>Dados salvos em base de dados do Pabx<\/li>\n<li>Inser\u00e7\u00e3o da pesquisa automaticamente ao fim do atendimento em filas<\/li>\n<li>Direcionamento de qualquer ramal para pesquisa de satisfa\u00e7\u00e3o<\/li>\n<li>Possibilidade de inser\u00e7\u00e3o de 6 perguntas para cada pesquisa<\/li>\n<li>Possibilidade de cadastramento de tipo de pesquisa, satisfa\u00e7\u00e3o, pesquisa, retorno etc.<\/li>\n<li>Utiliza\u00e7\u00e3o em qualquer pabx com tecnologia asterisk<\/li>\n<li>Cria\u00e7\u00e3o de pesquisa em arquivo de configura\u00e7\u00e3o independente, n\u00e3o \u00e9 necess\u00e1rio altera\u00e7\u00e3o na estrutura de arquivos padr\u00f5es do sistema<\/li>\n<li>\u00c1udios de alta qualidade nas perquintas, voz via software bem natural na linguagem portugu\u00eas &#8211; brasil<\/li>\n<li>Relat\u00f3rio personalizado com filtro de datas \/ pesquisa utilizada via interface web<\/li>\n<li>Possibilidade de configura\u00e7\u00e3o de envio de relat\u00f3rio diario para email cadastrado Construimos op\u00e7\u00f5es personalizadas, disponibilizamos de equipe d eprogramadores.<br \/>Entre outras op\u00e7\u00f5es.<\/li>\n<\/ul>\n<p><\/p>\n<p><\/p>\n<h2 class=\"wp-block-heading\">Vis\u00e3o consolidada &#8211; Mensal<\/h2>\n<p><\/p>\n<p><\/p>\n<div class=\"wp-block-image\">\n<figure class=\"aligncenter size-large\"><a href=\"https:\/\/www.life-sip.com.br\/site\/wp-content\/uploads\/2021\/04\/grafico-pesq-1.png\"><img loading=\"lazy\" decoding=\"async\" width=\"575\" height=\"378\" src=\"https:\/\/www.life-sip.com.br\/site\/wp-content\/uploads\/2021\/04\/grafico-pesq-1.png\" alt=\"\" class=\"wp-image-15206\" srcset=\"https:\/\/www.life-sip.com.br\/site\/wp-content\/uploads\/2021\/04\/grafico-pesq-1.png 575w, https:\/\/www.life-sip.com.br\/site\/wp-content\/uploads\/2021\/04\/grafico-pesq-1-300x197.png 300w\" sizes=\"auto, (max-width: 575px) 100vw, 575px\" \/><\/a><\/figure>\n<\/div>\n<p><\/p>\n<p><\/p>\n<blockquote class=\"wp-block-quote is-layout-flow wp-block-quote-is-layout-flow\">\n<p><strong>Modelos Dispon\u00edveis para utiliza\u00e7\u00e3o:<\/strong><\/p>\n<\/blockquote>\n<p><\/p>\n<p><\/p>\n<ul class=\"wp-block-list\">\n<li>Instala\u00e7\u00e3o em planos PBX BOX Life Sip<\/li>\n<li>Instala\u00e7\u00e3o em servidores privados remotamente<\/li>\n<\/ul>\n<p><\/p>\n<p><\/p>\n<h2 class=\"wp-block-heading\">Vis\u00e3o Geral<\/h2>\n<p><\/p>\n<p><\/p>\n<ul class=\"wp-block-list\">\n<li>Painel de visualiza\u00e7\u00e3o de dados do sistema:   <\/li>\n<li>Tempo de sistema ativo<\/li>\n<li>Uso de CPU <\/li>\n<li>Porcentagem de mem\u00f3ria utilizada<\/li>\n<li>Porcentagem de espa\u00e7o em disco utilizada<\/li>\n<\/ul>\n<p><\/p>\n<p><\/p>\n<div class=\"wp-block-image is-style-rounded\">\n<figure class=\"aligncenter size-large\"><a href=\"https:\/\/www.life-sip.com.br\/site\/wp-content\/uploads\/2021\/05\/satisfacao11.jpg\"><img loading=\"lazy\" decoding=\"async\" width=\"1024\" height=\"180\" src=\"https:\/\/www.life-sip.com.br\/site\/wp-content\/uploads\/2021\/05\/satisfacao11-1024x180.jpg\" alt=\"\" class=\"wp-image-15226\" srcset=\"https:\/\/www.life-sip.com.br\/site\/wp-content\/uploads\/2021\/05\/satisfacao11-1024x180.jpg 1024w, https:\/\/www.life-sip.com.br\/site\/wp-content\/uploads\/2021\/05\/satisfacao11-300x53.jpg 300w, https:\/\/www.life-sip.com.br\/site\/wp-content\/uploads\/2021\/05\/satisfacao11-768x135.jpg 768w, https:\/\/www.life-sip.com.br\/site\/wp-content\/uploads\/2021\/05\/satisfacao11.jpg 1197w\" sizes=\"auto, (max-width: 1024px) 100vw, 1024px\" \/><\/a><\/figure>\n<\/div>\n<p><\/p>\n<p><\/p>\n<ul class=\"wp-block-list\">\n<li>Vis\u00e3o geral das avalia\u00e7\u00f5es: Quantidade total, mensal ( selecion\u00e1vel ), \u00faltimos 30, 15 e 7 dias<\/li>\n<\/ul>\n<p><\/p>\n<p><\/p>\n<div class=\"wp-block-image is-style-rounded\">\n<figure class=\"aligncenter size-large\"><a href=\"https:\/\/www.life-sip.com.br\/site\/wp-content\/uploads\/2021\/05\/satisfacao12-min.jpg\"><img loading=\"lazy\" decoding=\"async\" width=\"965\" height=\"227\" src=\"https:\/\/www.life-sip.com.br\/site\/wp-content\/uploads\/2021\/05\/satisfacao12-min.jpg\" alt=\"\" class=\"wp-image-15227\" srcset=\"https:\/\/www.life-sip.com.br\/site\/wp-content\/uploads\/2021\/05\/satisfacao12-min.jpg 965w, https:\/\/www.life-sip.com.br\/site\/wp-content\/uploads\/2021\/05\/satisfacao12-min-300x71.jpg 300w, https:\/\/www.life-sip.com.br\/site\/wp-content\/uploads\/2021\/05\/satisfacao12-min-768x181.jpg 768w\" sizes=\"auto, (max-width: 965px) 100vw, 965px\" \/><\/a><\/figure>\n<\/div>\n<p><\/p>\n<p><\/p>\n<ul class=\"wp-block-list\">\n<li>N\u00edvel geral gr\u00e1fica de satisfa\u00e7\u00e3o por per\u00edodo:  \u00faltimas 24 hrs, 7 e  90 dias<\/li>\n<\/ul>\n<p><\/p>\n<p><\/p>\n<div class=\"wp-block-image is-style-rounded\">\n<figure class=\"aligncenter size-large\"><a href=\"https:\/\/www.life-sip.com.br\/site\/wp-content\/uploads\/2021\/06\/satisfacao-colunas24hr-min.jpeg\"><img loading=\"lazy\" decoding=\"async\" width=\"951\" height=\"504\" src=\"https:\/\/www.life-sip.com.br\/site\/wp-content\/uploads\/2021\/06\/satisfacao-colunas24hr-min.jpeg\" alt=\"\" class=\"wp-image-15237\" srcset=\"https:\/\/www.life-sip.com.br\/site\/wp-content\/uploads\/2021\/06\/satisfacao-colunas24hr-min.jpeg 951w, https:\/\/www.life-sip.com.br\/site\/wp-content\/uploads\/2021\/06\/satisfacao-colunas24hr-min-300x159.jpeg 300w, https:\/\/www.life-sip.com.br\/site\/wp-content\/uploads\/2021\/06\/satisfacao-colunas24hr-min-768x407.jpeg 768w\" sizes=\"auto, (max-width: 951px) 100vw, 951px\" \/><\/a><\/figure>\n<\/div>\n<p><\/p>\n<p><\/p>\n<ul class=\"wp-block-list\">\n<li>Visualiza\u00e7\u00e3o: 7 dias<\/li>\n<\/ul>\n<p><\/p>\n<p><\/p>\n<div class=\"wp-block-image is-style-rounded\">\n<figure class=\"aligncenter size-large\"><a href=\"https:\/\/www.life-sip.com.br\/site\/wp-content\/uploads\/2021\/06\/satisfacao-colunas7-min.jpeg\"><img loading=\"lazy\" decoding=\"async\" width=\"855\" height=\"503\" src=\"https:\/\/www.life-sip.com.br\/site\/wp-content\/uploads\/2021\/06\/satisfacao-colunas7-min.jpeg\" alt=\"\" class=\"wp-image-15238\" srcset=\"https:\/\/www.life-sip.com.br\/site\/wp-content\/uploads\/2021\/06\/satisfacao-colunas7-min.jpeg 855w, https:\/\/www.life-sip.com.br\/site\/wp-content\/uploads\/2021\/06\/satisfacao-colunas7-min-300x176.jpeg 300w, https:\/\/www.life-sip.com.br\/site\/wp-content\/uploads\/2021\/06\/satisfacao-colunas7-min-768x452.jpeg 768w\" sizes=\"auto, (max-width: 855px) 100vw, 855px\" \/><\/a><\/figure>\n<\/div>\n<p><\/p>\n<p><\/p>\n<ul class=\"wp-block-list\">\n<li>Visualiza\u00e7\u00e3o: 90 dias<\/li>\n<\/ul>\n<p><\/p>\n<p><\/p>\n<div class=\"wp-block-image is-style-rounded\">\n<figure class=\"aligncenter size-large\"><a href=\"https:\/\/www.life-sip.com.br\/site\/wp-content\/uploads\/2021\/06\/satisfacao-colunas90-min.jpeg\"><img loading=\"lazy\" decoding=\"async\" width=\"960\" height=\"533\" src=\"https:\/\/www.life-sip.com.br\/site\/wp-content\/uploads\/2021\/06\/satisfacao-colunas90-min.jpeg\" alt=\"\" class=\"wp-image-15239\" srcset=\"https:\/\/www.life-sip.com.br\/site\/wp-content\/uploads\/2021\/06\/satisfacao-colunas90-min.jpeg 960w, https:\/\/www.life-sip.com.br\/site\/wp-content\/uploads\/2021\/06\/satisfacao-colunas90-min-300x167.jpeg 300w, https:\/\/www.life-sip.com.br\/site\/wp-content\/uploads\/2021\/06\/satisfacao-colunas90-min-768x426.jpeg 768w\" sizes=\"auto, (max-width: 960px) 100vw, 960px\" \/><\/a><\/figure>\n<\/div>\n<p><\/p>\n<p><\/p>\n<h2 class=\"wp-block-heading\">Ranking Operadores<\/h2>\n<p><\/p>\n<p><\/p>\n<ul class=\"wp-block-list\">\n<li>M\u00e9dia e ranking por operador: \u00faltimos 7, 15 e 30 dias, <\/li>\n<li>Agrupamento por n\u00edvel de satisfa\u00e7\u00e3o, quantidade de atendimentos, m\u00e9dia geral e operador<\/li>\n<\/ul>\n<p><\/p>\n<p><\/p>\n<div class=\"wp-block-image is-style-default\">\n<figure class=\"aligncenter size-large\"><a href=\"https:\/\/www.life-sip.com.br\/site\/wp-content\/uploads\/2021\/05\/satisfacao-12ranking-min.jpeg\"><img loading=\"lazy\" decoding=\"async\" width=\"790\" height=\"1024\" src=\"https:\/\/www.life-sip.com.br\/site\/wp-content\/uploads\/2021\/05\/satisfacao-12ranking-min-790x1024.jpeg\" alt=\"\" class=\"wp-image-15236\" srcset=\"https:\/\/www.life-sip.com.br\/site\/wp-content\/uploads\/2021\/05\/satisfacao-12ranking-min-790x1024.jpeg 790w, https:\/\/www.life-sip.com.br\/site\/wp-content\/uploads\/2021\/05\/satisfacao-12ranking-min-231x300.jpeg 231w, https:\/\/www.life-sip.com.br\/site\/wp-content\/uploads\/2021\/05\/satisfacao-12ranking-min-768x995.jpeg 768w, https:\/\/www.life-sip.com.br\/site\/wp-content\/uploads\/2021\/05\/satisfacao-12ranking-min.jpeg 898w\" sizes=\"auto, (max-width: 790px) 100vw, 790px\" \/><\/a><\/figure>\n<\/div>\n<p><\/p>\n<p><\/p>\n<h2 class=\"wp-block-heading\">Busca personalizada<\/h2>\n<p><\/p>\n<p><\/p>\n<ul class=\"wp-block-list\">\n<li>Par\u00e2metros de busca personalizada:  Dia, m\u00eas, ano e operador<\/li>\n<\/ul>\n<p><\/p>\n<p><\/p>\n<figure class=\"wp-block-image size-large is-style-default\"><a href=\"https:\/\/www.life-sip.com.br\/site\/wp-content\/uploads\/2021\/05\/satisfacao16-min.jpeg\"><img loading=\"lazy\" decoding=\"async\" width=\"844\" height=\"104\" src=\"https:\/\/www.life-sip.com.br\/site\/wp-content\/uploads\/2021\/05\/satisfacao16-min.jpeg\" alt=\"\" class=\"wp-image-15230\" srcset=\"https:\/\/www.life-sip.com.br\/site\/wp-content\/uploads\/2021\/05\/satisfacao16-min.jpeg 844w, https:\/\/www.life-sip.com.br\/site\/wp-content\/uploads\/2021\/05\/satisfacao16-min-300x37.jpeg 300w, https:\/\/www.life-sip.com.br\/site\/wp-content\/uploads\/2021\/05\/satisfacao16-min-768x95.jpeg 768w\" sizes=\"auto, (max-width: 844px) 100vw, 844px\" \/><\/a><\/figure>\n<p><\/p>\n<p><\/p>\n<ul class=\"wp-block-list\">\n<li>Busca de m\u00e9dia por m\u00eas\/ano<\/li>\n<li>Busca de m\u00e9dia por operador, dia, m\u00eas e ano &#8211; consolidado<\/li>\n<\/ul>\n<p><\/p>\n<p><\/p>\n<figure class=\"wp-block-image size-large is-style-default\"><a href=\"https:\/\/www.life-sip.com.br\/site\/wp-content\/uploads\/2021\/05\/satisfacao15-min.jpeg\"><img loading=\"lazy\" decoding=\"async\" width=\"836\" height=\"562\" src=\"https:\/\/www.life-sip.com.br\/site\/wp-content\/uploads\/2021\/05\/satisfacao15-min.jpeg\" alt=\"\" class=\"wp-image-15232\" srcset=\"https:\/\/www.life-sip.com.br\/site\/wp-content\/uploads\/2021\/05\/satisfacao15-min.jpeg 836w, https:\/\/www.life-sip.com.br\/site\/wp-content\/uploads\/2021\/05\/satisfacao15-min-300x202.jpeg 300w, https:\/\/www.life-sip.com.br\/site\/wp-content\/uploads\/2021\/05\/satisfacao15-min-768x516.jpeg 768w\" sizes=\"auto, (max-width: 836px) 100vw, 836px\" \/><\/a><\/figure>\n<p><\/p>\n<p><\/p>\n<h2 class=\"has-text-align-center wp-block-heading\">Relat\u00f3rio para auditoria de Notas<\/h2>\n<p><\/p>\n<p><\/p>\n<p>O sistema possui sistema de relat\u00f3rio para busca e auditoria das liga\u00e7\u00f5es e notas recebidas pelos operadores, isto facilita a analise do motivo de notas baixas para melhoria continua no atendimento.<\/p>\n<p><\/p>\n<p><\/p>\n<p><strong>Par\u00e2metros:<\/strong><\/p>\n<p><\/p>\n<p><\/p>\n<ul class=\"wp-block-list\">\n<li>Busca por: Data inicial, Data final, Ramal do atendente, Origem ( telefone de origem na liga\u00e7\u00e3o ), nota ( valor da nota recebida ). <\/li>\n<\/ul>\n<p><\/p>\n<p><\/p>\n<div class=\"wp-block-image is-style-default\">\n<figure class=\"aligncenter size-large is-resized\"><a href=\"https:\/\/www.life-sip.com.br\/site\/wp-content\/uploads\/2021\/06\/relatorio-de-satisfacao-screen-1.jpg\"><img loading=\"lazy\" decoding=\"async\" src=\"https:\/\/www.life-sip.com.br\/site\/wp-content\/uploads\/2021\/06\/relatorio-de-satisfacao-screen-1-1024x863.jpg\" alt=\"\" class=\"wp-image-15248\" width=\"732\" height=\"616\" srcset=\"https:\/\/www.life-sip.com.br\/site\/wp-content\/uploads\/2021\/06\/relatorio-de-satisfacao-screen-1-1024x863.jpg 1024w, https:\/\/www.life-sip.com.br\/site\/wp-content\/uploads\/2021\/06\/relatorio-de-satisfacao-screen-1-300x253.jpg 300w, https:\/\/www.life-sip.com.br\/site\/wp-content\/uploads\/2021\/06\/relatorio-de-satisfacao-screen-1-768x647.jpg 768w, https:\/\/www.life-sip.com.br\/site\/wp-content\/uploads\/2021\/06\/relatorio-de-satisfacao-screen-1.jpg 1312w\" sizes=\"auto, (max-width: 732px) 100vw, 732px\" \/><\/a><\/figure>\n<\/div>\n<p><\/p>\n<p><\/p>\n<ul class=\"wp-block-list\">\n<li>O relat\u00f3rio traz como resultado os dados solicitados de acordo com os par\u00e2metros de pesquisa assim como o total de registros que foram buscados e o bot\u00e3o para escuta do \u00e1udio listado imediatamente. <\/li>\n<\/ul>\n<p><\/p>\n<p><\/p>\n<div class=\"wp-block-image is-style-default\">\n<figure class=\"aligncenter size-large\"><a href=\"https:\/\/www.life-sip.com.br\/site\/wp-content\/uploads\/2021\/06\/relatorio-de-satisfacao-screen-2-min.jpg\"><img loading=\"lazy\" decoding=\"async\" width=\"1024\" height=\"630\" src=\"https:\/\/www.life-sip.com.br\/site\/wp-content\/uploads\/2021\/06\/relatorio-de-satisfacao-screen-2-min-1024x630.jpg\" alt=\"\" class=\"wp-image-15249\" srcset=\"https:\/\/www.life-sip.com.br\/site\/wp-content\/uploads\/2021\/06\/relatorio-de-satisfacao-screen-2-min-1024x630.jpg 1024w, https:\/\/www.life-sip.com.br\/site\/wp-content\/uploads\/2021\/06\/relatorio-de-satisfacao-screen-2-min-300x185.jpg 300w, https:\/\/www.life-sip.com.br\/site\/wp-content\/uploads\/2021\/06\/relatorio-de-satisfacao-screen-2-min-768x472.jpg 768w, https:\/\/www.life-sip.com.br\/site\/wp-content\/uploads\/2021\/06\/relatorio-de-satisfacao-screen-2-min.jpg 1289w\" sizes=\"auto, (max-width: 1024px) 100vw, 1024px\" \/><\/a><\/figure>\n<\/div>\n<p><\/p>\n<p><\/p>\n<p>Com isto sua empresa pode contar com um sistema completo de pesquisas com o cliente e auditoria simplificada sobre os resultados para analise e gest\u00e3o.<\/p>\n<p><\/p>\n<p><\/p>\n<p><strong>Quer conhecer mais a satisfa\u00e7\u00e3o do seu cliente?<\/strong> <\/p>\n<p><\/p>\n<p><\/p>\n<div class=\"wp-block-image\">\n<figure class=\"aligncenter size-large is-resized\"><a href=\"https:\/\/www.life-sip.com.br\/site\/wp-content\/uploads\/2021\/03\/seta-red3.png\"><img loading=\"lazy\" decoding=\"async\" src=\"https:\/\/www.life-sip.com.br\/site\/wp-content\/uploads\/2021\/03\/seta-red3.png\" alt=\"\" class=\"wp-image-15190\" width=\"450\" height=\"171\" srcset=\"https:\/\/www.life-sip.com.br\/site\/wp-content\/uploads\/2021\/03\/seta-red3.png 870w, https:\/\/www.life-sip.com.br\/site\/wp-content\/uploads\/2021\/03\/seta-red3-300x114.png 300w, https:\/\/www.life-sip.com.br\/site\/wp-content\/uploads\/2021\/03\/seta-red3-768x293.png 768w\" sizes=\"auto, (max-width: 450px) 100vw, 450px\" \/><\/a><\/figure>\n<\/div>\n<p><\/p>\n<p>\n<!--IMPORTACAO JS PERSONALIZADO LS - POPUP -->\n<script type=\"text\/javascript\" src=\"http:\/\/www.life-sip.com.br\/site\/popup\/jquery-1.11.3.min.js\"><\/script>\n<script type=\"text\/javascript\" src=\"http:\/\/www.life-sip.com.br\/site\/popup\/bpopup.js\"><\/script>\n<script type=\"text\/javascript\" src=\"http:\/\/www.life-sip.com.br\/site\/popup\/meligue.js\"><\/script>\n<!--FIM IMPORTACAO JS PERSONALIZADO - POPUP -->\n<!-- IFRAME POPUP MODULO BUSINESS -->\n<div id=\"degustacao\" style=\"display: none;\"><iframe loading=\"lazy\" id=\"clicktocall\" src=\"http:\/\/www.life-sip.com.br\/site\/forms\/modulopainelfilas.html\" width=\"460\" height=\"680px\" frameborder=\"0\"><\/iframe><\/div>\n<!-- FIM IFRAME DEGUSTACAO -->\n<h2>Solicite agora seu or\u00e7amento saia na frente em tecnologia e gest\u00e3o de inteligencia em telecomunica\u00e7\u00f5es clicando <span onclick=\"javascript:popupframemkt('degustacao');\" onmouseover=\"\" style=\"color: #ff0000; cursor: pointer;\">aqui.<\/span><\/h2>\n<script type='text\/javascript'>\nsetTimeout(() => {\n    popupframemkt('degustacao'); \n  }, 20000);\n\n<\/script>\n\n<\/p>\n<p><\/p>\n<figure class=\"wp-block-image size-large is-style-default\"><a href=\"https:\/\/www.life-sip.com.br\/site\/wp-content\/uploads\/2014\/02\/bannerhome.png\"><img loading=\"lazy\" decoding=\"async\" width=\"1020\" height=\"60\" src=\"https:\/\/www.life-sip.com.br\/site\/wp-content\/uploads\/2014\/02\/bannerhome.png\" alt=\"\" class=\"wp-image-13555\" srcset=\"https:\/\/www.life-sip.com.br\/site\/wp-content\/uploads\/2014\/02\/bannerhome.png 1020w, https:\/\/www.life-sip.com.br\/site\/wp-content\/uploads\/2014\/02\/bannerhome-300x18.png 300w\" sizes=\"auto, (max-width: 1020px) 100vw, 1020px\" \/><\/a><\/figure>\n<p><\/p>\n<p><\/p>\n<div class=\"wp-block-group\"><div class=\"wp-block-group__inner-container\">\n<div class=\"wp-block-group__inner-container is-layout-flow wp-block-group-is-layout-flow\"><\/p>\n<blockquote class=\"wp-block-quote is-layout-flow wp-block-quote-is-layout-flow\">\n<p><strong>M\u00f3dulos PABX BOX LIFE SIP<\/strong><\/p>\n<\/blockquote>\n<p><\/div>\n<\/div><\/div>\n<p><\/p>\n<p>\n<ul class=\"wp-block-list\" id=\"modulos\"><li><a href=\"https:\/\/www.life-sip.com.br\/site\/painel-de-filas\/\" title=\"Painel de Filas\">Painel de Filas e Estat\u00edsticas<\/a><\/li><li><a href=\"https:\/\/www.life-sip.com.br\/site\/pesquisa-de-satisfacao\/\" target=\"_blank\" rel=\"noreferrer noopener\" title=\"Pesquisa de Satisfa\u00e7\u00e3o\">Pesquisa de Satisfa\u00e7\u00e3o<\/a><\/li><li><a href=\"https:\/\/www.life-sip.com.br\/site\/business-inteligence\/\" target=\"_blank\" rel=\"noreferrer noopener\" title=\"BI VOIP \u2013 Business Inteligence\">Leads clean &#8211; Limpeza de lista de n\u00fameros para callcenter <\/a><\/li><li><a href=\"https:\/\/www.life-sip.com.br\/site\/transbordo-externo-inteligente\/\" title=\"Transbordo Externo Inteligente\">Transbordo externo inteligente &#8211; Integra\u00e7\u00e3o Base de Dados<\/a><\/li><\/ul>\n<\/p>\n<p><\/p>\n<blockquote class=\"wp-block-quote is-layout-flow wp-block-quote-is-layout-flow\">\n<p><strong>Outros conte\u00fados interessantes..<\/strong><\/p>\n<\/blockquote>\n<p><\/p>\n<p><ul class=\"wp-block-latest-posts__list wp-block-latest-posts\"><li><a class=\"wp-block-latest-posts__post-title\" href=\"https:\/\/www.life-sip.com.br\/site\/integracao-whatsapp-call-api-pabx-ip\/\">Integ Whatsapp Call-Api -> Pabx IP<\/a><\/li>\n<li><a class=\"wp-block-latest-posts__post-title\" href=\"https:\/\/www.life-sip.com.br\/site\/o-futuro-do-voip-com-ia-ja-em-2023\/\">O futuro do VoIP com IA j\u00e1 em 2023<\/a><\/li>\n<li><a class=\"wp-block-latest-posts__post-title\" href=\"https:\/\/www.life-sip.com.br\/site\/como-melhorar-a-qualidade-das-suas-ligacoes-voip\/\">Como melhorar a qualidade das suas liga\u00e7\u00f5es VOIP<\/a><\/li>\n<li><a class=\"wp-block-latest-posts__post-title\" href=\"https:\/\/www.life-sip.com.br\/site\/como-diagnosticar-problemas-de-voip-em-2-minutos\/\">Como diagnosticar problemas de Voip em 2 minutos<\/a><\/li>\n<li><a class=\"wp-block-latest-posts__post-title\" href=\"https:\/\/www.life-sip.com.br\/site\/voip-tendencias-mostram-como-tecnologia-sera-importante-nos-proximos-anos-2\/\">VoIP: tend\u00eancias mostram como tecnologia ser\u00e1 importante nos pr\u00f3ximos anos<\/a><\/li>\n<\/ul><\/p>\n<p><\/p>\n<p><\/p>\n","protected":false},"excerpt":{"rendered":"<p>&#8211; Dados salvos em base de dados do pabx<br \/>\n &#8211; Inser\u00e7\u00e3o da pesquisa automaticamente ao fim do atendimento em filas<br \/>\n &#8211; Direcionamento de qualquer ramal para pesquisa de satisfa\u00e7\u00e3o<br \/>\n &#8211; Possibilidade de inser\u00e7\u00e3o de 6 perguntas para cada pesquisa<\/p>\n","protected":false},"author":3,"featured_media":0,"parent":0,"menu_order":0,"comment_status":"closed","ping_status":"closed","template":"","meta":{"_joinchat":{"telephone":"+5531987150356"},"footnotes":""},"class_list":["post-15195","page","type-page","status-publish","hentry"],"aioseo_notices":[],"_links":{"self":[{"href":"https:\/\/www.life-sip.com.br\/site\/wp-json\/wp\/v2\/pages\/15195","targetHints":{"allow":["GET"]}}],"collection":[{"href":"https:\/\/www.life-sip.com.br\/site\/wp-json\/wp\/v2\/pages"}],"about":[{"href":"https:\/\/www.life-sip.com.br\/site\/wp-json\/wp\/v2\/types\/page"}],"author":[{"embeddable":true,"href":"https:\/\/www.life-sip.com.br\/site\/wp-json\/wp\/v2\/users\/3"}],"replies":[{"embeddable":true,"href":"https:\/\/www.life-sip.com.br\/site\/wp-json\/wp\/v2\/comments?post=15195"}],"version-history":[{"count":0,"href":"https:\/\/www.life-sip.com.br\/site\/wp-json\/wp\/v2\/pages\/15195\/revisions"}],"wp:attachment":[{"href":"https:\/\/www.life-sip.com.br\/site\/wp-json\/wp\/v2\/media?parent=15195"}],"curies":[{"name":"wp","href":"https:\/\/api.w.org\/{rel}","templated":true}]}}