{"id":15108,"date":"2021-02-11T17:08:30","date_gmt":"2021-02-11T20:08:30","guid":{"rendered":"http:\/\/www.life-sip.com.br\/site\/?page_id=15108"},"modified":"2021-06-07T21:42:54","modified_gmt":"2021-06-08T00:42:54","slug":"painel-de-filas","status":"publish","type":"page","link":"https:\/\/www.life-sip.com.br\/site\/painel-de-filas\/","title":{"rendered":"Painel de Filas"},"content":{"rendered":"<p><\/p>\n<p>FUNCIONALIDADES<\/p>\n<p><\/p>\n<p><\/p>\n<div class=\"wp-block-image is-style-rounded\">\n<figure class=\"aligncenter is-resized\"><img loading=\"lazy\" decoding=\"async\" src=\"http:\/\/www.life-sip.com.br\/site\/forms\/painel\/images\/image1.png\" alt=\"\" width=\"903\" height=\"404\" title=\"\"\/><\/figure>\n<\/div>\n<p><\/p>\n<p><\/p>\n<ul class=\"wp-block-list\">\n<li>P\u00e1gina inicial com vis\u00e3o de filas.<\/li>\n<li>Vis\u00e3o geral com<\/li>\n<li>N\u00famero de chamadas atendidas em todas as filas<\/li>\n<li>N\u00famero total de chamadas abandonadas em todas as filas<\/li>\n<li>N\u00famero de chamadas nas filas<\/li>\n<li>Tempo m\u00e9dio de conversa\u00e7\u00e3o nas filas<\/li>\n<li>Tempo m\u00e9dio de espera nas filas<\/li>\n<\/ul>\n<p><\/p>\n<p><\/p>\n<p>Cada fila possui os seguintes par\u00e2metros estat\u00edsticos operacionais:<\/p>\n<p><\/p>\n<p><\/p>\n<ul class=\"wp-block-list\">\n<li>Chamadas atendidas<\/li>\n<li>Chamadas abandonadas<\/li>\n<li>Chamadas na fila<\/li>\n<li>Porcentagem de operadores indispon\u00edveis<\/li>\n<li>Porcentagem e quantidade de operadores &nbsp;ocupados<\/li>\n<li>Porcentagem e quantidade de operadores &nbsp;livres<\/li>\n<\/ul>\n<p><\/p>\n<p><\/p>\n<figure class=\"wp-block-image\"><img decoding=\"async\" src=\"http:\/\/www.life-sip.com.br\/site\/forms\/painel\/images\/image5.png\" alt=\"\" title=\"\"\/><\/figure>\n<p><\/p>\n<p><\/p>\n<p>INFORMA\u00c7\u00c3O<\/p>\n<p><\/p>\n<p><\/p>\n<ol class=\"wp-block-list\">\n<li>\u00c9 poss\u00edvel disponibilizar n\u00edveis de acessos aos usu\u00e1rios disponibilizando que vejam somente algumas filas pr\u00e9 definidas.<\/li>\n<li>Ao selecionar uma fila ( click no cabe\u00e7alho verde de cada fila) temos o acesso das estat\u00edsticas gerais da fila e op\u00e7\u00f5es de intera\u00e7\u00e3o conforme abaixo:<\/li>\n<\/ol>\n<p><\/p>\n<p><\/p>\n<figure class=\"wp-block-image\"><img decoding=\"async\" src=\"http:\/\/www.life-sip.com.br\/site\/forms\/painel\/images\/image6.png\" alt=\"\" title=\"\"\/><\/figure>\n<p><\/p>\n<p><\/p>\n<ul class=\"wp-block-list\">\n<li>Bot\u00e3o espionar: Tem a fun\u00e7\u00e3o de ouvir as chamadas do operador selecionado, ao acionar esta fun\u00e7\u00e3o o sistema ir\u00e1 solicitar qual seu ramal para que ele possa te ligar e iniciar a espionagem conforme imagem abaixo: Inserir SIP\/SEU RAMAL<\/li>\n<\/ul>\n<p><\/p>\n<p><\/p>\n<figure class=\"wp-block-image\"><img decoding=\"async\" src=\"http:\/\/www.life-sip.com.br\/site\/forms\/painel\/images\/image7.png\" alt=\"\" title=\"\"\/><\/figure>\n<p><\/p>\n<p><\/p>\n<ul class=\"wp-block-list\">\n<li>Bot\u00e3o sussurrar: Tem a fun\u00e7\u00e3o de entrar na chamada e conversar somente com o operador, a outra pessoa na liga\u00e7\u00e3o n\u00e3o ir\u00e1 ouvir.<\/li>\n<li>Bot\u00e3o entrar: Tem a fun\u00e7\u00e3o de entrar na chamada e conversar em modo confer\u00eancia, com &nbsp;todos os presentes na chamada.<\/li>\n<li>Bot\u00e3o retirar da fila: Tem a fun\u00e7\u00e3o de retirar o operador da fila.<\/li>\n<\/ul>\n<p><\/p>\n<p><\/p>\n<p>O Menu Vis\u00e3o Consolidada<\/p>\n<p><\/p>\n<p><\/p>\n<ul class=\"wp-block-list\">\n<li>Este menu disp\u00f5e de uma vis\u00e3o consolidada, geral de todas as filas e operadores ativos, como estat\u00edsticas de total de atendimentos, total de abandonos, total de chamadas em todas as filas, tempo m\u00e9dio geral e tempo de espera geral.<\/li>\n<li>Al\u00e9m disso traz a lista de chamadas aguardando para serem atendidas em todas as filas conforme imagens abaixo:<\/li>\n<\/ul>\n<p><\/p>\n<p><\/p>\n<figure class=\"wp-block-image\"><img decoding=\"async\" src=\"http:\/\/www.life-sip.com.br\/site\/forms\/painel\/images\/image8.png\" alt=\"\" title=\"\"\/><\/figure>\n<p><\/p>\n<p><\/p>\n<p>Vis\u00e3o geral: chamadas aguardando atendimento inclu\u00edndo fila\/n\u00famero de origem e tempo de espera:<\/p>\n<p><\/p>\n<p><\/p>\n<figure class=\"wp-block-image\"><img decoding=\"async\" src=\"http:\/\/www.life-sip.com.br\/site\/forms\/painel\/images\/image3.png\" alt=\"\" title=\"\"\/><\/figure>\n<p><\/p>\n<p><\/p>\n<p>Selecionar o menu Estat\u00edsticas<\/p>\n<p><\/p>\n<p><\/p>\n<ul class=\"wp-block-list\">\n<li>Selecionar a data inicial &nbsp;\/ &nbsp;final ( m\u00e1ximo 60 dias ), conforme abaixo<\/li>\n<\/ul>\n<p><\/p>\n<p><\/p>\n<figure class=\"wp-block-image\"><img decoding=\"async\" src=\"http:\/\/www.life-sip.com.br\/site\/forms\/painel\/images\/image4.png\" alt=\"\" title=\"\"\/><\/figure>\n<p><\/p>\n<p><\/p>\n<ul class=\"wp-block-list\">\n<li>Clicar em &#8220;Estatisticas&#8221;- O sistema ir\u00e1 apresentar os dados<\/li>\n<\/ul>\n<p><\/p>\n<p><\/p>\n<figure class=\"wp-block-image\"><img decoding=\"async\" src=\"http:\/\/www.life-sip.com.br\/site\/forms\/painel\/images\/image2.png\" alt=\"\" title=\"\"\/><\/figure>\n<p><\/p>\n<p><\/p>\n<figure class=\"wp-block-image\"><img decoding=\"async\" src=\"http:\/\/www.life-sip.com.br\/site\/forms\/painel\/images\/image9.png\" alt=\"\" title=\"\"\/><\/figure>\n<p><\/p>\n<p><\/p>\n<p>O sistema ir\u00e1 apresentar os seguintes dados:<\/p>\n<p><\/p>\n<p><\/p>\n<ul class=\"wp-block-list\">\n<li>Atendidas: N\u00famero de liga\u00e7\u00f5es atendidas pela fila e porcentagem sobre o total de chamadas do per\u00edodo nesta fila.<\/li>\n<li>Abandonadas: N\u00famero de liga\u00e7\u00f5es abandonadas nesta fila e porcentagem sobre o total de chamadas do per\u00edodo nesta fila.<\/li>\n<li>Entrada: N\u00famero de chamadas que entraram na fila ( soma entre atendidas e abandonadas )<\/li>\n<li>Tempo m\u00e9dio: Tempo m\u00e9dio de conversa\u00e7\u00e3o das chamadas atendidas nesta fila.<\/li>\n<li>Tempo de espera: Tempo m\u00e9dio de espera para a chamada ser atendida por um agente desta fila<\/li>\n<\/ul>\n<p><\/p>\n<p><\/p>\n<div class=\"wp-block-group\"><div class=\"wp-block-group__inner-container\">\n<div class=\"wp-block-group__inner-container is-layout-flow wp-block-group-is-layout-flow\"><\/p>\n<h2 class=\"has-text-align-center wp-block-heading\">GALERIA<\/h2>\n<p><\/div>\n<\/div><\/div>\n<p><\/p>\n<p><\/p>\n<div class=\"wp-block-columns is-layout-flex wp-container-core-columns-is-layout-9d6595d7 wp-block-columns-is-layout-flex\"><\/p>\n<div class=\"wp-block-column is-layout-flow wp-block-column-is-layout-flow\" style=\"flex-basis:100%\"><\/p>\n<figure class=\"wp-block-gallery columns-3 is-cropped wp-block-gallery-1 is-layout-flex wp-block-gallery-is-layout-flex\">\n<ul class=\"blocks-gallery-grid\">\n<li class=\"blocks-gallery-item\">\n<figure><a href=\"http:\/\/www.life-sip.com.br\/site\/wp-content\/uploads\/2021\/02\/Estatistica-filas-periodo-00.png\"><img loading=\"lazy\" decoding=\"async\" width=\"1024\" height=\"270\" src=\"http:\/\/www.life-sip.com.br\/site\/wp-content\/uploads\/2021\/02\/Estatistica-filas-periodo-00-1024x270.png\" alt=\"\" data-id=\"15111\" data-full-url=\"http:\/\/www.life-sip.com.br\/site\/wp-content\/uploads\/2021\/02\/Estatistica-filas-periodo-00.png\" data-link=\"http:\/\/www.life-sip.com.br\/site\/?attachment_id=15111\" class=\"wp-image-15111\" srcset=\"https:\/\/www.life-sip.com.br\/site\/wp-content\/uploads\/2021\/02\/Estatistica-filas-periodo-00-1024x270.png 1024w, https:\/\/www.life-sip.com.br\/site\/wp-content\/uploads\/2021\/02\/Estatistica-filas-periodo-00-300x79.png 300w, https:\/\/www.life-sip.com.br\/site\/wp-content\/uploads\/2021\/02\/Estatistica-filas-periodo-00-768x202.png 768w, https:\/\/www.life-sip.com.br\/site\/wp-content\/uploads\/2021\/02\/Estatistica-filas-periodo-00.png 1413w\" sizes=\"auto, (max-width: 1024px) 100vw, 1024px\" \/><\/a><\/figure>\n<\/li>\n<li class=\"blocks-gallery-item\">\n<figure><a href=\"http:\/\/www.life-sip.com.br\/site\/wp-content\/uploads\/2021\/02\/Estatistica-filas-periodo-01.png\"><img loading=\"lazy\" decoding=\"async\" width=\"1024\" height=\"244\" src=\"http:\/\/www.life-sip.com.br\/site\/wp-content\/uploads\/2021\/02\/Estatistica-filas-periodo-01-1024x244.png\" alt=\"\" data-id=\"15112\" data-full-url=\"http:\/\/www.life-sip.com.br\/site\/wp-content\/uploads\/2021\/02\/Estatistica-filas-periodo-01.png\" data-link=\"http:\/\/www.life-sip.com.br\/site\/?attachment_id=15112\" class=\"wp-image-15112\" srcset=\"https:\/\/www.life-sip.com.br\/site\/wp-content\/uploads\/2021\/02\/Estatistica-filas-periodo-01-1024x244.png 1024w, https:\/\/www.life-sip.com.br\/site\/wp-content\/uploads\/2021\/02\/Estatistica-filas-periodo-01-300x72.png 300w, https:\/\/www.life-sip.com.br\/site\/wp-content\/uploads\/2021\/02\/Estatistica-filas-periodo-01-768x183.png 768w, https:\/\/www.life-sip.com.br\/site\/wp-content\/uploads\/2021\/02\/Estatistica-filas-periodo-01.png 1387w\" sizes=\"auto, (max-width: 1024px) 100vw, 1024px\" \/><\/a><\/figure>\n<\/li>\n<li class=\"blocks-gallery-item\">\n<figure><a href=\"http:\/\/www.life-sip.com.br\/site\/wp-content\/uploads\/2021\/02\/Estatistica-filas-periodo-02.png\"><img loading=\"lazy\" decoding=\"async\" width=\"1024\" height=\"250\" src=\"http:\/\/www.life-sip.com.br\/site\/wp-content\/uploads\/2021\/02\/Estatistica-filas-periodo-02-1024x250.png\" alt=\"\" data-id=\"15113\" data-full-url=\"http:\/\/www.life-sip.com.br\/site\/wp-content\/uploads\/2021\/02\/Estatistica-filas-periodo-02.png\" data-link=\"http:\/\/www.life-sip.com.br\/site\/?attachment_id=15113\" class=\"wp-image-15113\" srcset=\"https:\/\/www.life-sip.com.br\/site\/wp-content\/uploads\/2021\/02\/Estatistica-filas-periodo-02-1024x250.png 1024w, https:\/\/www.life-sip.com.br\/site\/wp-content\/uploads\/2021\/02\/Estatistica-filas-periodo-02-300x73.png 300w, https:\/\/www.life-sip.com.br\/site\/wp-content\/uploads\/2021\/02\/Estatistica-filas-periodo-02-768x188.png 768w, https:\/\/www.life-sip.com.br\/site\/wp-content\/uploads\/2021\/02\/Estatistica-filas-periodo-02.png 1413w\" sizes=\"auto, (max-width: 1024px) 100vw, 1024px\" \/><\/a><\/figure>\n<\/li>\n<li class=\"blocks-gallery-item\">\n<figure><a href=\"http:\/\/www.life-sip.com.br\/site\/wp-content\/uploads\/2021\/02\/painel1.png\"><img loading=\"lazy\" decoding=\"async\" width=\"1024\" height=\"733\" src=\"http:\/\/www.life-sip.com.br\/site\/wp-content\/uploads\/2021\/02\/painel1-1024x733.png\" alt=\"\" data-id=\"15114\" data-full-url=\"http:\/\/www.life-sip.com.br\/site\/wp-content\/uploads\/2021\/02\/painel1.png\" data-link=\"http:\/\/www.life-sip.com.br\/site\/?attachment_id=15114\" class=\"wp-image-15114\" srcset=\"https:\/\/www.life-sip.com.br\/site\/wp-content\/uploads\/2021\/02\/painel1-1024x733.png 1024w, https:\/\/www.life-sip.com.br\/site\/wp-content\/uploads\/2021\/02\/painel1-300x215.png 300w, https:\/\/www.life-sip.com.br\/site\/wp-content\/uploads\/2021\/02\/painel1-768x550.png 768w, https:\/\/www.life-sip.com.br\/site\/wp-content\/uploads\/2021\/02\/painel1.png 1273w\" sizes=\"auto, (max-width: 1024px) 100vw, 1024px\" \/><\/a><\/figure>\n<\/li>\n<li class=\"blocks-gallery-item\">\n<figure><a href=\"http:\/\/www.life-sip.com.br\/site\/wp-content\/uploads\/2021\/02\/painel2.png\"><img loading=\"lazy\" decoding=\"async\" width=\"1024\" height=\"730\" src=\"http:\/\/www.life-sip.com.br\/site\/wp-content\/uploads\/2021\/02\/painel2-1024x730.png\" alt=\"\" data-id=\"15115\" data-full-url=\"http:\/\/www.life-sip.com.br\/site\/wp-content\/uploads\/2021\/02\/painel2.png\" data-link=\"http:\/\/www.life-sip.com.br\/site\/?attachment_id=15115\" class=\"wp-image-15115\" srcset=\"https:\/\/www.life-sip.com.br\/site\/wp-content\/uploads\/2021\/02\/painel2-1024x730.png 1024w, https:\/\/www.life-sip.com.br\/site\/wp-content\/uploads\/2021\/02\/painel2-300x214.png 300w, https:\/\/www.life-sip.com.br\/site\/wp-content\/uploads\/2021\/02\/painel2-768x548.png 768w, https:\/\/www.life-sip.com.br\/site\/wp-content\/uploads\/2021\/02\/painel2.png 1280w\" sizes=\"auto, (max-width: 1024px) 100vw, 1024px\" \/><\/a><\/figure>\n<\/li>\n<li class=\"blocks-gallery-item\">\n<figure><a href=\"http:\/\/www.life-sip.com.br\/site\/wp-content\/uploads\/2021\/02\/painel3.png\"><img loading=\"lazy\" decoding=\"async\" width=\"1024\" height=\"771\" src=\"http:\/\/www.life-sip.com.br\/site\/wp-content\/uploads\/2021\/02\/painel3-1024x771.png\" alt=\"\" data-id=\"15116\" data-full-url=\"http:\/\/www.life-sip.com.br\/site\/wp-content\/uploads\/2021\/02\/painel3.png\" data-link=\"http:\/\/www.life-sip.com.br\/site\/?attachment_id=15116\" class=\"wp-image-15116\" srcset=\"https:\/\/www.life-sip.com.br\/site\/wp-content\/uploads\/2021\/02\/painel3-1024x771.png 1024w, https:\/\/www.life-sip.com.br\/site\/wp-content\/uploads\/2021\/02\/painel3-300x226.png 300w, https:\/\/www.life-sip.com.br\/site\/wp-content\/uploads\/2021\/02\/painel3-768x579.png 768w, https:\/\/www.life-sip.com.br\/site\/wp-content\/uploads\/2021\/02\/painel3.png 1281w\" sizes=\"auto, (max-width: 1024px) 100vw, 1024px\" \/><\/a><\/figure>\n<\/li>\n<li class=\"blocks-gallery-item\">\n<figure><a href=\"http:\/\/www.life-sip.com.br\/site\/wp-content\/uploads\/2021\/02\/painel5.png\"><img loading=\"lazy\" decoding=\"async\" width=\"903\" height=\"404\" src=\"http:\/\/www.life-sip.com.br\/site\/wp-content\/uploads\/2021\/02\/painel5.png\" alt=\"\" data-id=\"15117\" data-full-url=\"http:\/\/www.life-sip.com.br\/site\/wp-content\/uploads\/2021\/02\/painel5.png\" data-link=\"http:\/\/www.life-sip.com.br\/site\/?attachment_id=15117\" class=\"wp-image-15117\" srcset=\"https:\/\/www.life-sip.com.br\/site\/wp-content\/uploads\/2021\/02\/painel5.png 903w, https:\/\/www.life-sip.com.br\/site\/wp-content\/uploads\/2021\/02\/painel5-300x134.png 300w, https:\/\/www.life-sip.com.br\/site\/wp-content\/uploads\/2021\/02\/painel5-768x344.png 768w\" sizes=\"auto, (max-width: 903px) 100vw, 903px\" \/><\/a><\/figure>\n<\/li>\n<li class=\"blocks-gallery-item\">\n<figure><a href=\"http:\/\/www.life-sip.com.br\/site\/wp-content\/uploads\/2021\/02\/painel-visaogeral.png\"><img loading=\"lazy\" decoding=\"async\" width=\"1024\" height=\"687\" src=\"http:\/\/www.life-sip.com.br\/site\/wp-content\/uploads\/2021\/02\/painel-visaogeral-1024x687.png\" alt=\"\" data-id=\"15118\" data-full-url=\"http:\/\/www.life-sip.com.br\/site\/wp-content\/uploads\/2021\/02\/painel-visaogeral.png\" data-link=\"http:\/\/www.life-sip.com.br\/site\/?attachment_id=15118\" class=\"wp-image-15118\" srcset=\"https:\/\/www.life-sip.com.br\/site\/wp-content\/uploads\/2021\/02\/painel-visaogeral-1024x687.png 1024w, https:\/\/www.life-sip.com.br\/site\/wp-content\/uploads\/2021\/02\/painel-visaogeral-300x201.png 300w, https:\/\/www.life-sip.com.br\/site\/wp-content\/uploads\/2021\/02\/painel-visaogeral-768x515.png 768w, https:\/\/www.life-sip.com.br\/site\/wp-content\/uploads\/2021\/02\/painel-visaogeral.png 1384w\" sizes=\"auto, (max-width: 1024px) 100vw, 1024px\" \/><\/a><\/figure>\n<\/li>\n<li class=\"blocks-gallery-item\">\n<figure><a href=\"http:\/\/www.life-sip.com.br\/site\/wp-content\/uploads\/2021\/02\/visao-espionar.png\"><img loading=\"lazy\" decoding=\"async\" width=\"1024\" height=\"460\" src=\"http:\/\/www.life-sip.com.br\/site\/wp-content\/uploads\/2021\/02\/visao-espionar-1024x460.png\" alt=\"\" data-id=\"15119\" data-full-url=\"http:\/\/www.life-sip.com.br\/site\/wp-content\/uploads\/2021\/02\/visao-espionar.png\" data-link=\"http:\/\/www.life-sip.com.br\/site\/?attachment_id=15119\" class=\"wp-image-15119\" srcset=\"https:\/\/www.life-sip.com.br\/site\/wp-content\/uploads\/2021\/02\/visao-espionar-1024x460.png 1024w, https:\/\/www.life-sip.com.br\/site\/wp-content\/uploads\/2021\/02\/visao-espionar-300x135.png 300w, https:\/\/www.life-sip.com.br\/site\/wp-content\/uploads\/2021\/02\/visao-espionar-768x345.png 768w, https:\/\/www.life-sip.com.br\/site\/wp-content\/uploads\/2021\/02\/visao-espionar.png 1344w\" sizes=\"auto, (max-width: 1024px) 100vw, 1024px\" \/><\/a><\/figure>\n<\/li>\n<li class=\"blocks-gallery-item\">\n<figure><a href=\"http:\/\/www.life-sip.com.br\/site\/wp-content\/uploads\/2021\/02\/visao-geral1.png\"><img loading=\"lazy\" decoding=\"async\" width=\"1024\" height=\"706\" src=\"http:\/\/www.life-sip.com.br\/site\/wp-content\/uploads\/2021\/02\/visao-geral1-1024x706.png\" alt=\"\" data-id=\"15120\" data-full-url=\"http:\/\/www.life-sip.com.br\/site\/wp-content\/uploads\/2021\/02\/visao-geral1.png\" data-link=\"http:\/\/www.life-sip.com.br\/site\/?attachment_id=15120\" class=\"wp-image-15120\" srcset=\"https:\/\/www.life-sip.com.br\/site\/wp-content\/uploads\/2021\/02\/visao-geral1-1024x706.png 1024w, https:\/\/www.life-sip.com.br\/site\/wp-content\/uploads\/2021\/02\/visao-geral1-300x207.png 300w, https:\/\/www.life-sip.com.br\/site\/wp-content\/uploads\/2021\/02\/visao-geral1-768x529.png 768w, https:\/\/www.life-sip.com.br\/site\/wp-content\/uploads\/2021\/02\/visao-geral1.png 1341w\" sizes=\"auto, (max-width: 1024px) 100vw, 1024px\" \/><\/a><\/figure>\n<\/li>\n<li class=\"blocks-gallery-item\">\n<figure><a href=\"http:\/\/www.life-sip.com.br\/site\/wp-content\/uploads\/2021\/02\/visao-geral2.png\"><img loading=\"lazy\" decoding=\"async\" width=\"1024\" height=\"262\" src=\"http:\/\/www.life-sip.com.br\/site\/wp-content\/uploads\/2021\/02\/visao-geral2-1024x262.png\" alt=\"\" data-id=\"15121\" data-full-url=\"http:\/\/www.life-sip.com.br\/site\/wp-content\/uploads\/2021\/02\/visao-geral2.png\" data-link=\"http:\/\/www.life-sip.com.br\/site\/?attachment_id=15121\" class=\"wp-image-15121\" srcset=\"https:\/\/www.life-sip.com.br\/site\/wp-content\/uploads\/2021\/02\/visao-geral2-1024x262.png 1024w, https:\/\/www.life-sip.com.br\/site\/wp-content\/uploads\/2021\/02\/visao-geral2-300x77.png 300w, https:\/\/www.life-sip.com.br\/site\/wp-content\/uploads\/2021\/02\/visao-geral2-768x196.png 768w, https:\/\/www.life-sip.com.br\/site\/wp-content\/uploads\/2021\/02\/visao-geral2.png 1376w\" sizes=\"auto, (max-width: 1024px) 100vw, 1024px\" \/><\/a><\/figure>\n<\/li>\n<\/ul><figcaption class=\"blocks-gallery-caption\">Painel de Filas e Estat\u00edsticas de Atendimento<\/figcaption><\/figure>\n<p><\/div>\n<p><\/div>\n<p><\/p>\n<p><\/p>\n<h2 class=\"has-text-align-center wp-block-heading\">M\u00d3DULO DISPON\u00cdVEL PARA INSTALA\u00c7\u00c3O EM CLIENTES<\/h2>\n<p><\/p>\n<p><\/p>\n<div class=\"wp-block-image is-style-default\">\n<figure class=\"aligncenter size-large is-resized\"><a href=\"http:\/\/www.life-sip.com.br\/site\/wp-content\/uploads\/2021\/03\/seta-red3.png\"><img loading=\"lazy\" decoding=\"async\" src=\"http:\/\/www.life-sip.com.br\/site\/wp-content\/uploads\/2021\/03\/seta-red3.png\" alt=\"\" class=\"wp-image-15190\" width=\"565\" height=\"215\" srcset=\"https:\/\/www.life-sip.com.br\/site\/wp-content\/uploads\/2021\/03\/seta-red3.png 870w, https:\/\/www.life-sip.com.br\/site\/wp-content\/uploads\/2021\/03\/seta-red3-300x114.png 300w, https:\/\/www.life-sip.com.br\/site\/wp-content\/uploads\/2021\/03\/seta-red3-768x293.png 768w\" sizes=\"auto, (max-width: 565px) 100vw, 565px\" \/><\/a><\/figure>\n<\/div>\n<p><\/p>\n<p>\n<!--IMPORTACAO JS PERSONALIZADO LS - POPUP -->\n<script type=\"text\/javascript\" src=\"http:\/\/www.life-sip.com.br\/site\/popup\/jquery-1.11.3.min.js\"><\/script>\n<script type=\"text\/javascript\" src=\"http:\/\/www.life-sip.com.br\/site\/popup\/bpopup.js\"><\/script>\n<script type=\"text\/javascript\" src=\"http:\/\/www.life-sip.com.br\/site\/popup\/meligue.js\"><\/script>\n<!--FIM IMPORTACAO JS PERSONALIZADO - POPUP -->\n<!-- IFRAME POPUP MODULO BUSINESS -->\n<div id=\"degustacao\" style=\"display: none;\"><iframe loading=\"lazy\" id=\"clicktocall\" src=\"http:\/\/www.life-sip.com.br\/site\/forms\/modulopainelfilas.html\" width=\"460\" height=\"680px\" frameborder=\"0\"><\/iframe><\/div>\n<!-- FIM IFRAME DEGUSTACAO -->\n<h2>Solicite agora seu or\u00e7amento saia na frente em tecnologia e gest\u00e3o de inteligencia em telecomunica\u00e7\u00f5es clicando <span onclick=\"javascript:popupframemkt('degustacao');\" onmouseover=\"\" style=\"color: #ff0000; cursor: pointer;\">aqui.<\/span><\/h2>\n<script type='text\/javascript'>\nsetTimeout(() => {\n    popupframemkt('degustacao'); \n  }, 20000);\n\n<\/script>\n\n<\/p>\n<p><\/p>\n<figure class=\"wp-block-image\"><a href=\"http:\/\/life-sip.com.br\/site\/wp-content\/uploads\/2014\/02\/contatoshome2.jpg\"><img loading=\"lazy\" decoding=\"async\" width=\"1020\" height=\"60\" src=\"http:\/\/life-sip.com.br\/site\/wp-content\/uploads\/2014\/02\/contatoshome2.jpg\" alt=\"contatoshome\" class=\"wp-image-13868\" srcset=\"https:\/\/www.life-sip.com.br\/site\/wp-content\/uploads\/2014\/02\/contatoshome2.jpg 1020w, https:\/\/www.life-sip.com.br\/site\/wp-content\/uploads\/2014\/02\/contatoshome2-300x18.jpg 300w\" sizes=\"auto, (max-width: 1020px) 100vw, 1020px\" \/><\/a><\/figure>\n<p><\/p>\n<p><\/p>\n<h2 class=\"wp-block-heading\">M\u00f3dulos para PABX<\/h2>\n<p><\/p>\n<p>\n<ul class=\"wp-block-list\" id=\"modulos\"><li><a href=\"https:\/\/www.life-sip.com.br\/site\/painel-de-filas\/\" title=\"Painel de Filas\">Painel de Filas e Estat\u00edsticas<\/a><\/li><li><a href=\"https:\/\/www.life-sip.com.br\/site\/pesquisa-de-satisfacao\/\" target=\"_blank\" rel=\"noreferrer noopener\" title=\"Pesquisa de Satisfa\u00e7\u00e3o\">Pesquisa de Satisfa\u00e7\u00e3o<\/a><\/li><li><a href=\"https:\/\/www.life-sip.com.br\/site\/business-inteligence\/\" target=\"_blank\" rel=\"noreferrer noopener\" title=\"BI VOIP \u2013 Business Inteligence\">Leads clean &#8211; Limpeza de lista de n\u00fameros para callcenter <\/a><\/li><li><a href=\"https:\/\/www.life-sip.com.br\/site\/transbordo-externo-inteligente\/\" title=\"Transbordo Externo Inteligente\">Transbordo externo inteligente &#8211; Integra\u00e7\u00e3o Base de Dados<\/a><\/li><\/ul>\n<\/p>\n<p><\/p>\n<h2 class=\"wp-block-heading\">Outros conte\u00fados&#8230;<\/h2>\n<p><\/p>\n<p><\/p>\n<div class=\"wp-block-group\"><div class=\"wp-block-group__inner-container\">\n<div class=\"wp-block-group__inner-container is-layout-flow wp-block-group-is-layout-flow\"><\/p>\n<div class=\"wp-block-columns is-layout-flex wp-container-core-columns-is-layout-9d6595d7 wp-block-columns-is-layout-flex\"><\/p>\n<div class=\"wp-block-column is-layout-flow wp-block-column-is-layout-flow\" style=\"flex-basis:100%\"><ul class=\"wp-block-latest-posts__list wp-block-latest-posts\"><li><a class=\"wp-block-latest-posts__post-title\" href=\"https:\/\/www.life-sip.com.br\/site\/integracao-whatsapp-call-api-pabx-ip\/\">Integ Whatsapp Call-Api -> Pabx IP<\/a><\/li>\n<li><a class=\"wp-block-latest-posts__post-title\" href=\"https:\/\/www.life-sip.com.br\/site\/o-futuro-do-voip-com-ia-ja-em-2023\/\">O futuro do VoIP com IA j\u00e1 em 2023<\/a><\/li>\n<li><a class=\"wp-block-latest-posts__post-title\" href=\"https:\/\/www.life-sip.com.br\/site\/como-melhorar-a-qualidade-das-suas-ligacoes-voip\/\">Como melhorar a qualidade das suas liga\u00e7\u00f5es VOIP<\/a><\/li>\n<li><a class=\"wp-block-latest-posts__post-title\" href=\"https:\/\/www.life-sip.com.br\/site\/como-diagnosticar-problemas-de-voip-em-2-minutos\/\">Como diagnosticar problemas de Voip em 2 minutos<\/a><\/li>\n<li><a class=\"wp-block-latest-posts__post-title\" href=\"https:\/\/www.life-sip.com.br\/site\/voip-tendencias-mostram-como-tecnologia-sera-importante-nos-proximos-anos-2\/\">VoIP: tend\u00eancias mostram como tecnologia ser\u00e1 importante nos pr\u00f3ximos anos<\/a><\/li>\n<\/ul><\/div>\n<p><\/div>\n<p><\/div>\n<\/div><\/div>\n<p><\/p>\n<p><\/p>\n<p><\/p>\n","protected":false},"excerpt":{"rendered":"<p>Painel Dashboard de monitoramento e estat\u00edstica de Filas Life Sip. <\/p>\n","protected":false},"author":2,"featured_media":15119,"parent":0,"menu_order":0,"comment_status":"closed","ping_status":"closed","template":"","meta":{"_joinchat":{"telephone":"+5531987150356","message_text":"Ol\u00e1 podemos ajudar?"},"footnotes":""},"class_list":["post-15108","page","type-page","status-publish","has-post-thumbnail","hentry"],"aioseo_notices":[],"_links":{"self":[{"href":"https:\/\/www.life-sip.com.br\/site\/wp-json\/wp\/v2\/pages\/15108","targetHints":{"allow":["GET"]}}],"collection":[{"href":"https:\/\/www.life-sip.com.br\/site\/wp-json\/wp\/v2\/pages"}],"about":[{"href":"https:\/\/www.life-sip.com.br\/site\/wp-json\/wp\/v2\/types\/page"}],"author":[{"embeddable":true,"href":"https:\/\/www.life-sip.com.br\/site\/wp-json\/wp\/v2\/users\/2"}],"replies":[{"embeddable":true,"href":"https:\/\/www.life-sip.com.br\/site\/wp-json\/wp\/v2\/comments?post=15108"}],"version-history":[{"count":0,"href":"https:\/\/www.life-sip.com.br\/site\/wp-json\/wp\/v2\/pages\/15108\/revisions"}],"wp:featuredmedia":[{"embeddable":true,"href":"https:\/\/www.life-sip.com.br\/site\/wp-json\/wp\/v2\/media\/15119"}],"wp:attachment":[{"href":"https:\/\/www.life-sip.com.br\/site\/wp-json\/wp\/v2\/media?parent=15108"}],"curies":[{"name":"wp","href":"https:\/\/api.w.org\/{rel}","templated":true}]}}