{"id":14783,"date":"2016-08-09T16:26:08","date_gmt":"2016-08-09T19:26:08","guid":{"rendered":"http:\/\/www.life-sip.com.br\/site\/?page_id=14783"},"modified":"2017-09-13T11:10:52","modified_gmt":"2017-09-13T14:10:52","slug":"rede","status":"publish","type":"page","link":"https:\/\/www.life-sip.com.br\/site\/rede\/","title":{"rendered":"Administra\u00e7\u00e3o Total de Rede"},"content":{"rendered":"[vc_row][vc_column][vc_column_text]\n<h2>Vis\u00e3o Geral<\/h2>\n<p>Administra\u00e7\u00e3o total de rede corporativa, garantia de estabilidade, seguran\u00e7a e desempenho.<\/p>\n<h2>Como funciona e vantagens:<\/h2>\n<ul>\n<li>Active Directory &#8211; Dom\u00ednio windows completo para gest\u00e3o de rede local, compartilhamento de arquivos e permiss\u00f5es de usu\u00e1rios\/grupos.<\/li>\n<li>Proxy &#8211; Gest\u00e3o completa de permiss\u00f5es de acessos a ativos da internet como p\u00e1ginas, programas, protocolos e sistemas. (Permiss\u00f5es por setor\/login AD\/ip)<\/li>\n<li>Bloqueio de redes sociais, youtube, porn e outras categorias de sites de forma pratica e instant\u00e2nea.<\/li>\n<li>Firewall &#8211; Prote\u00e7\u00e3o e total controle de acesso de entrada\/sa\u00edda dos seus dados, ideal para servi\u00e7os cr\u00edticos e sens\u00edveis.<\/li>\n<li>Vpn Servidor\/Cliente- Configura\u00e7\u00e3o de m\u00faltiplas conex\u00f5es vpn seguras utilizando o protocolo IPSec.<\/li>\n<li>Webmail &#8211; Webmail completo para hospedagem do seu dom\u00ednio mx.<\/li>\n<li>Rede &#8211; Servidor dns, ntp, dhcp integrados para gest\u00e3o de seus colaboradores.<\/li>\n<li>E muito mais,<br \/>\n<strong>Garantia de seguran\u00e7a,estabilidade e alto desempenho em sua rede.<\/strong><\/li>\n<\/ul>\n[\/vc_column_text][vc_separator type=&#8221;transparent&#8221; position=&#8221;center&#8221;][vc_gallery type=&#8221;image_grid&#8221; interval=&#8221;3&#8243; images=&#8221;14774,14775,14780,14779,14778,14777,14776,14784&#8243; onclick=&#8221;link_image&#8221; custom_links_target=&#8221;_self&#8221; column_number=&#8221;5&#8243; title=&#8221;Screenshot&#8221;][vc_separator type=&#8221;transparent&#8221; position=&#8221;center&#8221;][vc_raw_html]\n<p>JTNDJTIxLS0lMjBJRlJBTUUlMjBQT1BVUCUyME1FJTIwTElHVUUlMjAtLSUzRSUwQSUzQ2RpdiUyMGlkJTNEJTIyZGVndXN0YWNhbyUyMiUyMHN0eWxlJTNEJTIyZGlzcGxheSUzQSUyMG5vbmUlM0IlMjIlM0UlM0NpZnJhbWUlMjBpZCUzRCUyMmNsaWNrdG9jYWxsJTIyJTIwc3JjJTNEJTIyaHR0cCUzQSUyRiUyRnd3dy5saWZlLXNpcC5jb20uYnIlMkZzaXRlJTJGZm9ybXMlMkZkZWd1c3RhY2FvZ3JhdGlzLmh0bWwlMjIlMjB3aWR0aCUzRCUyMjQ2MCUyMiUyMGhlaWdodCUzRCUyMjY4MHB4JTIyJTIwZnJhbWVib3JkZXIlM0QlMjIwJTIyJTNFJTNDJTJGaWZyYW1lJTNFJTNDJTJGZGl2JTNFJTBBJTNDJTIxLS0lMjBGSU0lMjBJRlJBTUUlMjBNRSUyMExJR1VFJTIwLS0lM0UlMEElM0NoMyUzRS0lMjBTb2xpY2l0ZSUyMGFnb3JhJTIwc3VhJTIwZGVndXN0YSVDMyVBNyVDMyVBM28lMjBlJTIwZ2FyYW50YSUyMGElMjBtZWxob3IlMjBxdWFsaWRhZGUlMjBlbSUyMHRlbGVjb211bmljYSVDMyVBNyVDMyVCNWVzJTIwY2xpY2FuZG8lMjAlM0NzcGFuJTIwb25jbGljayUzRCUyMmphdmFzY3JpcHQlM0Fwb3B1cGZyYW1lbWt0JTI4JTI3ZGVndXN0YWNhbyUyNyUyOSUzQiUyMiUyMG9ubW91c2VvdmVyJTNEJTIyJTIyJTIwc3R5bGUlM0QlMjJjb2xvciUzQSUyMCUyM2ZmMDAwMCUzQiUyMGN1cnNvciUzQSUyMHBvaW50ZXIlM0IlMjIlM0VhcXVpLiUzQyUyRnNwYW4lM0UlM0MlMkZoMyUzRQ==<\/p>\n[\/vc_raw_html]<div class='q_message  with_icon' style='border-color: #000000;'><div class='q_message_inner'><div class=\"q_message_icon_holder\"><div class=\"q_message_icon\"><div class=\"q_message_icon_inner\"><img decoding=\"async\" src=\"https:\/\/www.life-sip.com.br\/site\/wp-content\/uploads\/2015\/08\/icon-contato-vermelho.png\" alt=\"\"><\/div><\/div><\/div><a href='#' class='close'><i class='fa fa-times dark'><\/i><\/a><div class='message_text_holder'><div class='message_text'><div class='message_text_inner'>\n<p>Para solicitar seu or\u00e7amento agora acesse &#8211; <a href=\"http:\/\/www.life-sip.com.br\/site\/fale-conosco\/\">fale conosco<\/a>\u00a0ou entre em contato em\u00a0nossos telefones de atendimento.<\/p>\n<\/div><\/div><\/div><\/div><\/div>[vc_separator type=&#8221;transparent&#8221; position=&#8221;center&#8221;][vc_raw_js]\n<p>JTNDc2NyaXB0JTIwdHlwZSUzRCUyN3RleHQlMkZqYXZhc2NyaXB0JTI3JTNFJTIwJTBBJTIwJTIwJTI4ZnVuY3Rpb24lMjhpJTJDcyUyQ28lMkNnJTJDciUyQ2ElMkNtJTI5JTdCaSU1QiUyN0dvb2dsZUFuYWx5dGljc09iamVjdCUyNyU1RCUzRHIlM0JpJTVCciU1RCUzRGklNUJyJTVEJTdDJTdDZnVuY3Rpb24lMjglMjklN0IlMEElMjAlMjAlMjhpJTVCciU1RC5xJTNEaSU1QnIlNUQucSU3QyU3QyU1QiU1RCUyOS5wdXNoJTI4YXJndW1lbnRzJTI5JTdEJTJDaSU1QnIlNUQubCUzRDElMkFuZXclMjBEYXRlJTI4JTI5JTNCYSUzRHMuY3JlYXRlRWxlbWVudCUyOG8lMjklMkMlMEElMjAlMjBtJTNEcy5nZXRFbGVtZW50c0J5VGFnTmFtZSUyOG8lMjklNUIwJTVEJTNCYS5hc3luYyUzRDElM0JhLnNyYyUzRGclM0JtLnBhcmVudE5vZGUuaW5zZXJ0QmVmb3JlJTI4YSUyQ20lMjklMEElMjAlMjAlN0QlMjklMjh3aW5kb3clMkNkb2N1bWVudCUyQyUyN3NjcmlwdCUyNyUyQyUyNyUyRiUyRnd3dy5nb29nbGUtYW5hbHl0aWNzLmNvbSUyRmFuYWx5dGljcy5qcyUyNyUyQyUyN2dhJTI3JTI5JTNCJTBBJTBBJTIwJTIwZ2ElMjglMjdjcmVhdGUlMjclMkMlMjAlMjdVQS02MjE3NjQzOC0xJTI3JTJDJTIwJTI3YXV0byUyNyUyOSUzQiUwQSUyMCUyMGdhJTI4JTI3c2VuZCUyNyUyQyUyMCUyN3BhZ2V2aWV3JTI3JTI5JTNCJTBBJTBBJTNDJTJGc2NyaXB0JTNF<\/p>\n[\/vc_raw_js][\/vc_column][\/vc_row]\n","protected":false},"excerpt":{"rendered":"<p>[vc_row][vc_column][vc_column_text] Vis\u00e3o Geral Administra\u00e7\u00e3o total de rede corporativa, garantia de estabilidade, seguran\u00e7a e desempenho. Como funciona e vantagens: Active Directory &#8211; Dom\u00ednio windows completo para gest\u00e3o de rede local, compartilhamento de arquivos e permiss\u00f5es de usu\u00e1rios\/grupos. Proxy &#8211; Gest\u00e3o completa de permiss\u00f5es de acessos a&#8230;<\/p>\n","protected":false},"author":2,"featured_media":14772,"parent":0,"menu_order":0,"comment_status":"closed","ping_status":"closed","template":"","meta":{"_joinchat":[],"footnotes":""},"class_list":["post-14783","page","type-page","status-publish","has-post-thumbnail","hentry"],"aioseo_notices":[],"_links":{"self":[{"href":"https:\/\/www.life-sip.com.br\/site\/wp-json\/wp\/v2\/pages\/14783","targetHints":{"allow":["GET"]}}],"collection":[{"href":"https:\/\/www.life-sip.com.br\/site\/wp-json\/wp\/v2\/pages"}],"about":[{"href":"https:\/\/www.life-sip.com.br\/site\/wp-json\/wp\/v2\/types\/page"}],"author":[{"embeddable":true,"href":"https:\/\/www.life-sip.com.br\/site\/wp-json\/wp\/v2\/users\/2"}],"replies":[{"embeddable":true,"href":"https:\/\/www.life-sip.com.br\/site\/wp-json\/wp\/v2\/comments?post=14783"}],"version-history":[{"count":0,"href":"https:\/\/www.life-sip.com.br\/site\/wp-json\/wp\/v2\/pages\/14783\/revisions"}],"wp:featuredmedia":[{"embeddable":true,"href":"https:\/\/www.life-sip.com.br\/site\/wp-json\/wp\/v2\/media\/14772"}],"wp:attachment":[{"href":"https:\/\/www.life-sip.com.br\/site\/wp-json\/wp\/v2\/media?parent=14783"}],"curies":[{"name":"wp","href":"https:\/\/api.w.org\/{rel}","templated":true}]}}