{"id":14643,"date":"2015-11-23T10:45:18","date_gmt":"2015-11-23T13:45:18","guid":{"rendered":"https:\/\/www.life-sip.com.br\/site\/?page_id=14643"},"modified":"2017-09-22T23:55:45","modified_gmt":"2017-09-23T02:55:45","slug":"clicktocall","status":"publish","type":"page","link":"https:\/\/www.life-sip.com.br\/site\/clicktocall\/","title":{"rendered":"Sistema de contato Online &#8211; 0800web\/click to call"},"content":{"rendered":"[vc_row][vc_column][vc_column_text]\n<h2>Vis\u00e3o Geral<\/h2>\n<p>Click to call ou 0800 web \u00e9 um sistema que integra ao website a praticidade de contato imediato com o cliente sem custo para ele, fazendo com que o interesse seja imediato e a empresa consiga elevar significativamente o retorno em contatos sobre seu marketing ativo.<\/p>\n<h2>Como funciona e caracter\u00edsticas:<\/h2>\n<ul>\n<li>O c\u00f3digo html \/ javascript a ser inserido no seu site ser\u00e1 disponibilizado pela Life-Sip.<\/li>\n<li>Seu desenvolvedor ou webmaster insere o c\u00f3digo no seu website e a partir da\u00ed as funcionalidades do sistema j\u00e1 estar\u00e3o dispon\u00edveis.<\/li>\n<li style=\"text-align: justify;\">Solu\u00e7\u00e3o pratica e de f\u00e1cil instala\u00e7\u00e3o que tem como caracter\u00edsticas:<br \/>\n&#8211; Facilidade no contato do cliente a qualquer momento.<br \/>\n&#8211; Baixo custo de implanta\u00e7\u00e3o e disponibilidade de contato em tempo integral com seu cliente.<br \/>\n&#8211; Economia em op\u00e7\u00f5es de recebimento de chamadas com alto custo, como 0800 e 4004.<br \/>\n&#8211; Atendimento direto pela fila receptiva de vendas, garantindo agilidade e alta margem de convers\u00e3o em vendas.<br \/>\n&#8211; CUSTO ZERO na LIFE-SIP<br \/>\nSolicite agora mesmo a op\u00e7\u00e3o de click to call (0800 web) para seu website na Life-Sip, dispon\u00edvel gratuitamente em todos<br \/>\nos planos.<\/li>\n<\/ul>\n[\/vc_column_text][vc_separator type=&#8221;transparent&#8221; position=&#8221;center&#8221;][vc_gallery type=&#8221;image_grid&#8221; interval=&#8221;3&#8243; images=&#8221;14644,14645,14646&#8243; onclick=&#8221;link_image&#8221; custom_links_target=&#8221;_self&#8221; column_number=&#8221;3&#8243; title=&#8221;Screenshot&#8221;][vc_separator type=&#8221;transparent&#8221; position=&#8221;center&#8221;][vc_raw_html]\n<p>diUzQyUyMS0tJTIwSUZSQU1FJTIwUE9QVVAlMjBNRSUyMExJR1VFJTIwLS0lM0UlMEElM0NkaXYlMjBpZCUzRCUyMmRlZ3VzdGFjYW8lMjIlMjBzdHlsZSUzRCUyMmRpc3BsYXklM0ElMjBub25lJTNCJTIyJTNFJTNDaWZyYW1lJTIwaWQlM0QlMjJjbGlja3RvY2FsbCUyMiUyMHNyYyUzRCUyMmh0dHAlM0ElMkYlMkZ3d3cubGlmZS1zaXAuY29tLmJyJTJGc2l0ZSUyRmZvcm1zJTJGZGVndXN0YWNhb2dyYXRpcy5odG1sJTIyJTIwd2lkdGglM0QlMjI0NjAlMjIlMjBoZWlnaHQlM0QlMjI2ODBweCUyMiUyMGZyYW1lYm9yZGVyJTNEJTIyMCUyMiUzRSUzQyUyRmlmcmFtZSUzRSUzQyUyRmRpdiUzRSUwQSUzQyUyMS0tJTIwRklNJTIwSUZSQU1FJTIwTUUlMjBMSUdVRSUyMC0tJTNFJTBBJTNDaDMlM0UtJTIwU29saWNpdGUlMjBhZ29yYSUyMHN1YSUyMGRlZ3VzdGElQzMlQTclQzMlQTNvJTIwZSUyMGdhcmFudGElMjBhJTIwbWVsaG9yJTIwcXVhbGlkYWRlJTIwZW0lMjB0ZWxlY29tdW5pY2ElQzMlQTclQzMlQjVlcyUyMGNsaWNhbmRvJTIwJTNDc3BhbiUyMG9uY2xpY2slM0QlMjJqYXZhc2NyaXB0JTNBcG9wdXBmcmFtZW1rdCUyOCUyN2RlZ3VzdGFjYW8lMjclMjklM0IlMjIlMjBvbm1vdXNlb3ZlciUzRCUyMiUyMiUyMHN0eWxlJTNEJTIyY29sb3IlM0ElMjAlMjNmZjAwMDAlM0IlMjBjdXJzb3IlM0ElMjBwb2ludGVyJTNCJTIyJTNFYXF1aS4lM0MlMkZzcGFuJTNFJTNDJTJGaDMlM0U=<\/p>\n[\/vc_raw_html][vc_separator type=&#8221;transparent&#8221; position=&#8221;center&#8221;]<div class='q_message  with_icon' style='border-color: #000000;'><div class='q_message_inner'><div class=\"q_message_icon_holder\"><div class=\"q_message_icon\"><div class=\"q_message_icon_inner\"><i class='fa fa-align-right fa-lg' style=''><\/i><\/div><\/div><\/div><a href='#' class='close'><i class='fa fa-times dark'><\/i><\/a><div class='message_text_holder'><div class='message_text'><div class='message_text_inner'>\n<p>Confira agora nossos planos\u00a0e escolha o que melhor se adeque \u00e0 sua empresa &#8211; <a href=\"http:\/\/www.life-sip.com.br\/site\/planos\/\">acessar<\/a>.<\/p>\n<\/div><\/div><\/div><\/div><\/div><div class='q_message  with_icon' style='border-color: #000000;'><div class='q_message_inner'><div class=\"q_message_icon_holder\"><div class=\"q_message_icon\"><div class=\"q_message_icon_inner\"><img decoding=\"async\" src=\"https:\/\/www.life-sip.com.br\/site\/wp-content\/uploads\/2015\/08\/icon-contato-vermelho.png\" alt=\"\"><\/div><\/div><\/div><a href='#' class='close'><i class='fa fa-times dark'><\/i><\/a><div class='message_text_holder'><div class='message_text'><div class='message_text_inner'>\n<p>Para solicitar seu or\u00e7amento agora acesse &#8211; <a href=\"http:\/\/www.life-sip.com.br\/site\/fale-conosco\/\">fale conosco<\/a>\u00a0ou entre em contato em\u00a0nossos telefones de atendimento.<\/p>\n<\/div><\/div><\/div><\/div><\/div>[\/vc_column][\/vc_row]\n","protected":false},"excerpt":{"rendered":"<p>[vc_row][vc_column][vc_column_text] Vis\u00e3o Geral Click to call ou 0800 web \u00e9 um sistema que integra ao website a praticidade de contato imediato com o cliente sem custo para ele, fazendo com que o interesse seja imediato e a empresa consiga elevar significativamente o retorno em contatos&#8230;<\/p>\n","protected":false},"author":2,"featured_media":0,"parent":0,"menu_order":0,"comment_status":"closed","ping_status":"closed","template":"","meta":{"_joinchat":[],"footnotes":""},"class_list":["post-14643","page","type-page","status-publish","hentry"],"aioseo_notices":[],"_links":{"self":[{"href":"https:\/\/www.life-sip.com.br\/site\/wp-json\/wp\/v2\/pages\/14643","targetHints":{"allow":["GET"]}}],"collection":[{"href":"https:\/\/www.life-sip.com.br\/site\/wp-json\/wp\/v2\/pages"}],"about":[{"href":"https:\/\/www.life-sip.com.br\/site\/wp-json\/wp\/v2\/types\/page"}],"author":[{"embeddable":true,"href":"https:\/\/www.life-sip.com.br\/site\/wp-json\/wp\/v2\/users\/2"}],"replies":[{"embeddable":true,"href":"https:\/\/www.life-sip.com.br\/site\/wp-json\/wp\/v2\/comments?post=14643"}],"version-history":[{"count":0,"href":"https:\/\/www.life-sip.com.br\/site\/wp-json\/wp\/v2\/pages\/14643\/revisions"}],"wp:attachment":[{"href":"https:\/\/www.life-sip.com.br\/site\/wp-json\/wp\/v2\/media?parent=14643"}],"curies":[{"name":"wp","href":"https:\/\/api.w.org\/{rel}","templated":true}]}}