{"id":14528,"date":"2015-08-30T11:50:50","date_gmt":"2015-08-30T14:50:50","guid":{"rendered":"http:\/\/www.life-sip.com.br\/site\/?page_id=14528"},"modified":"2017-09-11T15:38:36","modified_gmt":"2017-09-11T18:38:36","slug":"sms","status":"publish","type":"page","link":"https:\/\/www.life-sip.com.br\/site\/sms\/","title":{"rendered":"SMS Marketing"},"content":{"rendered":"[vc_row][vc_column][vc_column_text]\n<h2>Vis\u00e3o Geral<\/h2>\n<p>Campanhas de sms marketing tem o alcance efetivo, e tem se tornado a ferramenta de maior alcance para que as empresas de comuniquem com seus clientes\/leads de forma r\u00e1pida e de baixo custo.<\/p>\n<h2>Como funciona e vantagens:<\/h2>\n<ul>\n<li>Visualiza\u00e7\u00e3o instant\u00e2nea<\/li>\n<\/ul>\n<div>Diferentemente do e-mail, da televis\u00e3o ou das revistas, por exemplo, o celular sempre est\u00e1 ao alcance dos usu\u00e1rios. Por isso, pesquisas comprovam que 96% dos <span class=\"il\">SMS<\/span> s\u00e3o lidos de forma instant\u00e2nea, o que garante que a informa\u00e7\u00e3o v\u00e1 direto para quem voc\u00ea deseja atingir, independentemente de onde a pessoa estiver.<\/div>\n<div><\/div>\n<ul>\n<li>Maior \u00edndice de leitura<\/li>\n<\/ul>\n<div>Com um alcance muito pr\u00f3ximo de 100%, a campanha de <span class=\"il\">SMS<\/span> \u00e9 muito eficaz. Se voc\u00ea apostar em um conte\u00fado atraente, ningu\u00e9m excluir\u00e1 a mensagem antes de ler o texto at\u00e9 o final. Por isso, aposte nas mensagens!<\/div>\n<div><\/div>\n<div>Se por um lado o espa\u00e7o para escrev\u00ea-la \u00e9 curto \u2013 cerca de 150 caracteres \u2013 e faz com que seja necess\u00e1rio ser o mais objetivo poss\u00edvel, de outro voc\u00ea garante que o leitor ir\u00e1 ler o conte\u00fado por completo.<\/div>\n<div><\/div>\n<ul>\n<li>Intera\u00e7\u00e3o<\/li>\n<\/ul>\n<div>Outro ponto positivo nesse tipo de comunica\u00e7\u00e3o \u00e9 a possibilidade de intera\u00e7\u00e3o r\u00e1pida que o usu\u00e1rio tem ao alcance das m\u00e3os. Assim que ele terminar de ler o que est\u00e1 na tela, ele pode responder, dando um feedback para a sua empresa.<\/div>\n<div><\/div>\n<ul>\n<li>Exclusividade<\/li>\n<\/ul>\n<div>Oferecer desconto ou <span class=\"il\">vantagens<\/span> exclusivas aos seus clientes atrav\u00e9s do marketing mobile demonstra que voc\u00ea \u00e9 uma empresa que est\u00e1 por dentro das novas tecnologias e , por isso, est\u00e1 \u00e0 frente de seus concorrentes. Dessa forma, voc\u00ea segmenta a sua lista de clientes e ainda tem a chance de fazer com que eles recomendem o seu produto ou servi\u00e7o.<\/div>\n<div><\/div>\n<ul>\n<li>Grande alcance<\/li>\n<\/ul>\n<div>Voc\u00ea faz ideia de quantos celulares existem no Brasil? Em 2013 o pa\u00eds contabilizou 271,10 milh\u00f5es de linhas de telefonia m\u00f3vel ativas, de acordo com n\u00fameros divulgados pela Ag\u00eancia Nacional de Telecomunica\u00e7\u00f5es (Anatel).<\/div>\n<div><\/div>\n<div>Mesmo que o seu cliente n\u00e3o tenha o perfil de usu\u00e1rio de celulares (pessoas mais velhas, por exemplo) n\u00e3o subestime o poder de alcance que essa estrat\u00e9gia de comunica\u00e7\u00e3o tem. O seu potencial de mercado \u00e9 enorme. Vale a pena investir sempre!<\/div>\n<div><\/div>\n<ul>\n<li>Ecologicamente correto<\/li>\n<\/ul>\n<div>Em tempos em que o verde est\u00e1 na \u201cmoda\u201d, nada melhor do que aderir uma estrat\u00e9gia que se enquadre nesse movimento, n\u00e3o \u00e9 mesmo? A campanha <span class=\"il\">SMS<\/span> n\u00e3o s\u00f3 \u00e9 importante para o meio ambiente, mas tamb\u00e9m afeta diretamente as suas finan\u00e7as. Afinal, gastando menos com a produ\u00e7\u00e3o de material impresso, sobra capital para investir em outras a\u00e7\u00f5es que s\u00e3o igualmente importantes para promover a sua empresa.<\/div>\n<div><\/div>\n<div>Agora que voc\u00ea j\u00e1 sabe as <span class=\"il\">vantagens<\/span> de incluir campanhas de <span class=\"il\">SMS<\/span> na sua estrat\u00e9gia de comunica\u00e7\u00e3o, se sente pronto para come\u00e7ar a sua pr\u00f3pria campanha?<\/div>\n[\/vc_column_text][vc_separator type=&#8221;transparent&#8221; position=&#8221;center&#8221;][vc_gallery type=&#8221;image_grid&#8221; interval=&#8221;3&#8243; images=&#8221;14542,14543,14544,14545,14546&#8243; onclick=&#8221;link_image&#8221; custom_links_target=&#8221;_self&#8221; column_number=&#8221;5&#8243; title=&#8221;Screenshot&#8221;][vc_separator type=&#8221;transparent&#8221; position=&#8221;center&#8221;][vc_raw_html]\n<p>JTNDJTIxLS0lMjBJRlJBTUUlMjBQT1BVUCUyME1FJTIwTElHVUUlMjAtLSUzRSUwQSUzQ2RpdiUyMGlkJTNEJTIyZGVndXN0YWNhbyUyMiUyMHN0eWxlJTNEJTIyZGlzcGxheSUzQSUyMG5vbmUlM0IlMjIlM0UlM0NpZnJhbWUlMjBpZCUzRCUyMmNsaWNrdG9jYWxsJTIyJTIwc3JjJTNEJTIyaHR0cCUzQSUyRiUyRnd3dy5saWZlLXNpcC5jb20uYnIlMkZzaXRlJTJGZm9ybXMlMkZkZWd1c3RhY2FvZ3JhdGlzc21zLmh0bWwlMjIlMjB3aWR0aCUzRCUyMjQ2MCUyMiUyMGhlaWdodCUzRCUyMjY4MHB4JTIyJTIwZnJhbWVib3JkZXIlM0QlMjIwJTIyJTNFJTNDJTJGaWZyYW1lJTNFJTNDJTJGZGl2JTNFJTBBJTNDJTIxLS0lMjBGSU0lMjBJRlJBTUUlMjBNRSUyMExJR1VFJTIwLS0lM0UlMEElM0NoMyUzRS0lMjBTb2xpY2l0ZSUyMGFnb3JhJTIwc3VhJTIwZGVndXN0YSVDMyVBNyVDMyVBM28lMjBlJTIwZ2FyYW50YSUyMGElMjBtZWxob3IlMjBxdWFsaWRhZGUlMjBlbSUyMHRlbGVjb211bmljYSVDMyVBNyVDMyVCNWVzJTIwY2xpY2FuZG8lMjAlM0NzcGFuJTIwb25jbGljayUzRCUyMmphdmFzY3JpcHQlM0Fwb3B1cGZyYW1lbWt0JTI4JTI3ZGVndXN0YWNhbyUyNyUyOSUzQiUyMiUyMG9ubW91c2VvdmVyJTNEJTIyJTIyJTIwc3R5bGUlM0QlMjJjb2xvciUzQSUyMCUyM2ZmMDAwMCUzQiUyMGN1cnNvciUzQSUyMHBvaW50ZXIlM0IlMjIlM0VhcXVpLiUzQyUyRnNwYW4lM0UlM0MlMkZoMyUzRQ==<\/p>\n[\/vc_raw_html]<div class='q_message  with_icon' style='border-color: #000000;'><div class='q_message_inner'><div class=\"q_message_icon_holder\"><div class=\"q_message_icon\"><div class=\"q_message_icon_inner\"><img decoding=\"async\" src=\"https:\/\/www.life-sip.com.br\/site\/wp-content\/uploads\/2015\/08\/icon-contato-vermelho.png\" alt=\"\"><\/div><\/div><\/div><a href='#' class='close'><i class='fa fa-times dark'><\/i><\/a><div class='message_text_holder'><div class='message_text'><div class='message_text_inner'>\n<p>Para solicitar seu or\u00e7amento agora acesse &#8211; <a href=\"http:\/\/www.life-sip.com.br\/site\/fale-conosco\/\">fale conosco<\/a>\u00a0ou entre em contato em\u00a0nossos telefones de atendimento.<\/p>\n<\/div><\/div><\/div><\/div><\/div>[vc_separator type=&#8221;transparent&#8221; position=&#8221;center&#8221;][vc_raw_js]\n<p>JTNDc2NyaXB0JTIwdHlwZSUzRCUyN3RleHQlMkZqYXZhc2NyaXB0JTI3JTNFJTIwJTBBJTIwJTIwJTI4ZnVuY3Rpb24lMjhpJTJDcyUyQ28lMkNnJTJDciUyQ2ElMkNtJTI5JTdCaSU1QiUyN0dvb2dsZUFuYWx5dGljc09iamVjdCUyNyU1RCUzRHIlM0JpJTVCciU1RCUzRGklNUJyJTVEJTdDJTdDZnVuY3Rpb24lMjglMjklN0IlMEElMjAlMjAlMjhpJTVCciU1RC5xJTNEaSU1QnIlNUQucSU3QyU3QyU1QiU1RCUyOS5wdXNoJTI4YXJndW1lbnRzJTI5JTdEJTJDaSU1QnIlNUQubCUzRDElMkFuZXclMjBEYXRlJTI4JTI5JTNCYSUzRHMuY3JlYXRlRWxlbWVudCUyOG8lMjklMkMlMEElMjAlMjBtJTNEcy5nZXRFbGVtZW50c0J5VGFnTmFtZSUyOG8lMjklNUIwJTVEJTNCYS5hc3luYyUzRDElM0JhLnNyYyUzRGclM0JtLnBhcmVudE5vZGUuaW5zZXJ0QmVmb3JlJTI4YSUyQ20lMjklMEElMjAlMjAlN0QlMjklMjh3aW5kb3clMkNkb2N1bWVudCUyQyUyN3NjcmlwdCUyNyUyQyUyNyUyRiUyRnd3dy5nb29nbGUtYW5hbHl0aWNzLmNvbSUyRmFuYWx5dGljcy5qcyUyNyUyQyUyN2dhJTI3JTI5JTNCJTBBJTBBJTIwJTIwZ2ElMjglMjdjcmVhdGUlMjclMkMlMjAlMjdVQS02MjE3NjQzOC0xJTI3JTJDJTIwJTI3YXV0byUyNyUyOSUzQiUwQSUyMCUyMGdhJTI4JTI3c2VuZCUyNyUyQyUyMCUyN3BhZ2V2aWV3JTI3JTI5JTNCJTBBJTBBJTNDJTJGc2NyaXB0JTNF<\/p>\n[\/vc_raw_js][\/vc_column][\/vc_row]\n","protected":false},"excerpt":{"rendered":"<p>[vc_row][vc_column][vc_column_text] Vis\u00e3o Geral Campanhas de sms marketing tem o alcance efetivo, e tem se tornado a ferramenta de maior alcance para que as empresas de comuniquem com seus clientes\/leads de forma r\u00e1pida e de baixo custo. Como funciona e vantagens: Visualiza\u00e7\u00e3o instant\u00e2nea Diferentemente do e-mail,&#8230;<\/p>\n","protected":false},"author":2,"featured_media":0,"parent":0,"menu_order":0,"comment_status":"open","ping_status":"open","template":"","meta":{"_joinchat":[],"footnotes":""},"class_list":["post-14528","page","type-page","status-publish","hentry"],"aioseo_notices":[],"_links":{"self":[{"href":"https:\/\/www.life-sip.com.br\/site\/wp-json\/wp\/v2\/pages\/14528","targetHints":{"allow":["GET"]}}],"collection":[{"href":"https:\/\/www.life-sip.com.br\/site\/wp-json\/wp\/v2\/pages"}],"about":[{"href":"https:\/\/www.life-sip.com.br\/site\/wp-json\/wp\/v2\/types\/page"}],"author":[{"embeddable":true,"href":"https:\/\/www.life-sip.com.br\/site\/wp-json\/wp\/v2\/users\/2"}],"replies":[{"embeddable":true,"href":"https:\/\/www.life-sip.com.br\/site\/wp-json\/wp\/v2\/comments?post=14528"}],"version-history":[{"count":0,"href":"https:\/\/www.life-sip.com.br\/site\/wp-json\/wp\/v2\/pages\/14528\/revisions"}],"wp:attachment":[{"href":"https:\/\/www.life-sip.com.br\/site\/wp-json\/wp\/v2\/media?parent=14528"}],"curies":[{"name":"wp","href":"https:\/\/api.w.org\/{rel}","templated":true}]}}