{"id":14482,"date":"2015-08-13T11:25:57","date_gmt":"2015-08-13T14:25:57","guid":{"rendered":"http:\/\/www.life-sip.com.br\/site\/?page_id=14482"},"modified":"2017-09-22T23:52:37","modified_gmt":"2017-09-23T02:52:37","slug":"discador","status":"publish","type":"page","link":"https:\/\/www.life-sip.com.br\/site\/solucoes\/discador\/","title":{"rendered":"Discador Preditivo &#8211; Preview &#8211; Auto"},"content":{"rendered":"[vc_row][vc_column][vc_column_text]\n<h2>Vis\u00e3o Geral<\/h2>\n<p>GOautodial \u00e9 um sistema de call center web baseado no CentOS. Ele cont\u00e9m os aplicativos GOautodial (GOadmin, GOreports e\u00a0GOagent), Vicidial, MySQL, PHP, Asterisk, Limesurvey e outros softwares de c\u00f3digo aberto para ter um sistema de call\u00a0center totalmente funcional. Uma fonte aberta discador preditivo e IVR de entrada + sistema de ACD.<\/p>\n<h2>Como funciona:<\/h2>\n<p style=\"text-align: justify;\">Um discador preditivo disca uma lista de n\u00fameros de telefone e conecta estas chamadas aos agentes correspondentes. Discadores preditivos utilizam algoritmos estat\u00edsticos para minimizar o tempo que os agentes passam na espera entre as liga\u00e7\u00f5es, por isto minimiza a ocorr\u00eancia de agentes inativos.<br \/>\nAo discar n\u00fameros um de cada vez, existem duas formas de utiliza\u00e7\u00e3o. Em primeiro lugar, apenas uma fra\u00e7\u00e3o de liga\u00e7\u00f5es s\u00e3o atendidas. Assim, por exemplo, se 1 de 3 liga\u00e7\u00f5es s\u00e3o atendidas, um discador preditivo pode discar 3 linhas cada vez que um agente se tornar dispon\u00edvel. Em segundo lugar, mesmo as liga\u00e7\u00f5es que s\u00e3o atendidas levam algum tempo antes de ser finalizadas, se ele normalmente leva 10 segundos para que algu\u00e9m dispon\u00edvel atenda, e conversas duram tipicamente de 90 segundos, um discador preditivo pode come\u00e7ar a discar em 80 segundos.<br \/>\nDiscar um n\u00famero de cada vez, somente quando um agente est\u00e1 dispon\u00edvel, normalmente mant\u00e9m agentes utilizados por 40 minutos por hora (33% em repouso). Discagem preditiva pode aumentar a utiliza\u00e7\u00e3o de 57 minutos por hora (5% o tempo ocioso).<br \/>\nDiscadores preditivos podem ser dispositivos de hardware autonomos, ou podem ser integrados no software com o call center ou plataformas de contact center. Quando integrado, o discador muitas vezes tamb\u00e9m realiza modos de marca\u00e7\u00e3o menos agressivos, como a energia, progressivo, ou de discagem pr\u00e9-visualiza\u00e7\u00e3o.<\/p>\n<h2>Principais Caracter\u00edsticas:<\/h2>\n<ul>\n<li>Entrada, Sa\u00edda e tratamento de chamadas Blended<\/li>\n<li>Transmiss\u00e3o e levantamento de discagem<\/li>\n<li>Aplicativos baseados na Web<\/li>\n<li>Assistente de configura\u00e7\u00f5es<\/li>\n<li>Grava\u00e7\u00e3o de chamadas completa<\/li>\n<li>Escal\u00e1vel para centenas de agentes<\/li>\n<li>Configura\u00e7\u00e3o de troncos voip<\/li>\n<li>Escolha de rota por campanha<\/li>\n<li>Suporte para Sangoma e placas Digium<\/li>\n<li>Suporte Life Sip em hor\u00e1rio comercial<\/li>\n<\/ul>\n[\/vc_column_text][vc_separator type=&#8221;transparent&#8221; position=&#8221;center&#8221;][vc_gallery type=&#8221;image_grid&#8221; interval=&#8221;3&#8243; images=&#8221;14477,14480,14478,14479&#8243; onclick=&#8221;link_image&#8221; custom_links_target=&#8221;_self&#8221; column_number=&#8221;4&#8243; title=&#8221;Screenshot&#8221;][vc_separator type=&#8221;transparent&#8221; position=&#8221;center&#8221;][vc_raw_html]\n<p>JTNDJTIxLS0lMjBJRlJBTUUlMjBQT1BVUCUyME1FJTIwTElHVUUlMjAtLSUzRSUwQSUzQ2RpdiUyMGlkJTNEJTIyZGVndXN0YWNhbyUyMiUyMHN0eWxlJTNEJTIyZGlzcGxheSUzQSUyMG5vbmUlM0IlMjIlM0UlM0NpZnJhbWUlMjBpZCUzRCUyMmNsaWNrdG9jYWxsJTIyJTIwc3JjJTNEJTIyaHR0cCUzQSUyRiUyRnd3dy5saWZlLXNpcC5jb20uYnIlMkZzaXRlJTJGZm9ybXMlMkZkZWd1c3RhY2FvZ3JhdGlzLmh0bWwlMjIlMjB3aWR0aCUzRCUyMjQ2MCUyMiUyMGhlaWdodCUzRCUyMjY4MHB4JTIyJTIwZnJhbWVib3JkZXIlM0QlMjIwJTIyJTNFJTNDJTJGaWZyYW1lJTNFJTNDJTJGZGl2JTNFJTBBJTNDJTIxLS0lMjBGSU0lMjBJRlJBTUUlMjBNRSUyMExJR1VFJTIwLS0lM0UlMEElM0NoMyUzRS0lMjBTb2xpY2l0ZSUyMGFnb3JhJTIwc3VhJTIwZGVndXN0YSVDMyVBNyVDMyVBM28lMjBlJTIwZ2FyYW50YSUyMGElMjBtZWxob3IlMjBxdWFsaWRhZGUlMjBlbSUyMHRlbGVjb211bmljYSVDMyVBNyVDMyVCNWVzJTIwY2xpY2FuZG8lMjAlM0NzcGFuJTIwb25jbGljayUzRCUyMmphdmFzY3JpcHQlM0Fwb3B1cGZyYW1lbWt0JTI4JTI3ZGVndXN0YWNhbyUyNyUyOSUzQiUyMiUyMG9ubW91c2VvdmVyJTNEJTIyJTIyJTIwc3R5bGUlM0QlMjJjb2xvciUzQSUyMCUyM2ZmMDAwMCUzQiUyMGN1cnNvciUzQSUyMHBvaW50ZXIlM0IlMjIlM0VhcXVpLiUzQyUyRnNwYW4lM0UlM0MlMkZoMyUzRQ==<\/p>\n[\/vc_raw_html]<div class='q_message  with_icon' style='border-color: #000000;'><div class='q_message_inner'><div class=\"q_message_icon_holder\"><div class=\"q_message_icon\"><div class=\"q_message_icon_inner\"><img decoding=\"async\" src=\"https:\/\/www.life-sip.com.br\/site\/wp-content\/uploads\/2015\/08\/icon-contato-vermelho.png\" alt=\"\"><\/div><\/div><\/div><a href='#' class='close'><i class='fa fa-times dark'><\/i><\/a><div class='message_text_holder'><div class='message_text'><div class='message_text_inner'>\n<p>Para solicitar seu or\u00e7amento agora acesse &#8211; <a href=\"http:\/\/www.life-sip.com.br\/site\/fale-conosco\/\">fale conosco<\/a>\u00a0ou entre em contato em\u00a0nossos telefones de atendimento.<\/p>\n<\/div><\/div><\/div><\/div><\/div>[vc_separator type=&#8221;transparent&#8221; position=&#8221;center&#8221;][vc_raw_js]\n<p>JTNDc2NyaXB0JTIwdHlwZSUzRCUyN3RleHQlMkZqYXZhc2NyaXB0JTI3JTNFJTIwJTBBJTIwJTIwJTI4ZnVuY3Rpb24lMjhpJTJDcyUyQ28lMkNnJTJDciUyQ2ElMkNtJTI5JTdCaSU1QiUyN0dvb2dsZUFuYWx5dGljc09iamVjdCUyNyU1RCUzRHIlM0JpJTVCciU1RCUzRGklNUJyJTVEJTdDJTdDZnVuY3Rpb24lMjglMjklN0IlMEElMjAlMjAlMjhpJTVCciU1RC5xJTNEaSU1QnIlNUQucSU3QyU3QyU1QiU1RCUyOS5wdXNoJTI4YXJndW1lbnRzJTI5JTdEJTJDaSU1QnIlNUQubCUzRDElMkFuZXclMjBEYXRlJTI4JTI5JTNCYSUzRHMuY3JlYXRlRWxlbWVudCUyOG8lMjklMkMlMEElMjAlMjBtJTNEcy5nZXRFbGVtZW50c0J5VGFnTmFtZSUyOG8lMjklNUIwJTVEJTNCYS5hc3luYyUzRDElM0JhLnNyYyUzRGclM0JtLnBhcmVudE5vZGUuaW5zZXJ0QmVmb3JlJTI4YSUyQ20lMjklMEElMjAlMjAlN0QlMjklMjh3aW5kb3clMkNkb2N1bWVudCUyQyUyN3NjcmlwdCUyNyUyQyUyNyUyRiUyRnd3dy5nb29nbGUtYW5hbHl0aWNzLmNvbSUyRmFuYWx5dGljcy5qcyUyNyUyQyUyN2dhJTI3JTI5JTNCJTBBJTBBJTIwJTIwZ2ElMjglMjdjcmVhdGUlMjclMkMlMjAlMjdVQS02MjE3NjQzOC0xJTI3JTJDJTIwJTI3YXV0byUyNyUyOSUzQiUwQSUyMCUyMGdhJTI4JTI3c2VuZCUyNyUyQyUyMCUyN3BhZ2V2aWV3JTI3JTI5JTNCJTBBJTBBJTNDJTJGc2NyaXB0JTNF<\/p>\n[\/vc_raw_js][\/vc_column][\/vc_row]\n","protected":false},"excerpt":{"rendered":"<p>[vc_row][vc_column][vc_column_text] Vis\u00e3o Geral GOautodial \u00e9 um sistema de call center web baseado no CentOS. Ele cont\u00e9m os aplicativos GOautodial (GOadmin, GOreports e\u00a0GOagent), Vicidial, MySQL, PHP, Asterisk, Limesurvey e outros softwares de c\u00f3digo aberto para ter um sistema de call\u00a0center totalmente funcional. Uma fonte aberta discador&#8230;<\/p>\n","protected":false},"author":2,"featured_media":0,"parent":14183,"menu_order":0,"comment_status":"open","ping_status":"open","template":"","meta":{"_joinchat":[],"footnotes":""},"class_list":["post-14482","page","type-page","status-publish","hentry"],"aioseo_notices":[],"_links":{"self":[{"href":"https:\/\/www.life-sip.com.br\/site\/wp-json\/wp\/v2\/pages\/14482","targetHints":{"allow":["GET"]}}],"collection":[{"href":"https:\/\/www.life-sip.com.br\/site\/wp-json\/wp\/v2\/pages"}],"about":[{"href":"https:\/\/www.life-sip.com.br\/site\/wp-json\/wp\/v2\/types\/page"}],"author":[{"embeddable":true,"href":"https:\/\/www.life-sip.com.br\/site\/wp-json\/wp\/v2\/users\/2"}],"replies":[{"embeddable":true,"href":"https:\/\/www.life-sip.com.br\/site\/wp-json\/wp\/v2\/comments?post=14482"}],"version-history":[{"count":0,"href":"https:\/\/www.life-sip.com.br\/site\/wp-json\/wp\/v2\/pages\/14482\/revisions"}],"up":[{"embeddable":true,"href":"https:\/\/www.life-sip.com.br\/site\/wp-json\/wp\/v2\/pages\/14183"}],"wp:attachment":[{"href":"https:\/\/www.life-sip.com.br\/site\/wp-json\/wp\/v2\/media?parent=14482"}],"curies":[{"name":"wp","href":"https:\/\/api.w.org\/{rel}","templated":true}]}}