{"id":14183,"date":"2015-04-30T13:47:08","date_gmt":"2015-04-30T16:47:08","guid":{"rendered":"http:\/\/life-sip.com.br\/site\/?page_id=14183"},"modified":"2017-11-29T10:31:32","modified_gmt":"2017-11-29T13:31:32","slug":"solucoes","status":"publish","type":"page","link":"https:\/\/www.life-sip.com.br\/site\/solucoes\/","title":{"rendered":"Solu\u00e7\u00f5es"},"content":{"rendered":"[vc_row][vc_column width=&#8221;1\/1&#8243;][vc_separator type=&#8221;transparent&#8221; position=&#8221;center&#8221;][vc_column_text]\n<ul>\n<li>\n<h1><strong>Conhe\u00e7a mais a Life-Sip:<\/strong><\/h1>\n<\/li>\n<\/ul>\n[\/vc_column_text][\/vc_column][\/vc_row][vc_row][vc_column width=&#8221;1\/1&#8243;][vc_separator type=&#8221;transparent&#8221; position=&#8221;center&#8221;][vc_tabs style=&#8221;horizontal&#8221; title=&#8221;Solu\u00e7\u00f5es Inteligentes&#8221;][vc_tab title=&#8221;PABX IP&#8221; tab_id=&#8221;1430323599-1-35&#8243;][vc_column_text]\n<ul>\n<li>\n<h1>Projetos em central PABX IP.<\/h1>\n<\/li>\n<\/ul>\n<p style=\"text-align: justify;\"><img loading=\"lazy\" decoding=\"async\" class=\"wp-image-14756 size-medium alignright\" src=\"https:\/\/www.life-sip.com.br\/site\/wp-content\/uploads\/2015\/04\/servidores_small_life-300x128.jpg\" alt=\"\" width=\"300\" height=\"128\" \/>O\u00a0projeto\u00a0 visa\u00a0 criar\u00a0 uma\u00a0 nova\u00a0 pol\u00edtica\u00a0 convergente\u00a0 e\u00a0 centralizada\u00a0 na\u00a0 utiliza\u00e7\u00e3o\u00a0 dos\u00a0 recursos\u00a0 de telefonia,\u00a0 gerando\u00a0 a\u00a0 redu\u00e7\u00e3o\u00a0 gradativa\u00a0 dos\u00a0 custos\u00a0 com\u00a0 liga\u00e7\u00f5es \u00a0telef\u00f4nicas,\u00a0 proporcionando\u00a0 recursos, melhorias e unifica\u00e7\u00f5es de processos e pessoas. O modelo de estrutura atual da sua empresa\u00a0poder\u00e1 ou n\u00e3o ser modificada para atender as exig\u00eancias da tecnologia Voz sobre IP (VoiP), com a implanta\u00e7\u00e3o dos\u00a0 equipamentos da Life-Sip Solu\u00e7\u00f5es empresa.<\/p>\n<ul>\n<li style=\"text-align: justify;\"><strong>Conceitos:<\/strong><\/li>\n<\/ul>\n<p style=\"text-align: justify;\">O Asterisk continua sua campanha como uma solu\u00e7\u00e3o VoIP h\u00edbrido de plataforma aberta e PABX com \u00f3tima rela\u00e7\u00e3o custo beneficio que fornece de produtos de software e hardware at\u00e9 servi\u00e7os e suporte.<\/p>\n<p style=\"text-align: justify;\">Existem os pros e os contras a toda solu\u00e7\u00e3o, e o Asterisk tem um conjunto completo de caracter\u00edsticas, funcionalidades e adaptabilidade para suportar uma variedade de necessidades e circunst\u00e2ncias que o caracterizam como melhor ferramenta para utiliza\u00e7\u00e3o a n\u00edvel corporativo.<\/p>\n<ul>\n<li style=\"text-align: justify;\"><strong>Por que usar asterisk?<\/strong><\/li>\n<\/ul>\n<p style=\"text-align: justify;\">Um conceito equivocado muito comum sobre a configura\u00e7\u00e3o do Asterisk e a opera\u00e7\u00e3o \u00e9 de que ele requer adeptos com expertise em Linux. A Life-Sip\u00a0oferece servi\u00e7os e equipe de suporte para dar sustenta\u00e7\u00e3o t\u00e9cnica ao longo de todo o processo, portanto, tornando o PABX IP\u00a0acess\u00edvel a qualquer ambiente corporativo.<\/p>\n<p style=\"text-align: justify;\">Os custos s\u00e3o definitivamente um fator importante e definitivo para os compradores num primeiro momento desta tecnologia. O Asterisk usa o Linux, que \u00e9 conhecido por funcionar e jogar bem com o hardware x86\/AMD legado (entre outros) \u2013 o que quer dizer que uma solu\u00e7\u00e3o de central ipbx\u00a0pode ser montado a partir de componentes j\u00e1 largamente utilizados no mercado. Isto proporciona um excelente custo benef\u00edcio alternativo a produtos PABX prontos que pode variar entre 40 a 80% de economia no projeto. Comparativamente, uma solu\u00e7\u00e3o simples de PABX parte de uns R$3.000,00\u00a0e cresce de acordo com a configura\u00e7\u00e3o de cada caso.<\/p>\n<p style=\"text-align: justify;\">A consolida\u00e7\u00e3o \u00e9 outro benef\u00edcio chave, onde o servidor de voicemail e o de fax s\u00e3o combinados em um \u00fanico servidor com quantidade massiva de espa\u00e7o de armazenamento. Um n\u00famero de interfaces gr\u00e1ficas de usu\u00e1rio existe para os prop\u00f3sitos de gerenciamento do Asterisk. Este conjunto de interfaces de configura\u00e7\u00e3o tal como a da Intuitive Voice Technology para pequenos a m\u00e9dios neg\u00f3cios, e para pain\u00e9is de controle como o da Third Lane Technologies para provedores de servi\u00e7os.<\/p>\n<p style=\"text-align: justify;\"><strong>Diagrama macro central pbx ip:<\/strong><\/p>\n<p style=\"text-align: justify;\"><a href=\"http:\/\/life-sip.com.br\/site\/wp-content\/uploads\/2015\/04\/digium-asterisk-pbx.png\"><img loading=\"lazy\" decoding=\"async\" class=\"wp-image-14755 aligncenter\" src=\"https:\/\/www.life-sip.com.br\/site\/wp-content\/uploads\/2015\/04\/digium-asterisk-pbx-300x126.jpg\" alt=\"\" width=\"610\" height=\"256\" srcset=\"https:\/\/www.life-sip.com.br\/site\/wp-content\/uploads\/2015\/04\/digium-asterisk-pbx-300x126.jpg 300w, https:\/\/www.life-sip.com.br\/site\/wp-content\/uploads\/2015\/04\/digium-asterisk-pbx-768x321.jpg 768w, https:\/\/www.life-sip.com.br\/site\/wp-content\/uploads\/2015\/04\/digium-asterisk-pbx.jpg 920w\" sizes=\"auto, (max-width: 610px) 100vw, 610px\" \/><\/a><\/p>\n<ul>\n<li style=\"text-align: justify;\"><strong>Melhores Pr\u00e1ticas Asterisk<\/strong><\/li>\n<\/ul>\n<p style=\"text-align: justify;\">O Asterisk vem de duas formas: um pacote livre e uma solu\u00e7\u00e3o de primeiro n\u00edvel vendida ao cliente final. A solu\u00e7\u00e3o de primeiro n\u00edvel \u00e9 montada sobre a vers\u00e3o livre e fornece caracter\u00edsticas adicionais de seguran\u00e7a e de voz aos clientes corporativos dos produtos Asterisk, ele tamb\u00e9m inclui suporte para driver propriet\u00e1rio ao contr\u00e1rio da variante livre. Escolher um entre os dois de acordo com o custo de contra\u00e7\u00e3o ou usar o servi\u00e7o espor\u00e1dico de uma equipe de suporte para integra\u00e7\u00e3o e manuten\u00e7\u00e3o do sistema interno, onde tal suporte j\u00e1 n\u00e3o \u00e9 fornecido por natureza.<\/p>\n<p style=\"text-align: justify;\">Fazendo escolhas de produtos e servi\u00e7os de acordo com as necessidades individuais do neg\u00f3cio: Onde existe uma car\u00eancia de suporte Linux interno, busque o suporte na Life-Sip.<\/p>\n<p style=\"text-align: justify;\">Al\u00e9m disto, a liberdade de escolha com o Asterisk \u00e9 o benef\u00edcio mais poderoso de todos. O Asterisk est\u00e1 na vanguarda do sucesso das op\u00e7\u00f5es abertas e merece o cr\u00e9dito para sua ado\u00e7\u00e3o no ambiente corporativo, e, ainda, ele \u00e9 modular o bastante para se tornar escal\u00e1vel para satisfazer a muitas exig\u00eancias.<\/p>\n<p style=\"text-align: justify;\">Todo e qualquer tipo de empresa pode se beneficiar ao implantar um Servidor IPBX Asterisk , agregando al\u00e9m de novos recursos o diferencial do custo, atrav\u00e9s da portabilidade de celulares ou de linhas Voip, onde o servidor IPBX \u00e9 capaz de consultar em tempo real a operadora do cliente e assim direcionar a chamada pelo tronco que melhor atende \u00e0 aquela operadora destino, garantindo redu\u00e7\u00e3o de custo em todas as liga\u00e7\u00f5es.<\/p>\n<p style=\"text-align: justify;\">Os recursos s\u00e3o uma das principais vantagens na utiliza\u00e7\u00e3o desse modelo de central telef\u00f4nica. \u00c9 uma solu\u00e7\u00e3o simples e robusta, n\u00e3o \u00e9 s\u00f3 em custo que se agrega na utiliza\u00e7\u00e3o, o servidor garante uma comunica\u00e7\u00e3o centralizada e organizada.<\/p>\n<p style=\"text-align: justify;\">Dessa forma a distribui\u00e7\u00e3o de ramais \u00e9 mais f\u00e1cil e toda a comunica\u00e7\u00e3o dentro da empresa tamb\u00e9m. Filiais em qualquer parte do mundo se comunicando a custo zero, acr\u00e9scimo de ramais e flexibilidade na administra\u00e7\u00e3o s\u00e3o algumas das caracter\u00edsticas. Uma vez que se tem o controle e a administra\u00e7\u00e3o completa da central as limita\u00e7\u00f5es s\u00e3o m\u00ednimas, tornando-se mais f\u00e1cil administrar e configurar ramais, sem a necessidade de um t\u00e9cnico especialista unicamente para esse fim.<\/p>\n<p style=\"text-align: justify;\"><strong>PRINCIPAIS CARACTER\u00cdSTICAS PARA IMPLANTAR UM SERVIDOR IPBX ASTERISK:<\/strong><\/p>\n<ul>\n<li style=\"text-align: justify;\">Baixo custo de manuten\u00e7\u00e3o<\/li>\n<li style=\"text-align: justify;\">Estabilidade<\/li>\n<li style=\"text-align: justify;\">Integra\u00e7\u00e3o entre telef\u00f4nia comum (ISDN\/R2), voip e GSM<\/li>\n<li style=\"text-align: justify;\">Comunica\u00e7\u00e3o entre filiais de forma transparente<\/li>\n<li style=\"text-align: justify;\">Uso da rede de inform\u00e1tica da empresa para login e trafego de dados entre ramais\/agentes e servidor voip<\/li>\n<li style=\"text-align: justify;\">Totalmente personaliz\u00e1vel.<\/li>\n<\/ul>\n<p><strong>Diagrama simplificado cental pbx:<\/strong><\/p>\n<p><a href=\"http:\/\/life-sip.com.br\/site\/wp-content\/uploads\/2015\/04\/digium-asterisk-pbx2.png\"><img loading=\"lazy\" decoding=\"async\" class=\"aligncenter size-full wp-image-14252\" src=\"http:\/\/life-sip.com.br\/site\/wp-content\/uploads\/2015\/04\/digium-asterisk-pbx2.png\" alt=\"digium-asterisk-pbx2\" width=\"920\" height=\"212\" srcset=\"https:\/\/www.life-sip.com.br\/site\/wp-content\/uploads\/2015\/04\/digium-asterisk-pbx2.png 920w, https:\/\/www.life-sip.com.br\/site\/wp-content\/uploads\/2015\/04\/digium-asterisk-pbx2-300x69.png 300w\" sizes=\"auto, (max-width: 920px) 100vw, 920px\" \/><\/a>[\/vc_column_text][\/vc_tab][vc_tab title=&#8221;Consultoria&#8221; tab_id=&#8221;1430323599-2-52&#8243;][vc_row_inner][vc_column_inner width=&#8221;1\/1&#8243;][vc_column_text]\n<p style=\"text-align: justify;\"><img loading=\"lazy\" decoding=\"async\" class=\"wp-image-14759 size-medium alignleft\" src=\"https:\/\/www.life-sip.com.br\/site\/wp-content\/uploads\/2015\/04\/b-madrids-photographer-marathon-02-550x225-300x123.jpg\" alt=\"\" width=\"300\" height=\"123\" \/>A Life-Sip conta com profissionais com mais de 10 anos de mercado de tecnologia, atuando\u00a0na gest\u00e3o de departamentos de tecnologia, infraestrutura e telecomunica\u00e7\u00f5es com foco na gest\u00e3o de resultados e estrutura\u00e7\u00e3o de servi\u00e7os cr\u00edticos de alta disponibilidade.<\/p>\n<p style=\"text-align: justify;\">O fator chave de sucesso \u00e9 a qualidade de atendimento aos seus usu\u00e1rios. Voc\u00ea precisa estar sempre acess\u00edvel e ter uma solu\u00e7\u00e3o de comunica\u00e7\u00e3o com qualidade e flexibilidade suficiente para crescer junto com o seu neg\u00f3cio.\u00a0Consulte-nos sobre nossos planos para consultoria e tenha sempre toda a tecnologia dispon\u00edvel no mercado a favor do seu negocio.<\/p>\n<h3>\u00a0<strong>Confira as\u00a0vantagens de se contratar uma consultoria:<\/strong><\/h3>\n<p><strong>1 \u2013 Renova\u00e7\u00e3o<\/strong> \u2013 a consultoria traz conhecimento novo e experi\u00eancias adquiridas em outros clientes. Isso proporciona uma vis\u00e3o externa, focada em resolver o problema que voc\u00ea est\u00e1 enfrentando com base na experi\u00eancia de outros projetos;<br \/>\n<strong>2 \u2013 Disponibilidade<\/strong> \u2013 o consultor atua com dedica\u00e7\u00e3o exclusiva dentro do prazo estipulado do contrato, enquanto o pessoal interno geralmente est\u00e1 cheio de outras tarefas e assim n\u00e3o consegue ter um foco direto nos problemas espec\u00edficos;<br \/>\n<strong>3 \u2013 Neutralidade<\/strong> \u2013 os consultores est\u00e3o preocupados em gerar resultados, sem rixas ou concorr\u00eancia por cargos na empresa;<br \/>\n<strong>4 \u2013 Tempo<\/strong> \u2013 o consultor precisa trabalhar dentro dos prazos definidos para o projeto acordado entre ele e seu cliente. Isso faz com que tudo fique mais r\u00e1pido para ser esclarecido e resolvido;<br \/>\n<strong>5 \u2013 Foco<\/strong> \u2013 por ser uma pessoa de fora e que n\u00e3o tem os \u201cv\u00edcios\u201d da empresa, torna-se mais f\u00e1cil e r\u00e1pido o diagn\u00f3stico direto dos problemas por parte do consultor;<br \/>\n<strong>6 \u2013 Escopo<\/strong> \u2013 consultores trabalham com projetos e objetivos, o que torna o entendimento claro do escopo, facilitando o controle e garantindo o sucesso.<br \/>\n<strong>7 \u2013 Iniciativa sem medo<\/strong> \u2013 os colaboradores internos podem levar em considera\u00e7\u00e3o algumas emo\u00e7\u00f5es pois possuem relacionamentos mais longos com as demais pessoas da empresa, e isso pode atrapalhar a tomada de decis\u00f5es dif\u00edceis. J\u00e1 o consultor \u00e9 mais racional, o que facilita nessas ocasi\u00f5es;<br \/>\n<strong>8 \u2013 Economia<\/strong> \u2013 o v\u00ednculo tempor\u00e1rio com os consultores \u00e9 muito mais barato do que a contrata\u00e7\u00e3o de um especialista, o qual pode vir a se tornar desnecess\u00e1rio ap\u00f3s certo per\u00edodo.<br \/>\n<strong>9 \u2013 Motiva\u00e7\u00e3o extra<\/strong> \u2013 a consultoria proporciona um impulso extra, muito mais focado, para que as mudan\u00e7as realmente aconte\u00e7am.<\/p>\n<p>Conte com a equipe da Life-Sip para elevar o n\u00edvel dos seus processos e garantir o crescimento sustent\u00e1vel da sua empresa.[\/vc_column_text][vc_separator type=&#8221;transparent&#8221; position=&#8221;center&#8221;][\/vc_column_inner][\/vc_row_inner][vc_separator type=&#8221;transparent&#8221; position=&#8221;center&#8221;][\/vc_tab][vc_tab title=&#8221;Seguran\u00e7a em TI&#8221; tab_id=&#8221;1430334512362-3-1&#8243;][vc_column_text]\n<h2>\u00a0<strong><img loading=\"lazy\" decoding=\"async\" class=\"wp-image-14758 size-medium alignleft\" src=\"https:\/\/www.life-sip.com.br\/site\/wp-content\/uploads\/2015\/04\/seguranca2-1-300x112.jpg\" alt=\"\" width=\"300\" height=\"112\" \/>Defini\u00e7\u00f5es:<\/strong><\/h2>\n<h2><\/h2>\n<p>\u2022 Seguran\u00e7a n\u00e3o \u00e9 tecnologia, n\u00e3o \u00e9 poss\u00edvel comprar um dispositivo que torne a sua empresa segura, assim como n\u00e3o \u00e9 poss\u00edvel comprar ou criar um software\u00a0capaz de tornar seu computador seguro.<br \/>\n(Wadlow, 2000)<\/p>\n<h2><strong>Ciclo de Vida e Crit\u00e9rios<\/strong><\/h2>\n<p>\u2022 Gest\u00e3o da informa\u00e7\u00e3o = Base do neg\u00f3cio<br \/>\n\u2022 A informa\u00e7\u00e3o e os processos de apoio,\u00a0sistemas e redes s\u00e3o importantes ativos para os neg\u00f3cios.<br \/>\n\u2022 Definir, alcan\u00e7ar, manter e melhorar a\u00a0seguran\u00e7a da informa\u00e7\u00e3o podem ser\u00a0atividades essenciais para assegurar a competitividade, o fluxo de caixa, a\u00a0lucratividade, o atendimento aos requisitos legais e a imagem da organiza\u00e7\u00e3o junto\u00a0ao mercado. (NBR 27002:2005)<\/p>\n<p><strong>Estamos 100% Seguros?<\/strong><br \/>\n\u2022 \u201cO \u00fanico sistema verdadeiramente seguro \u00e9\u00a0aquele que est\u00e1 desligado, desplugado,<br \/>\ntrancado num cofre de titanium, lacrado,\u00a0enterrado em um bunker de concreto, envolto<br \/>\npor g\u00e1s nervoso e vigiado por guardas armados\u00a0muito bem pagos. Mesmo assim, eu n\u00e3o<br \/>\napostaria minha vida nisso.\u201d<br \/>\nGene Spafford<br \/>\nDiretor de Opera\u00e7\u00f5es de Computador,<br \/>\nAuditoria e Tecnologia da Seguran\u00e7a<br \/>\nPurdue University, Fran\u00e7a<\/p>\n<p><strong>Princ\u00edpios de Governan\u00e7a<\/strong><br \/>\n\u2022 Estrutura de relacionamento entre pessoas, processos e tecnologia dentro\u00a0do escopo de uma organiza\u00e7\u00e3o.<br \/>\n(Alves,2006)<br \/>\n<strong>\u2022 Governan\u00e7a Corporativa<\/strong><br \/>\n\u2013 Valores essenciais de uma organiza\u00e7\u00e3o<br \/>\n\u2022 Governan\u00e7a de TI e de Seguran\u00e7a<br \/>\n<strong>Contexto Atual<\/strong><br \/>\n\u2022 Nova Economia:<br \/>\n\u2013 Globaliza\u00e7\u00e3o de capital e mercado<br \/>\n\u2013 Informatiza\u00e7\u00e3o (e-transformation)<br \/>\n\u2013 Automatiza\u00e7\u00e3o<br \/>\n\u2013 Crise de valores vigentes<br \/>\n\u2013 Conceito de parcerias<br \/>\n\u2013 Concorr\u00eancias e Competidores qualificados<br \/>\n\u2013 Clientes exigentes<br \/>\n\u2013 Ecologia e sustentabilidade<br \/>\nEquil\u00edbrio das For\u00e7as<br \/>\n\u2013 Necessitam suporte tecnol\u00f3gico<br \/>\n\u2013 Busca atender o neg\u00f3cio<br \/>\n<strong>\u2022 Governan\u00e7a de TI e de Seguran\u00e7a<\/strong><br \/>\n\u2013 Buscam habilitar o suporte ao neg\u00f3cio<br \/>\n\u2013 Processos controlados e alinhados ao\u00a0neg\u00f3cio da organiza\u00e7\u00e3o<br \/>\n<strong>Desafios em Governar S.I.<\/strong><br \/>\n\u2022 Gerenciar riscos operacionais com\u00a0investimentos alinhados a estrat\u00e9gia do\u00a0neg\u00f3cio<br \/>\n\u2022 Manter a organiza\u00e7\u00e3o segura<br \/>\n\u2013 Responder aos incidentes em tempo h\u00e1bil<br \/>\n\u2022 Seguir boas pr\u00e1ticas e cuidaddos de\u00a0mercado<br \/>\n\u2022 Atender as exig\u00eancias legais e\u00a0regulamentares alinhadas ao neg\u00f3cio.<br \/>\n(Alves,2006)<\/p>\n<p>O que fazer para GSI?<br \/>\n\u2022 Conscientizar a alta dire\u00e7\u00e3o<br \/>\n\u2022 Saber quando, onde e em qu\u00ea investir<br \/>\n\u2022 Dar suporte ao TI protegendo o neg\u00f3cio<br \/>\n\u2022 Atender ao requisitos socioecon\u00f4micos-culturais<br \/>\n\u2022 Possuir profissionais qualificados<br \/>\n\u2022 Evitar prioriza\u00e7\u00e3o de outras atividades<br \/>\n\u2022 Quebra de paradigma: SI = din\u00e2mico<br \/>\n(Alves,2006)<\/p>\n<p>Sucesso na Implanta\u00e7\u00e3o da GSI<br \/>\n\u2022 Estabelecer uma linguagem comum<br \/>\n\u2022 Organizar e planejar seguran\u00e7a alinhada a\u00a0estrat\u00e9gia do neg\u00f3cio<br \/>\n\u2022 Estabelecer pol\u00edtica conforme leis<br \/>\n\u2022 Estruturar controles de seguran\u00e7a<br \/>\naderentes aos objetivos da empresa<br \/>\n\u2022 Monitorar a efic\u00e1cia e o progresso da\u00a0seguran\u00e7a (m\u00e9tricas)<br \/>\n(Alves,2006)<\/p>\n<p>Conte com a Life-Sip para ajuda-lo a manter seu negocio com o maior n\u00edvel de seguran\u00e7a poss\u00edvel atrav\u00e9s da nossa tecnologia de ponta.[\/vc_column_text][\/vc_tab][\/vc_tabs][vc_separator type=&#8221;transparent&#8221; position=&#8221;center&#8221;][vc_column_text]\n<ul>\n<li>\n<h2>E mais:<\/h2>\n<\/li>\n<\/ul>\n[\/vc_column_text][vc_column_text]\n<ul>\n<li>\n<h4>Solu\u00e7\u00e3o em sms-marketing, <span style=\"color: #ff0000;\"><a style=\"color: #ff0000;\" href=\"http:\/\/www.life-sip.com.br\/site\/sms\/\">conhe\u00e7a<\/a><\/span>.<\/h4>\n<\/li>\n<li>\n<h4>Solu\u00e7\u00e3o em\u00a0discador preditivo, <span style=\"color: #ff0000;\"><a style=\"color: #ff0000;\" href=\"http:\/\/www.life-sip.com.br\/site\/solucoes\/discador\/\">conhe\u00e7a<\/a><\/span>.<\/h4>\n<\/li>\n<li>\n<h4>Solu\u00e7\u00e3o em 0800web \/ click to call, <span style=\"color: #ff0000;\"><a style=\"color: #ff0000;\" href=\"http:\/\/www.life-sip.com.br\/site\/clicktocall\/\">conhe\u00e7a<\/a><\/span>.<\/h4>\n<\/li>\n<li>\n<h4>Solu\u00e7\u00e3o em Proxy\/File Server\/Active Directory\/Firewall, <span style=\"color: #ff0000;\"><a style=\"color: #ff0000;\" href=\"http:\/\/www.life-sip.com.br\/site\/rede\/\">conhe\u00e7a<\/a><\/span>.<\/h4>\n<\/li>\n<li>\n<h4>Conhe\u00e7a os planos\u00a0<a href=\"http:\/\/www.life-sip.com.br\/site\/planos\/\"><span style=\"color: #ff0000;\">conhe\u00e7a<\/span><\/a>.<\/h4>\n<\/li>\n<\/ul>\n[\/vc_column_text]<div class='q_message  with_icon' style='background-color: #f7f7f7;border-color: #af1839;'><div class='q_message_inner'><div class=\"q_message_icon_holder\"><div class=\"q_message_icon\"><div class=\"q_message_icon_inner\"><i class='fa fa-angle-right fa-lg' style=''><\/i><\/div><\/div><\/div><a href='#' class='close'><i class='fa fa-times dark'><\/i><\/a><div class='message_text_holder'><div class='message_text'><div class='message_text_inner'>\n<h4><strong>Ainda com d\u00favidas? Consulte nosso FAQ agora<\/strong>, <a title=\"Fale Conosco\" href=\"https:\/\/www.life-sip.com.br\/site\/faq\/\">perguntas frequentes<\/a>.<\/h4>\n<\/div><\/div><\/div><\/div><\/div>[vc_raw_html]\n<p>JTNDJTIxLS0lMjBJRlJBTUUlMjBQT1BVUCUyME1FJTIwTElHVUUlMjAtLSUzRSUwQSUzQ2RpdiUyMGlkJTNEJTIyZGVndXN0YWNhbyUyMiUyMHN0eWxlJTNEJTIyZGlzcGxheSUzQSUyMG5vbmUlM0IlMjIlM0UlM0NpZnJhbWUlMjBpZCUzRCUyMmNsaWNrdG9jYWxsJTIyJTIwc3JjJTNEJTIyaHR0cCUzQSUyRiUyRnd3dy5saWZlLXNpcC5jb20uYnIlMkZzaXRlJTJGZm9ybXMlMkZkZWd1c3RhY2FvZ3JhdGlzLmh0bWwlMjIlMjB3aWR0aCUzRCUyMjQ2MCUyMiUyMGhlaWdodCUzRCUyMjY4MHB4JTIyJTIwZnJhbWVib3JkZXIlM0QlMjIwJTIyJTNFJTNDJTJGaWZyYW1lJTNFJTNDJTJGZGl2JTNFJTBBJTNDJTIxLS0lMjBGSU0lMjBJRlJBTUUlMjBNRSUyMExJR1VFJTIwLS0lM0UlMEElM0NoMyUzRS0lMjBTb2xpY2l0ZSUyMGFnb3JhJTIwc3VhJTIwZGVndXN0YSVDMyVBNyVDMyVBM28lMjBlJTIwZ2FyYW50YSUyMGElMjBtZWxob3IlMjBxdWFsaWRhZGUlMjBlbSUyMHRlbGVjb211bmljYSVDMyVBNyVDMyVCNWVzJTIwY2xpY2FuZG8lMjAlM0NzcGFuJTIwb25jbGljayUzRCUyMmphdmFzY3JpcHQlM0Fwb3B1cGZyYW1lbWt0JTI4JTI3ZGVndXN0YWNhbyUyNyUyOSUzQiUyMiUyMG9ubW91c2VvdmVyJTNEJTIyJTIyJTIwc3R5bGUlM0QlMjJjb2xvciUzQSUyMCUyM2ZmMDAwMCUzQiUyMGN1cnNvciUzQSUyMHBvaW50ZXIlM0IlMjIlM0VhcXVpLiUzQyUyRnNwYW4lM0UlM0MlMkZoMyUzRQ==<\/p>\n[\/vc_raw_html][\/vc_column][\/vc_row][vc_row][vc_column width=&#8221;1\/1&#8243;][vc_separator type=&#8221;transparent&#8221; position=&#8221;center&#8221;][vc_column_text]\n<p><a href=\"http:\/\/life-sip.com.br\/site\/wp-content\/uploads\/2014\/02\/contatoshome2.jpg\"><img loading=\"lazy\" decoding=\"async\" class=\"alignnone size-full wp-image-13868\" src=\"http:\/\/life-sip.com.br\/site\/wp-content\/uploads\/2014\/02\/contatoshome2.jpg\" alt=\"contatoshome\" width=\"1020\" height=\"60\" srcset=\"https:\/\/www.life-sip.com.br\/site\/wp-content\/uploads\/2014\/02\/contatoshome2.jpg 1020w, https:\/\/www.life-sip.com.br\/site\/wp-content\/uploads\/2014\/02\/contatoshome2-300x18.jpg 300w\" sizes=\"auto, (max-width: 1020px) 100vw, 1020px\" \/><\/a><\/p>\n[\/vc_column_text][vc_separator type=&#8221;transparent&#8221; position=&#8221;center&#8221;][vc_raw_js]\n<p>JTNDc2NyaXB0JTIwdHlwZSUzRCUyN3RleHQlMkZqYXZhc2NyaXB0JTI3JTNFJTIwJTBBJTIwJTIwJTI4ZnVuY3Rpb24lMjhpJTJDcyUyQ28lMkNnJTJDciUyQ2ElMkNtJTI5JTdCaSU1QiUyN0dvb2dsZUFuYWx5dGljc09iamVjdCUyNyU1RCUzRHIlM0JpJTVCciU1RCUzRGklNUJyJTVEJTdDJTdDZnVuY3Rpb24lMjglMjklN0IlMEElMjAlMjAlMjhpJTVCciU1RC5xJTNEaSU1QnIlNUQucSU3QyU3QyU1QiU1RCUyOS5wdXNoJTI4YXJndW1lbnRzJTI5JTdEJTJDaSU1QnIlNUQubCUzRDElMkFuZXclMjBEYXRlJTI4JTI5JTNCYSUzRHMuY3JlYXRlRWxlbWVudCUyOG8lMjklMkMlMEElMjAlMjBtJTNEcy5nZXRFbGVtZW50c0J5VGFnTmFtZSUyOG8lMjklNUIwJTVEJTNCYS5hc3luYyUzRDElM0JhLnNyYyUzRGclM0JtLnBhcmVudE5vZGUuaW5zZXJ0QmVmb3JlJTI4YSUyQ20lMjklMEElMjAlMjAlN0QlMjklMjh3aW5kb3clMkNkb2N1bWVudCUyQyUyN3NjcmlwdCUyNyUyQyUyNyUyRiUyRnd3dy5nb29nbGUtYW5hbHl0aWNzLmNvbSUyRmFuYWx5dGljcy5qcyUyNyUyQyUyN2dhJTI3JTI5JTNCJTBBJTBBJTIwJTIwZ2ElMjglMjdjcmVhdGUlMjclMkMlMjAlMjdVQS02MjE3NjQzOC0xJTI3JTJDJTIwJTI3YXV0byUyNyUyOSUzQiUwQSUyMCUyMGdhJTI4JTI3c2VuZCUyNyUyQyUyMCUyN3BhZ2V2aWV3JTI3JTI5JTNCJTBBJTBBJTNDJTJGc2NyaXB0JTNF<\/p>\n[\/vc_raw_js][\/vc_column][\/vc_row]\n","protected":false},"excerpt":{"rendered":"<p>[vc_row][vc_column width=&#8221;1\/1&#8243;][vc_separator type=&#8221;transparent&#8221; position=&#8221;center&#8221;][vc_column_text] Conhe\u00e7a mais a Life-Sip: [\/vc_column_text][\/vc_column][\/vc_row][vc_row][vc_column width=&#8221;1\/1&#8243;][vc_separator type=&#8221;transparent&#8221; position=&#8221;center&#8221;][vc_tabs style=&#8221;horizontal&#8221; title=&#8221;Solu\u00e7\u00f5es Inteligentes&#8221;][vc_tab title=&#8221;PABX IP&#8221; tab_id=&#8221;1430323599-1-35&#8243;][vc_column_text] Projetos em central PABX IP. O\u00a0projeto\u00a0 visa\u00a0 criar\u00a0 uma\u00a0 nova\u00a0 pol\u00edtica\u00a0 convergente\u00a0 e\u00a0 centralizada\u00a0 na\u00a0 utiliza\u00e7\u00e3o\u00a0 dos\u00a0 recursos\u00a0 de telefonia,\u00a0 gerando\u00a0 a\u00a0 redu\u00e7\u00e3o\u00a0 gradativa\u00a0 dos\u00a0 custos\u00a0 com\u00a0&#8230;<\/p>\n","protected":false},"author":2,"featured_media":0,"parent":0,"menu_order":0,"comment_status":"open","ping_status":"open","template":"","meta":{"_joinchat":[],"footnotes":""},"class_list":["post-14183","page","type-page","status-publish","hentry"],"aioseo_notices":[],"_links":{"self":[{"href":"https:\/\/www.life-sip.com.br\/site\/wp-json\/wp\/v2\/pages\/14183","targetHints":{"allow":["GET"]}}],"collection":[{"href":"https:\/\/www.life-sip.com.br\/site\/wp-json\/wp\/v2\/pages"}],"about":[{"href":"https:\/\/www.life-sip.com.br\/site\/wp-json\/wp\/v2\/types\/page"}],"author":[{"embeddable":true,"href":"https:\/\/www.life-sip.com.br\/site\/wp-json\/wp\/v2\/users\/2"}],"replies":[{"embeddable":true,"href":"https:\/\/www.life-sip.com.br\/site\/wp-json\/wp\/v2\/comments?post=14183"}],"version-history":[{"count":0,"href":"https:\/\/www.life-sip.com.br\/site\/wp-json\/wp\/v2\/pages\/14183\/revisions"}],"wp:attachment":[{"href":"https:\/\/www.life-sip.com.br\/site\/wp-json\/wp\/v2\/media?parent=14183"}],"curies":[{"name":"wp","href":"https:\/\/api.w.org\/{rel}","templated":true}]}}