{"id":14161,"date":"2015-04-27T12:33:37","date_gmt":"2015-04-27T15:33:37","guid":{"rendered":"http:\/\/life-sip.com.br\/site\/?page_id=14161"},"modified":"2018-10-29T16:04:14","modified_gmt":"2018-10-29T19:04:14","slug":"planos-local-prata","status":"publish","type":"page","link":"https:\/\/www.life-sip.com.br\/site\/planos-local-prata\/","title":{"rendered":"Plano Local Prata"},"content":{"rendered":"[vc_row][vc_column width=&#8221;1\/1&#8243;][vc_column_text]\n<ul>\n<li>\n<h1>Estamos quase finalizando:<\/h1>\n<\/li>\n<\/ul>\n[\/vc_column_text][\/vc_column][\/vc_row][vc_row][vc_column width=&#8221;1\/1&#8243;][vc_separator type=&#8221;normal&#8221; position=&#8221;center&#8221;][\/vc_column][\/vc_row][vc_row][vc_column width=&#8221;1\/3&#8243;][vc_column_text]\n<h2 style=\"text-align: center;\">\u00a0Plano Selecionado<\/h2>\n<h2 style=\"text-align: center;\"><a href=\"http:\/\/life-sip.com.br\/site\/wp-content\/uploads\/2015\/04\/planos-local-prata1.png\"><img loading=\"lazy\" decoding=\"async\" class=\"aligncenter size-full wp-image-14339\" src=\"http:\/\/life-sip.com.br\/site\/wp-content\/uploads\/2015\/04\/planos-local-prata1.png\" alt=\"planos-local-prata\" width=\"234\" height=\"774\" srcset=\"https:\/\/www.life-sip.com.br\/site\/wp-content\/uploads\/2015\/04\/planos-local-prata1.png 234w, https:\/\/www.life-sip.com.br\/site\/wp-content\/uploads\/2015\/04\/planos-local-prata1-91x300.png 91w\" sizes=\"auto, (max-width: 234px) 100vw, 234px\" \/><\/a><\/h2>\n<h2 style=\"text-align: center;\"><\/h2>\n[\/vc_column_text][\/vc_column][vc_column width=&#8221;2\/3&#8243;][vc_column_text]\n<h2>Cadastro de Clientes<\/h2>\n[sform]4[\/sform][\/vc_column_text][vc_raw_html]\n<p>JTNDZm9ybSUyMGFjdGlvbiUzRCUyMmh0dHBzJTNBJTJGJTJGd3d3LnBheXBhbC5jb20lMkZjZ2ktYmluJTJGd2Vic2NyJTIyJTIwbWV0aG9kJTNEJTIycG9zdCUyMiUyMHRhcmdldCUzRCUyMl90b3AlMjIlM0UlMEElM0NpbnB1dCUyMHR5cGUlM0QlMjJoaWRkZW4lMjIlMjBuYW1lJTNEJTIyY21kJTIyJTIwdmFsdWUlM0QlMjJfcy14Y2xpY2slMjIlM0UlMEElM0NpbnB1dCUyMHR5cGUlM0QlMjJoaWRkZW4lMjIlMjBuYW1lJTNEJTIyaG9zdGVkX2J1dHRvbl9pZCUyMiUyMHZhbHVlJTNEJTIyUE04QjNWWlBHU0Y0TCUyMiUzRSUwQSUzQ3RhYmxlJTNFJTBBJTNDdHIlM0UlM0N0ZCUzRSUzQ2lucHV0JTIwdHlwZSUzRCUyMmhpZGRlbiUyMiUyMG5hbWUlM0QlMjJvbjAlMjIlMjB2YWx1ZSUzRCUyMkxpZmUtU2lwJTIwUHJhdGElMjIlM0VMaWZlLVNpcCUyMFByYXRhJTNDJTJGdGQlM0UlM0MlMkZ0ciUzRSUzQ3RyJTNFJTNDdGQlM0UlM0NzZWxlY3QlMjBuYW1lJTNEJTIyb3MwJTIyJTNFJTBBJTA5JTNDb3B0aW9uJTIwdmFsdWUlM0QlMjIwJTIwYSUyMDMwJTIwUmFtYWlzJTIyJTNFMCUyMGElMjAzMCUyMFJhbWFpcyUyMFIlMjQ0MDAlMkMwMCUzQyUyRm9wdGlvbiUzRSUwQSUzQyUyRnNlbGVjdCUzRSUyMCUzQyUyRnRkJTNFJTNDJTJGdHIlM0UlMEElM0MlMkZ0YWJsZSUzRSUwQSUzQ2lucHV0JTIwdHlwZSUzRCUyMmhpZGRlbiUyMiUyMG5hbWUlM0QlMjJjdXJyZW5jeV9jb2RlJTIyJTIwdmFsdWUlM0QlMjJCUkwlMjIlM0UlMEElM0NpbnB1dCUyMHR5cGUlM0QlMjJpbWFnZSUyMiUyMHNyYyUzRCUyMmh0dHBzJTNBJTJGJTJGd3d3LnBheXBhbG9iamVjdHMuY29tJTJGcHRfQlIlMkZCUiUyRmklMkZidG4lMkZidG5fYnV5bm93Q0NfTEcuZ2lmJTIyJTIwYm9yZGVyJTNEJTIyMCUyMiUyMG5hbWUlM0QlMjJzdWJtaXQlMjIlMjBhbHQlM0QlMjJQYXlQYWwlMjAtJTIwQSUyMG1hbmVpcmElMjBmJUMzJUExY2lsJTIwZSUyMHNlZ3VyYSUyMGRlJTIwZW52aWFyJTIwcGFnYW1lbnRvcyUyMG9ubGluZSUyMSUyMiUzRSUwQSUzQ2ltZyUyMGFsdCUzRCUyMiUyMiUyMGJvcmRlciUzRCUyMjAlMjIlMjBzcmMlM0QlMjJodHRwcyUzQSUyRiUyRnd3dy5wYXlwYWxvYmplY3RzLmNvbSUyRnB0X0JSJTJGaSUyRnNjciUyRnBpeGVsLmdpZiUyMiUyMHdpZHRoJTNEJTIyMSUyMiUyMGhlaWdodCUzRCUyMjElMjIlM0UlMEElM0MlMkZmb3JtJTNFJTBB<\/p>\n[\/vc_raw_html][\/vc_column][\/vc_row][vc_row][vc_column width=&#8221;1\/1&#8243;][vc_separator type=&#8221;normal&#8221; position=&#8221;center&#8221;][vc_column_text]\n<p><span style=\"color: #800000;\"><strong>*\u00a0Os equipamentos a serem utilizados no projeto e o valor referente \u00e0 configura\u00e7\u00e3o do PBX ser\u00e3o or\u00e7ados conforme a sele\u00e7\u00e3o do plano e tamanho do projeto.<\/strong><\/span><\/p>\n[\/vc_column_text][vc_separator type=&#8221;normal&#8221; position=&#8221;center&#8221;][vc_column_text]\n<p><a href=\"http:\/\/life-sip.com.br\/site\/wp-content\/uploads\/2014\/02\/contatoshome2.jpg\"><img loading=\"lazy\" decoding=\"async\" class=\"alignnone size-full wp-image-13868\" src=\"http:\/\/life-sip.com.br\/site\/wp-content\/uploads\/2014\/02\/contatoshome2.jpg\" alt=\"contatoshome\" width=\"1020\" height=\"60\" srcset=\"https:\/\/www.life-sip.com.br\/site\/wp-content\/uploads\/2014\/02\/contatoshome2.jpg 1020w, https:\/\/www.life-sip.com.br\/site\/wp-content\/uploads\/2014\/02\/contatoshome2-300x18.jpg 300w\" sizes=\"auto, (max-width: 1020px) 100vw, 1020px\" \/><\/a><\/p>\n[\/vc_column_text][vc_separator type=&#8221;transparent&#8221; position=&#8221;center&#8221;][vc_row_inner][vc_column_inner width=&#8221;1\/3&#8243;][vc_facebook type=&#8221;standard&#8221;][\/vc_column_inner][vc_column_inner width=&#8221;1\/3&#8243;][vc_tweetmeme type=&#8221;horizontal&#8221;][\/vc_column_inner][vc_column_inner width=&#8221;1\/3&#8243;][vc_googleplus][\/vc_column_inner][\/vc_row_inner][vc_separator type=&#8221;transparent&#8221; position=&#8221;center&#8221;][vc_raw_js]\n<p>JTNDc2NyaXB0JTIwdHlwZSUzRCUyN3RleHQlMkZqYXZhc2NyaXB0JTI3JTNFJTIwJTBBJTIwJTIwJTI4ZnVuY3Rpb24lMjhpJTJDcyUyQ28lMkNnJTJDciUyQ2ElMkNtJTI5JTdCaSU1QiUyN0dvb2dsZUFuYWx5dGljc09iamVjdCUyNyU1RCUzRHIlM0JpJTVCciU1RCUzRGklNUJyJTVEJTdDJTdDZnVuY3Rpb24lMjglMjklN0IlMEElMjAlMjAlMjhpJTVCciU1RC5xJTNEaSU1QnIlNUQucSU3QyU3QyU1QiU1RCUyOS5wdXNoJTI4YXJndW1lbnRzJTI5JTdEJTJDaSU1QnIlNUQubCUzRDElMkFuZXclMjBEYXRlJTI4JTI5JTNCYSUzRHMuY3JlYXRlRWxlbWVudCUyOG8lMjklMkMlMEElMjAlMjBtJTNEcy5nZXRFbGVtZW50c0J5VGFnTmFtZSUyOG8lMjklNUIwJTVEJTNCYS5hc3luYyUzRDElM0JhLnNyYyUzRGclM0JtLnBhcmVudE5vZGUuaW5zZXJ0QmVmb3JlJTI4YSUyQ20lMjklMEElMjAlMjAlN0QlMjklMjh3aW5kb3clMkNkb2N1bWVudCUyQyUyN3NjcmlwdCUyNyUyQyUyNyUyRiUyRnd3dy5nb29nbGUtYW5hbHl0aWNzLmNvbSUyRmFuYWx5dGljcy5qcyUyNyUyQyUyN2dhJTI3JTI5JTNCJTBBJTBBJTIwJTIwZ2ElMjglMjdjcmVhdGUlMjclMkMlMjAlMjdVQS02MjE3NjQzOC0xJTI3JTJDJTIwJTI3YXV0byUyNyUyOSUzQiUwQSUyMCUyMGdhJTI4JTI3c2VuZCUyNyUyQyUyMCUyN3BhZ2V2aWV3JTI3JTI5JTNCJTBBJTBBJTNDJTJGc2NyaXB0JTNF<\/p>\n[\/vc_raw_js][\/vc_column][\/vc_row]\n","protected":false},"excerpt":{"rendered":"<p>[vc_row][vc_column width=&#8221;1\/1&#8243;][vc_column_text] Estamos quase finalizando: [\/vc_column_text][\/vc_column][\/vc_row][vc_row][vc_column width=&#8221;1\/1&#8243;][vc_separator type=&#8221;normal&#8221; position=&#8221;center&#8221;][\/vc_column][\/vc_row][vc_row][vc_column width=&#8221;1\/3&#8243;][vc_column_text] \u00a0Plano Selecionado [\/vc_column_text][\/vc_column][vc_column width=&#8221;2\/3&#8243;][vc_column_text] Cadastro de Clientes [sform]4[\/sform][\/vc_column_text][vc_raw_html] JTNDZm9ybSUyMGFjdGlvbiUzRCUyMmh0dHBzJTNBJTJGJTJGd3d3LnBheXBhbC5jb20lMkZjZ2ktYmluJTJGd2Vic2NyJTIyJTIwbWV0aG9kJTNEJTIycG9zdCUyMiUyMHRhcmdldCUzRCUyMl90b3AlMjIlM0UlMEElM0NpbnB1dCUyMHR5cGUlM0QlMjJoaWRkZW4lMjIlMjBuYW1lJTNEJTIyY21kJTIyJTIwdmFsdWUlM0QlMjJfcy14Y2xpY2slMjIlM0UlMEElM0NpbnB1dCUyMHR5cGUlM0QlMjJoaWRkZW4lMjIlMjBuYW1lJTNEJTIyaG9zdGVkX2J1dHRvbl9pZCUyMiUyMHZhbHVlJTNEJTIyUE04QjNWWlBHU0Y0TCUyMiUzRSUwQSUzQ3RhYmxlJTNFJTBBJTNDdHIlM0UlM0N0ZCUzRSUzQ2lucHV0JTIwdHlwZSUzRCUyMmhpZGRlbiUyMiUyMG5hbWUlM0QlMjJvbjAlMjIlMjB2YWx1ZSUzRCUyMkxpZmUtU2lwJTIwUHJhdGElMjIlM0VMaWZlLVNpcCUyMFByYXRhJTNDJTJGdGQlM0UlM0MlMkZ0ciUzRSUzQ3RyJTNFJTNDdGQlM0UlM0NzZWxlY3QlMjBuYW1lJTNEJTIyb3MwJTIyJTNFJTBBJTA5JTNDb3B0aW9uJTIwdmFsdWUlM0QlMjIwJTIwYSUyMDMwJTIwUmFtYWlzJTIyJTNFMCUyMGElMjAzMCUyMFJhbWFpcyUyMFIlMjQ0MDAlMkMwMCUzQyUyRm9wdGlvbiUzRSUwQSUzQyUyRnNlbGVjdCUzRSUyMCUzQyUyRnRkJTNFJTNDJTJGdHIlM0UlMEElM0MlMkZ0YWJsZSUzRSUwQSUzQ2lucHV0JTIwdHlwZSUzRCUyMmhpZGRlbiUyMiUyMG5hbWUlM0QlMjJjdXJyZW5jeV9jb2RlJTIyJTIwdmFsdWUlM0QlMjJCUkwlMjIlM0UlMEElM0NpbnB1dCUyMHR5cGUlM0QlMjJpbWFnZSUyMiUyMHNyYyUzRCUyMmh0dHBzJTNBJTJGJTJGd3d3LnBheXBhbG9iamVjdHMuY29tJTJGcHRfQlIlMkZCUiUyRmklMkZidG4lMkZidG5fYnV5bm93Q0NfTEcuZ2lmJTIyJTIwYm9yZGVyJTNEJTIyMCUyMiUyMG5hbWUlM0QlMjJzdWJtaXQlMjIlMjBhbHQlM0QlMjJQYXlQYWwlMjAtJTIwQSUyMG1hbmVpcmElMjBmJUMzJUExY2lsJTIwZSUyMHNlZ3VyYSUyMGRlJTIwZW52aWFyJTIwcGFnYW1lbnRvcyUyMG9ubGluZSUyMSUyMiUzRSUwQSUzQ2ltZyUyMGFsdCUzRCUyMiUyMiUyMGJvcmRlciUzRCUyMjAlMjIlMjBzcmMlM0QlMjJodHRwcyUzQSUyRiUyRnd3dy5wYXlwYWxvYmplY3RzLmNvbSUyRnB0X0JSJTJGaSUyRnNjciUyRnBpeGVsLmdpZiUyMiUyMHdpZHRoJTNEJTIyMSUyMiUyMGhlaWdodCUzRCUyMjElMjIlM0UlMEElM0MlMkZmb3JtJTNFJTBB [\/vc_raw_html][\/vc_column][\/vc_row][vc_row][vc_column width=&#8221;1\/1&#8243;][vc_separator type=&#8221;normal&#8221; position=&#8221;center&#8221;][vc_column_text] *\u00a0Os equipamentos a serem utilizados no projeto e o valor referente \u00e0 configura\u00e7\u00e3o do PBX ser\u00e3o or\u00e7ados conforme a sele\u00e7\u00e3o do plano&#8230;<\/p>\n","protected":false},"author":2,"featured_media":0,"parent":0,"menu_order":0,"comment_status":"open","ping_status":"open","template":"","meta":{"_joinchat":[],"footnotes":""},"class_list":["post-14161","page","type-page","status-publish","hentry"],"aioseo_notices":[],"_links":{"self":[{"href":"https:\/\/www.life-sip.com.br\/site\/wp-json\/wp\/v2\/pages\/14161","targetHints":{"allow":["GET"]}}],"collection":[{"href":"https:\/\/www.life-sip.com.br\/site\/wp-json\/wp\/v2\/pages"}],"about":[{"href":"https:\/\/www.life-sip.com.br\/site\/wp-json\/wp\/v2\/types\/page"}],"author":[{"embeddable":true,"href":"https:\/\/www.life-sip.com.br\/site\/wp-json\/wp\/v2\/users\/2"}],"replies":[{"embeddable":true,"href":"https:\/\/www.life-sip.com.br\/site\/wp-json\/wp\/v2\/comments?post=14161"}],"version-history":[{"count":0,"href":"https:\/\/www.life-sip.com.br\/site\/wp-json\/wp\/v2\/pages\/14161\/revisions"}],"wp:attachment":[{"href":"https:\/\/www.life-sip.com.br\/site\/wp-json\/wp\/v2\/media?parent=14161"}],"curies":[{"name":"wp","href":"https:\/\/api.w.org\/{rel}","templated":true}]}}