{"id":14007,"date":"2015-04-15T20:24:23","date_gmt":"2015-04-15T23:24:23","guid":{"rendered":"http:\/\/life-sip.com.br\/site\/?page_id=14007"},"modified":"2018-05-21T09:25:06","modified_gmt":"2018-05-21T12:25:06","slug":"planos","status":"publish","type":"page","link":"https:\/\/www.life-sip.com.br\/site\/planos\/","title":{"rendered":"Planos"},"content":{"rendered":"[vc_row][vc_column][vc_column_text]\n<ul>\n<li>\n<h2>Vamos come\u00e7ar:<\/h2>\n<\/li>\n<\/ul>\n[\/vc_column_text][vc_separator type=&#8221;transparent&#8221; position=&#8221;center&#8221;]<div class='q_steps_holder'><div class='steps_holder_inner'><div class='circle_small_holder step1'><div class='circle_small_holder_inner'><div class='circle_small_wrapper' style=''><div class='circle_small' style=''><a href='#' target='_blank' class='circle_small_inner'><span style=''>Escolha<\/span><p class='step_title' style=''>Plano<\/p><\/a><\/div><\/div><\/div><p>Escolha o Plano para seu PBX IP<\/p><\/div><div class='circle_small_holder step2'><div class='circle_small_holder_inner'><div class='circle_small_wrapper' style=''><div class='circle_small' style=''><a href='#' target='_blank' class='circle_small_inner'><span style=''>Ajuste<\/span><p class='step_title' style=''>Configure<\/p><\/a><\/div><\/div><\/div><p>Configure seu plano de acordo com suas necessidades<\/p><\/div><div class='circle_small_holder step3'><div class='circle_small_holder_inner'><div class='circle_small_wrapper' style=''><div class='circle_small' style=''><a href='#' target='_blank' class='circle_small_inner'><span style=''>Confere<\/span><p class='step_title' style=''>Confirmar<\/p><\/a><\/div><\/div><\/div><p>Confirme o plano e ajustes selecionados<\/p><\/div><div class='circle_small_holder step4'><div class='circle_small_holder_inner'><div class='circle_small_wrapper' style=''><div class='circle_small' style=''><a href='#' target='_blank' class='circle_small_inner'><span style=''>Envia<\/span><p class='step_title' style=''>Finalizar<\/p><\/a><\/div><\/div><\/div><p>Enviar seu plano para a Life-Sip e iniciar o projeto<\/p><\/div><\/div><\/div>[vc_separator type=&#8221;normal&#8221; position=&#8221;center&#8221;][vc_column_text]\n<h2>1 &#8211; Escolha agora mesmo o modelo de PBX IP que mais se ajuste a\u00a0sua empresa.<\/h2>\n[\/vc_column_text][vc_column_text]\n<h2><img loading=\"lazy\" decoding=\"async\" class=\"aligncenter wp-image-14347 size-full\" src=\"http:\/\/life-sip.com.br\/site\/wp-content\/uploads\/2015\/05\/banner_telefonia_generica.jpg\" alt=\"banner_telefonia_generica\" width=\"740\" height=\"75\" srcset=\"https:\/\/www.life-sip.com.br\/site\/wp-content\/uploads\/2015\/05\/banner_telefonia_generica.jpg 740w, https:\/\/www.life-sip.com.br\/site\/wp-content\/uploads\/2015\/05\/banner_telefonia_generica-300x30.jpg 300w\" sizes=\"auto, (max-width: 740px) 100vw, 740px\" \/><\/h2>\n[\/vc_column_text][vc_tabs style=&#8221;horizontal&#8221; title=&#8221;Planos Life-Sip &#8220;][vc_tab title=&#8221;Planos PABX IP&#8221; tab_id=&#8221;1438369782-1-16653-e2ff&#8221;][vc_column_text]\n<ul>\n<li>\n<h2><span style=\"color: #990000;\">Os valores abaixo se referem a mensalidade de cada plano:<\/span><\/h2>\n<\/li>\n<\/ul>\n[\/vc_column_text][vc_raw_html]\n<p>JTNDY2VudGVyJTNFJTNDaWZyYW1lJTIwc3JjJTNEJTIyaHR0cCUzQSUyRiUyRnd3dy5saWZlLXNpcC5jb20uYnIlMkZzaXRlJTJGdGFibGUlMkZpbmRleDIuaHRtbCUyMiUyMHdpZHRoJTNEJTIyMTIwMHB4JTIyJTIwaGVpZ2h0JTNEJTIyOTAwcHglMjIlM0UlM0MlMkZpZnJhbWUlM0UlM0MlMkZjZW50ZXIlM0UlMEE=<\/p>\n[\/vc_raw_html][\/vc_tab][vc_tab title=&#8221;Planos Termina\u00e7\u00e3o VOIP&#8221; tab_id=&#8221;1438369782-2-136653-e2ff&#8221;][vc_column_text]\n<ul>\n<li>\n<h2><span style=\"color: #990000;\">Os valores abaixo se referem a recarga m\u00ednima mensal de cada plano:<\/span><\/h2>\n<\/li>\n<\/ul>\n[\/vc_column_text][vc_raw_html]JTNDaWZyYW1lJTIwc3JjJTNEJTIyaHR0cCUzQSUyRiUyRnd3dy5saWZlLXNpcC5jb20uYnIlMkZzaXRlJTJGdGFibGUlMkZ2b2lwLmh0bWwlMjIlMjB3aWR0aCUzRCUyMjEwMCUyNSUyMiUyMGhlaWdodCUzRCUyMjkwMHB4JTIyJTNFJTNDJTJGaWZyYW1lJTNF<\/p>\n[\/vc_raw_html][\/vc_tab][vc_tab title=&#8221;Planos SMS Marketing&#8221; tab_id=&#8221;1438369885213-2-26653-e2ff&#8221;][vc_column_text]\n<h2><span style=\"color: #990000;\">Os valores abaixo se referem a recarga m\u00ednima mensal de cada plano:<\/span><\/h2>\n[\/vc_column_text][vc_raw_html]JTNDaWZyYW1lJTIwc3JjJTNEJTIyaHR0cCUzQSUyRiUyRnd3dy5saWZlLXNpcC5jb20uYnIlMkZzaXRlJTJGdGFibGUlMkZzbXMuaHRtbCUyMiUyMHdpZHRoJTNEJTIyMTAwJTI1JTIyJTIwaGVpZ2h0JTNEJTIyOTAwcHglMjIlM0UlM0MlMkZpZnJhbWUlM0U=<\/p>\n[\/vc_raw_html][\/vc_tab][vc_tab title=&#8221;N\u00fameros Virtuais &#8211; DID&#8221; tab_id=&#8221;1472673017547-3-4&#8243;][vc_row_inner][vc_column_inner width=&#8221;1\/1&#8243;][vc_raw_html]JTNDc3R5bGUlM0UlMEEuZGF0YWdyaWQlMjB0YWJsZSUyMCU3QiUyMGJvcmRlci1jb2xsYXBzZSUzQSUyMGNvbGxhcHNlJTNCJTIwdGV4dC1hbGlnbiUzQSUyMGxlZnQlM0IlMjB3aWR0aCUzQSUyMDEwMCUyNSUzQiUyMCU3RCUyMC5kYXRhZ3JpZCUyMCU3QmZvbnQlM0ElMjBub3JtYWwlMjAxMnB4JTJGMTUwJTI1JTIwQXJpYWwlMkMlMjBIZWx2ZXRpY2ElMkMlMjBzYW5zLXNlcmlmJTNCJTIwYmFja2dyb3VuZCUzQSUyMCUyM2ZmZiUzQiUyMG92ZXJmbG93JTNBJTIwaGlkZGVuJTNCJTIwYm9yZGVyJTNBJTIwMXB4JTIwc29saWQlMjAlMjM5OTE4MjElM0IlMjAtd2Via2l0LWJvcmRlci1yYWRpdXMlM0ElMjAzcHglM0IlMjAtbW96LWJvcmRlci1yYWRpdXMlM0ElMjAzcHglM0IlMjBib3JkZXItcmFkaXVzJTNBJTIwM3B4JTNCJTIwJTdELmRhdGFncmlkJTIwdGFibGUlMjB0ZCUyQyUyMC5kYXRhZ3JpZCUyMHRhYmxlJTIwdGglMjAlN0IlMjBwYWRkaW5nJTNBJTIwM3B4JTIwMTBweCUzQiUyMCU3RC5kYXRhZ3JpZCUyMHRhYmxlJTIwdGhlYWQlMjB0aCUyMCU3QmJhY2tncm91bmQlM0Etd2Via2l0LWdyYWRpZW50JTI4JTIwbGluZWFyJTJDJTIwbGVmdCUyMHRvcCUyQyUyMGxlZnQlMjBib3R0b20lMkMlMjBjb2xvci1zdG9wJTI4MC4wNSUyQyUyMCUyMzk5MTgyMSUyOSUyQyUyMGNvbG9yLXN0b3AlMjgxJTJDJTIwJTIzODAxNDFDJTI5JTIwJTI5JTNCYmFja2dyb3VuZCUzQS1tb3otbGluZWFyLWdyYWRpZW50JTI4JTIwY2VudGVyJTIwdG9wJTJDJTIwJTIzOTkxODIxJTIwNSUyNSUyQyUyMCUyMzgwMTQxQyUyMDEwMCUyNSUyMCUyOSUzQmZpbHRlciUzQXByb2dpZCUzQURYSW1hZ2VUcmFuc2Zvcm0uTWljcm9zb2Z0LmdyYWRpZW50JTI4c3RhcnRDb2xvcnN0ciUzRCUyNyUyMzk5MTgyMSUyNyUyQyUyMGVuZENvbG9yc3RyJTNEJTI3JTIzODAxNDFDJTI3JTI5JTNCYmFja2dyb3VuZC1jb2xvciUzQSUyMzk5MTgyMSUzQiUyMGNvbG9yJTNBJTIzRkZGRkZGJTNCJTIwZm9udC1zaXplJTNBJTIwMTVweCUzQiUyMGZvbnQtd2VpZ2h0JTNBJTIwYm9sZCUzQiUyMGJvcmRlci1sZWZ0JTNBJTIwMXB4JTIwc29saWQlMjAlMjNCMDFDMjYlM0IlMjAlN0QlMjAuZGF0YWdyaWQlMjB0YWJsZSUyMHRoZWFkJTIwdGglM0FmaXJzdC1jaGlsZCUyMCU3QiUyMGJvcmRlciUzQSUyMG5vbmUlM0IlMjAlN0QuZGF0YWdyaWQlMjB0YWJsZSUyMHRib2R5JTIwdGQlMjAlN0IlMjBjb2xvciUzQSUyMCUyMzgwMTQxQyUzQiUyMGJvcmRlci1sZWZ0JTNBJTIwMXB4JTIwc29saWQlMjAlMjNGN0NEQ0QlM0Jmb250LXNpemUlM0ElMjAxMnB4JTNCZm9udC13ZWlnaHQlM0ElMjBub3JtYWwlM0IlMjAlN0QuZGF0YWdyaWQlMjB0YWJsZSUyMHRib2R5JTIwLmFsdCUyMHRkJTIwJTdCJTIwYmFja2dyb3VuZCUzQSUyMCUyM0Y3Q0RDRCUzQiUyMGNvbG9yJTNBJTIwJTIzODAxNDFDJTNCJTIwJTdELmRhdGFncmlkJTIwdGFibGUlMjB0Ym9keSUyMHRkJTNBZmlyc3QtY2hpbGQlMjAlN0IlMjBib3JkZXItbGVmdCUzQSUyMG5vbmUlM0IlMjAlN0QuZGF0YWdyaWQlMjB0YWJsZSUyMHRib2R5JTIwdHIlM0FsYXN0LWNoaWxkJTIwdGQlMjAlN0IlMjBib3JkZXItYm90dG9tJTNBJTIwbm9uZSUzQiUyMCU3RC5kYXRhZ3JpZCUyMHRhYmxlJTIwdGZvb3QlMjB0ZCUyMGRpdiUyMCU3QiUyMGJvcmRlci10b3AlM0ElMjAxcHglMjBzb2xpZCUyMCUyMzk5MTgyMSUzQmJhY2tncm91bmQlM0ElMjAlMjNGN0NEQ0QlM0IlN0QlMjAuZGF0YWdyaWQlMjB0YWJsZSUyMHRmb290JTIwdGQlMjAlN0IlMjBwYWRkaW5nJTNBJTIwMCUzQiUyMGZvbnQtc2l6ZSUzQSUyMDEycHglMjAlN0QlMjAuZGF0YWdyaWQlMjB0YWJsZSUyMHRmb290JTIwdGQlMjBkaXYlN0IlMjBwYWRkaW5nJTNBJTIwMnB4JTNCJTIwJTdELmRhdGFncmlkJTIwdGFibGUlMjB0Zm9vdCUyMHRkJTIwdWwlMjAlN0IlMjBtYXJnaW4lM0ElMjAwJTNCJTIwcGFkZGluZyUzQTAlM0IlMjBsaXN0LXN0eWxlJTNBJTIwbm9uZSUzQiUyMHRleHQtYWxpZ24lM0ElMjByaWdodCUzQiUyMCU3RC5kYXRhZ3JpZCUyMHRhYmxlJTIwdGZvb3QlMjAlMjBsaSUyMCU3QiUyMGRpc3BsYXklM0ElMjBpbmxpbmUlM0IlMjAlN0QuZGF0YWdyaWQlMjB0YWJsZSUyMHRmb290JTIwbGklMjBhJTIwJTdCJTIwdGV4dC1kZWNvcmF0aW9uJTNBJTIwbm9uZSUzQiUyMGRpc3BsYXklM0ElMjBpbmxpbmUtYmxvY2slM0IlMjAlMjBwYWRkaW5nJTNBJTIwMnB4JTIwOHB4JTNCJTIwbWFyZ2luJTNBJTIwMXB4JTNCY29sb3IlM0ElMjAlMjNGRkZGRkYlM0Jib3JkZXIlM0ElMjAxcHglMjBzb2xpZCUyMCUyMzk5MTgyMSUzQi13ZWJraXQtYm9yZGVyLXJhZGl1cyUzQSUyMDNweCUzQiUyMC1tb3otYm9yZGVyLXJhZGl1cyUzQSUyMDNweCUzQiUyMGJvcmRlci1yYWRpdXMlM0ElMjAzcHglM0IlMjBiYWNrZ3JvdW5kJTNBLXdlYmtpdC1ncmFkaWVudCUyOCUyMGxpbmVhciUyQyUyMGxlZnQlMjB0b3AlMkMlMjBsZWZ0JTIwYm90dG9tJTJDJTIwY29sb3Itc3RvcCUyODAuMDUlMkMlMjAlMjM5OTE4MjElMjklMkMlMjBjb2xvci1zdG9wJTI4MSUyQyUyMCUyMzgwMTQxQyUyOSUyMCUyOSUzQmJhY2tncm91bmQlM0EtbW96LWxpbmVhci1ncmFkaWVudCUyOCUyMGNlbnRlciUyMHRvcCUyQyUyMCUyMzk5MTgyMSUyMDUlMjUlMkMlMjAlMjM4MDE0MUMlMjAxMDAlMjUlMjAlMjklM0JmaWx0ZXIlM0Fwcm9naWQlM0FEWEltYWdlVHJhbnNmb3JtLk1pY3Jvc29mdC5ncmFkaWVudCUyOHN0YXJ0Q29sb3JzdHIlM0QlMjclMjM5OTE4MjElMjclMkMlMjBlbmRDb2xvcnN0ciUzRCUyNyUyMzgwMTQxQyUyNyUyOSUzQmJhY2tncm91bmQtY29sb3IlM0ElMjM5OTE4MjElM0IlMjAlN0QuZGF0YWdyaWQlMjB0YWJsZSUyMHRmb290JTIwdWwuYWN0aXZlJTJDJTIwLmRhdGFncmlkJTIwdGFibGUlMjB0Zm9vdCUyMHVsJTIwYSUzQWhvdmVyJTIwJTdCJTIwdGV4dC1kZWNvcmF0aW9uJTNBJTIwbm9uZSUzQmJvcmRlci1jb2xvciUzQSUyMCUyMzgwMTQxQyUzQiUyMGNvbG9yJTNBJTIwJTIzRkZGRkZGJTNCJTIwYmFja2dyb3VuZCUzQSUyMG5vbmUlM0IlMjBiYWNrZ3JvdW5kLWNvbG9yJTNBJTIzOTkxODIxJTNCJTdEZGl2LmRodG1seF93aW5kb3dfYWN0aXZlJTJDJTIwZGl2LmRoeF9tb2RhbF9jb3Zlcl9kdiUyMCU3QiUyMHBvc2l0aW9uJTNBJTIwZml4ZWQlMjAlMjFpbXBvcnRhbnQlM0IlMjAlN0QlMEElM0MlMkZzdHlsZSUzRSUwQSUzQyUyRmhlYWQlM0UlM0Nib2R5JTNFJTBBJTNDZGl2JTIwY2xhc3MlM0QlMjJkYXRhZ3JpZCUyMiUzRSUzQ3RhYmxlJTNFJTBBJTNDdGhlYWQlM0UlM0N0ciUzRSUzQ3RoJTNFTlVNRVJPJTIwQ0lEQURFJTNDJTJGdGglM0UlM0N0aCUzRU5VTUVSTyUyMENJREFERSUzQyUyRnRoJTNFJTNDJTJGdHIlM0UlM0MlMkZ0aGVhZCUzRSUwQSUzQ3Rib2R5JTNFJTBBJTNDdHIlM0UlMEElM0N0ZCUzRTA4MDAlMjAtJTIwTkFDSU9OQUwlM0MlMkZ0ZCUzRSUwQSUzQ3RkJTNFNDAwMyUyMC0lMjBOQUNJT05BTCUzQyUyRnRkJTNFJTBBJTNDJTJGdHIlM0UlMEElM0MlMkZ0Ym9keSUzRSUwQSUzQyUyRnRhYmxlJTNFJTNDJTJGZGl2JTNFJTBBJTBBJTBBJTBBJTNDZGl2JTIwY2xhc3MlM0QlMjJkYXRhZ3JpZCUyMiUzRSUzQ3RhYmxlJTNFJTBBJTNDdGhlYWQlM0UlM0N0ciUzRSUzQ3RoJTNFREREJTIwQ0VMJTIwLSUyMENJREFERSUzQyUyRnRoJTNFJTNDdGglM0VEREQlMjBDRUwlMjAtJTIwQ0lEQURFJTNDJTJGdGglM0UlM0N0aCUzRURERCUyMENFTCUyMC0lMjBDSURBREUlM0MlMkZ0aCUzRSUzQyUyRnRyJTNFJTNDJTJGdGhlYWQlM0UlMEElM0N0Ym9keSUzRSUwQSUzQ3RyJTNFJTBBJTNDdGQlM0UzMTklMjAtJTIwQmVsbyUyMEhvcml6b250ZSUzQyUyRnRkJTNFJTBBJTNDdGQlM0UyMTklMjAtJTIwUmlvJTIwZGUlMjBKYW5laXJvJTNDJTJGdGQlM0UlMEElM0N0ZCUzRTExOSUyMC0lMjBTYW8lMjBQYXVsbyUzQyUyRnRkJTNFJTBBJTNDJTJGdHIlM0UlMEElM0MlMkZ0Ym9keSUzRSUwQSUzQyUyRnRhYmxlJTNFJTNDJTJGZGl2JTNFJTBBJTBBJTBBJTBBJTBBJTNDZGl2JTIwY2xhc3MlM0QlMjJkYXRhZ3JpZCUyMiUzRSUzQ3RhYmxlJTNFJTBBJTNDdGhlYWQlM0UlM0N0ciUzRSUzQ3RoJTNFREREJTIwLSUyMENJREFERSUzQyUyRnRoJTNFJTNDdGglM0VEREQlMjAtJTIwQ0lEQURFJTNDJTJGdGglM0UlM0N0aCUzRURERCUyMC0lMjBDSURBREUlM0MlMkZ0aCUzRSUzQ3RoJTNFREREJTIwLSUyMENJREFERSUzQyUyRnRoJTNFJTNDJTJGdHIlM0UlM0MlMkZ0aGVhZCUzRSUwQSUzQ3Rib2R5JTNFJTBBJTNDdHIlM0UlM0N0ZCUzRTExJTIwSnVuZGlhaSUzQyUyRnRkJTNFJTBBJTNDdGQlM0UxMSUyMFNhbyUyMFBhdWxvJTNDJTJGdGQlM0UlMEElM0N0ZCUzRTEyJTIwU2FvJTIwSm9zZSUyMERvcyUyMENhbXBvcyUyMCUzQyUyRnRkJTNFJTBBJTNDdGQlM0UxMyUyMFNhbnRvcyUzQyUyRnRkJTNFJTNDJTJGdHIlM0UlMEElM0N0ciUyMGNsYXNzJTNEJTIyYWx0JTIyJTNFJTBBJTNDdGQlM0UxNCUyMEJhdXJ1JTIwJTNDJTJGdGQlM0UlMEElM0N0ZCUzRTE1JTIwU29yb2NhYmElM0MlMkZ0ZCUzRSUwQSUzQ3RkJTNFMTYlMjBSaWJlaXJhbyUyMFByZXRvJTNDJTJGdGQlM0UlMEElM0N0ZCUzRTE5JTIwQ2FtcGluYXMlM0MlMkZ0ZCUzRSUwQSUzQyUyRnRyJTNFJTBBJTNDdHIlMjBjbGFzcyUzRCUyMiUyMiUzRSUwQSUwQSUzQ3RkJTNFMjElMjBSaW8lMjBEZSUyMEphbmVpcm8lM0MlMkZ0ZCUzRSUwQSUzQ3RkJTNFMjclMjBWaXRvcmlhJTNDJTJGdGQlM0UlMEElM0N0ZCUzRTMxJTIwQmVsbyUyMEhvcml6b250ZSUzQyUyRnRkJTNFJTBBJTNDdGQlM0UzMyUyMEdvdmVybmFkb3IlMjBWYWxhZGFyZXMlM0MlMkZ0ZCUzRSUwQSUzQyUyRnRyJTNFJTBBJTBBJTNDdHIlMjBjbGFzcyUzRCUyMmFsdCUyMiUzRSUwQSUzQ3RkJTNFMzUlMjBQbyVDMyVBN29zJTIwZGUlMjBDYWxkYXMlM0MlMkZ0ZCUzRSUwQSUzQ3RkJTNFNDElMjBDdXJpdGliYSUzQyUyRnRkJTNFJTBBJTNDdGQlM0U0OCUyMEZsb3JpYW5vcG9saXMlM0MlMkZ0ZCUzRSUwQSUzQ3RkJTNFNTElMjBQb3J0byUyMEFsZWdyZSUzQyUyRnRkJTNFJTBBJTNDJTJGdHIlM0UlMEElMEElMEElM0N0ciUyMGNsYXNzJTNEJTIyJTIyJTNFJTBBJTNDdGQlM0U2MSUyMEJyYXNpbGlhJTNDJTJGdGQlM0UlMEElM0N0ZCUzRTYyJTIwR29pYW5pYSUzQyUyRnRkJTNFJTBBJTNDdGQlM0U2NyUyMENhbXBvJTIwR3JhbmRlJTNDJTJGdGQlM0UlMEElM0N0ZCUzRTcxJTIwU2FsdmFkb3IlM0MlMkZ0ZCUzRSUwQSUzQyUyRnRyJTNFJTBBJTNDdHIlMjBjbGFzcyUzRCUyMmFsdCUyMiUzRSUwQSUzQ3RkJTNFNzklMjBBcmFjYWp1JTNDJTJGdGQlM0UlMEElM0N0ZCUzRTgxJTIwUmVjaWZlJTNDJTJGdGQlM0UlMEElM0N0ZCUzRTgyJTIwTWFjZWlvJTNDJTJGdGQlM0UlMEElM0N0ZCUzRTgzJTIwSm9hbyUyMFBlc3NvYSUzQyUyRnRkJTNFJTBBJTNDJTJGdHIlM0UlMEElM0N0ciUyMGNsYXNzJTNEJTIyJTIyJTNFJTBBJTNDdGQlM0U4NCUyME5hdGFsJTNDJTJGdGQlM0UlMEElM0N0ZCUzRTg1JTIwRm9ydGFsZXphJTNDJTJGdGQlM0UlMEElM0N0ZCUzRTg2JTIwVGVyZXNpbmElM0MlMkZ0ZCUzRSUwQSUzQ3RkJTNFOTElMjBCZWxlbSUyMCUzQyUyRnRkJTNFJTBBJTNDJTJGdHIlM0UlMEElM0N0ciUyMGNsYXNzJTNEJTIyYWx0JTIyJTNFJTBBJTNDdGQlM0U5NCUyME1hbmF1cyUzQyUyRnRkJTNFJTBBJTNDdGQlM0U5OCUyMFNhbyUyMEx1aXMlM0MlMkZ0ZCUzRSUwQSUzQyUyRnRyJTNFJTBBJTNDJTJGdGJvZHklM0UlMEElM0MlMkZ0YWJsZSUzRSUzQyUyRmRpdiUzRQ==[\/vc_raw_html][\/vc_column_inner][\/vc_row_inner][vc_separator type=&#8221;transparent&#8221; position=&#8221;center&#8221;][\/vc_tab][\/vc_tabs][vc_raw_html]JTNDJTIxLS0lMjBJRlJBTUUlMjBQT1BVUCUyME1FJTIwTElHVUUlMjAtLSUzRSUwQSUzQ2RpdiUyMGlkJTNEJTIyZGVndXN0YWNhbyUyMiUyMHN0eWxlJTNEJTIyZGlzcGxheSUzQSUyMG5vbmUlM0IlMjIlM0UlM0NpZnJhbWUlMjBpZCUzRCUyMmNsaWNrdG9jYWxsJTIyJTIwc3JjJTNEJTIyaHR0cCUzQSUyRiUyRnd3dy5saWZlLXNpcC5jb20uYnIlMkZzaXRlJTJGZm9ybXMlMkZkZWd1c3RhY2FvZ3JhdGlzLmh0bWwlMjIlMjB3aWR0aCUzRCUyMjQ2MCUyMiUyMGhlaWdodCUzRCUyMjY4MHB4JTIyJTIwZnJhbWVib3JkZXIlM0QlMjIwJTIyJTNFJTNDJTJGaWZyYW1lJTNFJTNDJTJGZGl2JTNFJTBBJTNDJTIxLS0lMjBGSU0lMjBJRlJBTUUlMjBNRSUyMExJR1VFJTIwLS0lM0UlMEElM0NoMyUzRS0lMjBTb2xpY2l0ZSUyMGFnb3JhJTIwc3VhJTIwZGVndXN0YSVDMyVBNyVDMyVBM28lMjBlJTIwZ2FyYW50YSUyMGElMjBtZWxob3IlMjBxdWFsaWRhZGUlMjBlbSUyMHRlbGVjb211bmljYSVDMyVBNyVDMyVCNWVzJTIwY2xpY2FuZG8lMjAlM0NzcGFuJTIwb25jbGljayUzRCUyMmphdmFzY3JpcHQlM0Fwb3B1cGZyYW1lbWt0JTI4JTI3ZGVndXN0YWNhbyUyNyUyOSUzQiUyMiUyMG9ubW91c2VvdmVyJTNEJTIyJTIyJTIwc3R5bGUlM0QlMjJjb2xvciUzQSUyMCUyM2ZmMDAwMCUzQiUyMGN1cnNvciUzQSUyMHBvaW50ZXIlM0IlMjIlM0VhcXVpLiUzQyUyRnNwYW4lM0UlM0MlMkZoMyUzRQ==<\/p>\n[\/vc_raw_html][vc_separator type=&#8221;transparent&#8221; position=&#8221;center&#8221;][vc_column_text]\n<p><span style=\"color: #993300;\"><strong>*\u00a0Os equipamentos a serem utilizados no projeto e o valor referente \u00e0 configura\u00e7\u00e3o do PBX ser\u00e3o or\u00e7ados conforme a sele\u00e7\u00e3o do plano e tamanho do projeto. A libera\u00e7\u00e3o do plano de termina\u00e7\u00e3o contratada \u00e9 feita em at\u00e9 30 min durante o hor\u00e1rio comercial &#8211; 08:00 as 18:00 hrs.<\/strong><\/span><\/p>\n[\/vc_column_text][vc_column_text]\n<p><strong>Obs: N\u00e3o realizamos estornos de cr\u00e9ditos j\u00e1 inseridos em contas voip.<\/strong><\/p>\n[\/vc_column_text][\/vc_column][\/vc_row][vc_row row_type=&#8221;row&#8221; type=&#8221;grid&#8221; text_align=&#8221;left&#8221; padding_top=&#8221;53&#8243; padding_bottom=&#8221;60&#8243; anchor=&#8221;cover_boxes&#8221; border_color=&#8221;#eaeaea&#8221;][vc_column width=&#8221;1\/1&#8243;]<div class='q_message  with_icon' style='border-color: #7c1833;'><div class='q_message_inner'><div class=\"q_message_icon_holder\"><div class=\"q_message_icon\"><div class=\"q_message_icon_inner\"><i class='fa fa-angle-right fa-3x' style=''><\/i><\/div><\/div><\/div><a href='#' class='close'><i class='fa fa-times light'><\/i><\/a><div class='message_text_holder'><div class='message_text'><div class='message_text_inner'>\n<h3>Para planos personalizados, por favor entre em contato pela nossa p\u00e1gina<span style=\"color: #ff0000;\"> <a style=\"color: #ff0000;\" title=\"Fale Conosco\" href=\"http:\/\/life-sip.com.br\/site\/fale-conosco\/\" target=\"_blank\" rel=\"noopener\">fale-conosco<\/a><\/span><\/h3>\n<\/div><\/div><\/div><\/div><\/div>[vc_separator type=&#8221;normal&#8221; position=&#8221;center&#8221;][vc_column_text]\n<h1 style=\"text-align: center;\"><a href=\"http:\/\/life-sip.com.br\/site\/wp-content\/uploads\/2014\/02\/contatoshome2.jpg\"><img loading=\"lazy\" decoding=\"async\" class=\"alignnone size-full wp-image-13868\" src=\"http:\/\/life-sip.com.br\/site\/wp-content\/uploads\/2014\/02\/contatoshome2.jpg\" alt=\"contatoshome\" width=\"1020\" height=\"60\" srcset=\"https:\/\/www.life-sip.com.br\/site\/wp-content\/uploads\/2014\/02\/contatoshome2.jpg 1020w, https:\/\/www.life-sip.com.br\/site\/wp-content\/uploads\/2014\/02\/contatoshome2-300x18.jpg 300w\" sizes=\"auto, (max-width: 1020px) 100vw, 1020px\" \/><\/a><\/h1>\n[\/vc_column_text][vc_separator type=&#8221;transparent&#8221; position=&#8221;center&#8221;][vc_separator type=&#8221;transparent&#8221; position=&#8221;center&#8221;][\/vc_column][\/vc_row]\n","protected":false},"excerpt":{"rendered":"<p>[vc_row][vc_column][vc_column_text] Vamos come\u00e7ar: [\/vc_column_text][vc_separator type=&#8221;transparent&#8221; position=&#8221;center&#8221;][vc_separator type=&#8221;normal&#8221; position=&#8221;center&#8221;][vc_column_text] 1 &#8211; Escolha agora mesmo o modelo de PBX IP que mais se ajuste a\u00a0sua empresa. [\/vc_column_text][vc_column_text] [\/vc_column_text][vc_tabs style=&#8221;horizontal&#8221; title=&#8221;Planos Life-Sip &#8220;][vc_tab title=&#8221;Planos PABX IP&#8221; tab_id=&#8221;1438369782-1-16653-e2ff&#8221;][vc_column_text] Os valores abaixo se referem a mensalidade de cada plano: [\/vc_column_text][vc_raw_html]&#8230;<\/p>\n","protected":false},"author":2,"featured_media":0,"parent":0,"menu_order":0,"comment_status":"open","ping_status":"open","template":"full_width.php","meta":{"_joinchat":[],"footnotes":""},"class_list":["post-14007","page","type-page","status-publish","hentry"],"aioseo_notices":[],"_links":{"self":[{"href":"https:\/\/www.life-sip.com.br\/site\/wp-json\/wp\/v2\/pages\/14007","targetHints":{"allow":["GET"]}}],"collection":[{"href":"https:\/\/www.life-sip.com.br\/site\/wp-json\/wp\/v2\/pages"}],"about":[{"href":"https:\/\/www.life-sip.com.br\/site\/wp-json\/wp\/v2\/types\/page"}],"author":[{"embeddable":true,"href":"https:\/\/www.life-sip.com.br\/site\/wp-json\/wp\/v2\/users\/2"}],"replies":[{"embeddable":true,"href":"https:\/\/www.life-sip.com.br\/site\/wp-json\/wp\/v2\/comments?post=14007"}],"version-history":[{"count":0,"href":"https:\/\/www.life-sip.com.br\/site\/wp-json\/wp\/v2\/pages\/14007\/revisions"}],"wp:attachment":[{"href":"https:\/\/www.life-sip.com.br\/site\/wp-json\/wp\/v2\/media?parent=14007"}],"curies":[{"name":"wp","href":"https:\/\/api.w.org\/{rel}","templated":true}]}}