{"id":13511,"date":"2014-02-03T13:16:52","date_gmt":"2014-02-03T13:16:52","guid":{"rendered":"http:\/\/demo.qodeinteractive.com\/strata\/?page_id=9589"},"modified":"2015-04-29T13:39:05","modified_gmt":"2015-04-29T16:39:05","slug":"servicos","status":"publish","type":"page","link":"https:\/\/www.life-sip.com.br\/site\/servicos\/","title":{"rendered":"Nossos Servi\u00e7os"},"content":{"rendered":"[vc_row row_type=&#8221;row&#8221; type=&#8221;grid&#8221; text_align=&#8221;left&#8221; border_color=&#8221;#eaeaea&#8221; padding_top=&#8221;0&#8243; padding_bottom=&#8221;55&#8243;][vc_column width=&#8221;1\/2&#8243;][vc_separator type=&#8221;transparent&#8221; position=&#8221;center&#8221; up=&#8221;29&#8243; down=&#8221;30&#8243;][vc_single_image image=&#8221;13796&#8243; img_link_target=&#8221;_self&#8221; qode_css_animation=&#8221;element_from_left&#8221; transition_delay=&#8221;0.4&#8243; img_size=&#8221;full&#8221; border_color=&#8221;grey&#8221;][\/vc_column][vc_column width=&#8221;1\/2&#8243;][vc_separator type=&#8221;transparent&#8221; position=&#8221;center&#8221; up=&#8221;29&#8243; down=&#8221;30&#8243;][vc_column_text]\n<h3>Caracter\u00edsticas do Asterisk<\/h3>\n[\/vc_column_text][vc_separator type=&#8221;transparent&#8221; position=&#8221;center&#8221; up=&#8221;0&#8243; down=&#8221;12&#8243;][vc_column_text]\n<p style=\"text-align: justify;\">O Asterisk \u00e9 um software, baseado na licen\u00e7a GPL (GNU General Public License), que executa todas as fun\u00e7\u00f5es de uma central telef\u00f4nica convencional atrav\u00e9s das principais tecnologias de comunica\u00e7\u00e3o existentes no mercado, como por exemplo: linhas telef\u00f4nicas anal\u00f3gicas, links de telefonia digital via placas de comunica\u00e7\u00e3o TDM (Time-Division Multplexing, ou Multiplexa\u00e7\u00e3o por divis\u00e3o detempo), VoIP (Voice over IP, ou Voz sobre IP) atrav\u00e9s dos protocolos SIP, H.323, IAX2, MGCP, Skinny,GoogleTalk, Skype, entre outros.<\/p>\n[\/vc_column_text][vc_separator type=&#8221;transparent&#8221; position=&#8221;center&#8221; up=&#8221;10&#8243; down=&#8221;12&#8243;][\/vc_column][\/vc_row][vc_row row_type=&#8221;row&#8221; type=&#8221;grid&#8221; text_align=&#8221;left&#8221; border_color=&#8221;#eaeaea&#8221; padding_top=&#8221;0&#8243; padding_bottom=&#8221;0&#8243; background_color=&#8221;#fbfbfb&#8221;][vc_column width=&#8221;1\/2&#8243;][vc_separator type=&#8221;transparent&#8221; position=&#8221;center&#8221; up=&#8221;29&#8243; down=&#8221;30&#8243;][vc_column_text]\n<h3>Solu\u00e7\u00f5es em Atendimento<\/h3>\n[\/vc_column_text][vc_separator type=&#8221;transparent&#8221; position=&#8221;center&#8221; up=&#8221;0&#8243; down=&#8221;12&#8243;][vc_column_text]\n<p style=\"text-align: justify;\">O fator\u00a0 chave\u00a0 de\u00a0 sucesso\u00a0 \u00e9\u00a0 a\u00a0 qualidade\u00a0 de\u00a0 atendimento\u00a0 aos\u00a0 seus\u00a0 usu\u00e1rios.\u00a0 Voc\u00ea precisa\u00a0 estar sempre acess\u00edvel e ter uma solu\u00e7\u00e3o de comunica\u00e7\u00e3o com qualidade e flexibilidade suficiente para crescer junto com o seu neg\u00f3cio.<\/p>\n<p style=\"text-align: justify;\">Os\u00a0 sistemas\u00a0 Life-Sip\u00a0 oferecem\u00a0 alta\u00a0 qualidade,\u00a0 confiabilidade\u00a0 e\u00a0 ainda\u00a0 uma\u00a0 extensa\u00a0 gama\u00a0 de\u00a0 facilidades que suportam todos os processos de comunica\u00e7\u00e3o.<\/p>\n<p style=\"text-align: justify;\">Tenha\u00a0 certeza\u00a0 que\u00a0 com\u00a0 os\u00a0 sistemas\u00a0 Life-Sip\u00a0 voc\u00ea\u00a0 est\u00e1\u00a0 preparado\u00a0 para\u00a0 o\u00a0 futuro.\u00a0 Al\u00e9m\u00a0 de\u00a0 serem\u00a0 expandidos de forma gradual, j\u00e1 possuem todos os pr\u00e9-requisitos para suportar voz sobre IP.<\/p>\n[\/vc_column_text][vc_separator type=&#8221;transparent&#8221; position=&#8221;center&#8221; up=&#8221;10&#8243; down=&#8221;12&#8243;][\/vc_column][vc_column width=&#8221;1\/2&#8243;][vc_separator type=&#8221;transparent&#8221; position=&#8221;center&#8221; up=&#8221;29&#8243; down=&#8221;30&#8243;][vc_gallery type=&#8221;flexslider_slide&#8221; interval=&#8221;3&#8243; images=&#8221;13773,13774&#8243; onclick=&#8221;link_image&#8221; custom_links_target=&#8221;_self&#8221; column_number=&#8221;2&#8243; img_size=&#8221;550&#215;225&#8243;][vc_separator type=&#8221;transparent&#8221; position=&#8221;center&#8221; up=&#8221;29&#8243; down=&#8221;30&#8243;][\/vc_column][\/vc_row][vc_row row_type=&#8221;row&#8221; type=&#8221;grid&#8221; text_align=&#8221;left&#8221; border_color=&#8221;#eaeaea&#8221; padding_top=&#8221;0&#8243; padding_bottom=&#8221;55&#8243; background_color=&#8221;#fbfbfb&#8221;][vc_column width=&#8221;1\/2&#8243;][vc_separator type=&#8221;transparent&#8221; position=&#8221;center&#8221; up=&#8221;29&#8243; down=&#8221;30&#8243;][vc_single_image image=&#8221;13775&#8243; img_link_target=&#8221;_self&#8221; qode_css_animation=&#8221;element_from_right&#8221; transition_delay=&#8221;0.6&#8243; img_size=&#8221;full&#8221; border_color=&#8221;grey&#8221;][\/vc_column][vc_column width=&#8221;1\/2&#8243;][vc_separator type=&#8221;transparent&#8221; position=&#8221;center&#8221; up=&#8221;29&#8243; down=&#8221;30&#8243;][vc_column_text]\n<h3>Tecnologia VOIP<\/h3>\n[\/vc_column_text][vc_separator type=&#8221;transparent&#8221; position=&#8221;center&#8221; up=&#8221;0&#8243; down=&#8221;12&#8243;][vc_column_text]\n<p style=\"text-align: justify;\">O projeto\u00a0 visa\u00a0 criar\u00a0 uma\u00a0 nova\u00a0 pol\u00edtica\u00a0 convergente\u00a0 e\u00a0 centralizada\u00a0 na\u00a0 utiliza\u00e7\u00e3o\u00a0 dos\u00a0 recursos\u00a0 de telefonia,\u00a0 gerando\u00a0 a\u00a0 redu\u00e7\u00e3o\u00a0 gradativa\u00a0 dos\u00a0 custos\u00a0 com\u00a0 liga\u00e7\u00f5es \u00a0telef\u00f4nicas,\u00a0 proporcionando\u00a0 recursos, melhorias e unifica\u00e7\u00f5es de processos e pessoas. O modelo de estrutura atual da sua empesa\u00a0poder\u00e1 ou n\u00e3o ser modificada para atender as exig\u00eancias da tecnologia Voz sobre IP (VoiP), com a implanta\u00e7\u00e3o dos\u00a0 equipamentos da Life-Sip Solu\u00e7\u00f5es empresa.<\/p>\n[\/vc_column_text][vc_separator type=&#8221;transparent&#8221; position=&#8221;center&#8221; up=&#8221;10&#8243; down=&#8221;12&#8243;][\/vc_column][\/vc_row][vc_row row_type=&#8221;row&#8221; type=&#8221;grid&#8221; text_align=&#8221;left&#8221; border_color=&#8221;#eaeaea&#8221; padding_top=&#8221;0&#8243; padding_bottom=&#8221;55&#8243;][vc_column width=&#8221;1\/2&#8243;][vc_separator type=&#8221;transparent&#8221; position=&#8221;center&#8221; up=&#8221;29&#8243; down=&#8221;30&#8243;][vc_column_text]\n<h3>Servidores\u00a0IPBX<\/h3>\n[\/vc_column_text][vc_separator type=&#8221;transparent&#8221; position=&#8221;center&#8221; up=&#8221;0&#8243; down=&#8221;12&#8243;][vc_column_text]\n<p style=\"text-align: justify;\">Todo e qualquer tipo de empresa pode se beneficiar ao\u00a0implantar um Servidor IPBX Asterisk\u00a0, agregando al\u00e9m de novos recursos o diferencial do custo. Atrav\u00e9s da portabilidade de celulares ou de linhas Voip, onde o servidor IPBX \u00e9 capaz de consultar em tempo real a operadora do cliente e assim direcionar a chamada pelo tronco que melhor atende \u00e0 aquela operadora destino, garantindo redu\u00e7\u00e3o de custo em todas as liga\u00e7\u00f5es.<\/p>\n<p style=\"text-align: justify;\">Os recursos s\u00e3o uma das principais vantagens na utiliza\u00e7\u00e3o desse modelo de central telef\u00f4nica. \u00c9 uma solu\u00e7\u00e3o simples e robusta, n\u00e3o \u00e9 s\u00f3 em custo que se agrega na utiliza\u00e7\u00e3o, o servidor garante uma comunica\u00e7\u00e3o centralizada e organizada.<\/p>\n[\/vc_column_text][vc_separator type=&#8221;transparent&#8221; position=&#8221;center&#8221; up=&#8221;10&#8243; down=&#8221;12&#8243;][\/vc_column][vc_column width=&#8221;1\/2&#8243;][vc_separator type=&#8221;transparent&#8221; position=&#8221;center&#8221; up=&#8221;29&#8243; down=&#8221;30&#8243;][vc_single_image image=&#8221;14096&#8243; img_link_target=&#8221;_self&#8221; qode_css_animation=&#8221;element_from_left&#8221; transition_delay=&#8221;0.8&#8243; img_size=&#8221;full&#8221; border_color=&#8221;grey&#8221;][\/vc_column][\/vc_row][vc_row row_type=&#8221;row&#8221; type=&#8221;grid&#8221; text_align=&#8221;left&#8221; border_color=&#8221;#eaeaea&#8221; padding_top=&#8221;0&#8243; padding_bottom=&#8221;55&#8243;][vc_column width=&#8221;1\/2&#8243;][vc_separator type=&#8221;transparent&#8221; position=&#8221;center&#8221; up=&#8221;29&#8243; down=&#8221;30&#8243;][vc_single_image image=&#8221;13763&#8243; img_link_target=&#8221;_self&#8221; qode_css_animation=&#8221;element_from_left&#8221; transition_delay=&#8221;0.2&#8243; img_size=&#8221;full&#8221; border_color=&#8221;grey&#8221;][\/vc_column][vc_column width=&#8221;1\/2&#8243;][vc_separator type=&#8221;transparent&#8221; position=&#8221;center&#8221; up=&#8221;29&#8243; down=&#8221;30&#8243;][vc_column_text]\n<h3>Tecnologia<\/h3>\n[\/vc_column_text][vc_separator type=&#8221;transparent&#8221; position=&#8221;center&#8221; up=&#8221;0&#8243; down=&#8221;12&#8243;][vc_column_text]\n<p style=\"text-align: justify;\">Tecnologia \u00e9 um dos principais aliados no desenvolvimento das organiza\u00e7\u00f5es por auxiliar na expans\u00e3o do potencial produtivo e na vis\u00e3o estrat\u00e9gica sobre todos os processos pertinentes ao sucesso empresarial. Por isso, a IinvoiceCompliance domina todaa as diferentes linhas de produtos focadas em Compliance Fiscal do mercado, adequando todas as solu\u00e7\u00f5es \u00e0s necessidades espec\u00edficas do cliente (personaliza\u00e7\u00e3o) atuando com os melhores especialistas e pr\u00e1ticas de mercado de cada segmento.<\/p>\n[\/vc_column_text][vc_separator type=&#8221;transparent&#8221; position=&#8221;center&#8221; up=&#8221;10&#8243; down=&#8221;12&#8243;][\/vc_column][\/vc_row][vc_row][vc_column width=&#8221;1\/1&#8243;][vc_separator type=&#8221;normal&#8221; position=&#8221;center&#8221;][vc_column_text]<a href=\"http:\/\/life-sip.com.br\/site\/wp-content\/uploads\/2014\/02\/contatoshome2.jpg\"><img loading=\"lazy\" decoding=\"async\" class=\" size-full wp-image-13868 aligncenter\" src=\"http:\/\/life-sip.com.br\/site\/wp-content\/uploads\/2014\/02\/contatoshome2.jpg\" alt=\"contatoshome\" width=\"1020\" height=\"60\" srcset=\"https:\/\/www.life-sip.com.br\/site\/wp-content\/uploads\/2014\/02\/contatoshome2.jpg 1020w, https:\/\/www.life-sip.com.br\/site\/wp-content\/uploads\/2014\/02\/contatoshome2-300x18.jpg 300w\" sizes=\"auto, (max-width: 1020px) 100vw, 1020px\" \/><\/a>[\/vc_column_text][vc_separator type=&#8221;transparent&#8221; position=&#8221;center&#8221;][vc_raw_js]JTNDc2NyaXB0JTIwdHlwZSUzRCUyN3RleHQlMkZqYXZhc2NyaXB0JTI3JTNFJTIwJTBBJTIwJTIwJTI4ZnVuY3Rpb24lMjhpJTJDcyUyQ28lMkNnJTJDciUyQ2ElMkNtJTI5JTdCaSU1QiUyN0dvb2dsZUFuYWx5dGljc09iamVjdCUyNyU1RCUzRHIlM0JpJTVCciU1RCUzRGklNUJyJTVEJTdDJTdDZnVuY3Rpb24lMjglMjklN0IlMEElMjAlMjAlMjhpJTVCciU1RC5xJTNEaSU1QnIlNUQucSU3QyU3QyU1QiU1RCUyOS5wdXNoJTI4YXJndW1lbnRzJTI5JTdEJTJDaSU1QnIlNUQubCUzRDElMkFuZXclMjBEYXRlJTI4JTI5JTNCYSUzRHMuY3JlYXRlRWxlbWVudCUyOG8lMjklMkMlMEElMjAlMjBtJTNEcy5nZXRFbGVtZW50c0J5VGFnTmFtZSUyOG8lMjklNUIwJTVEJTNCYS5hc3luYyUzRDElM0JhLnNyYyUzRGclM0JtLnBhcmVudE5vZGUuaW5zZXJ0QmVmb3JlJTI4YSUyQ20lMjklMEElMjAlMjAlN0QlMjklMjh3aW5kb3clMkNkb2N1bWVudCUyQyUyN3NjcmlwdCUyNyUyQyUyNyUyRiUyRnd3dy5nb29nbGUtYW5hbHl0aWNzLmNvbSUyRmFuYWx5dGljcy5qcyUyNyUyQyUyN2dhJTI3JTI5JTNCJTBBJTBBJTIwJTIwZ2ElMjglMjdjcmVhdGUlMjclMkMlMjAlMjdVQS02MjE3NjQzOC0xJTI3JTJDJTIwJTI3YXV0byUyNyUyOSUzQiUwQSUyMCUyMGdhJTI4JTI3c2VuZCUyNyUyQyUyMCUyN3BhZ2V2aWV3JTI3JTI5JTNCJTBBJTBBJTNDJTJGc2NyaXB0JTNF[\/vc_raw_js][vc_row_inner][vc_column_inner width=&#8221;1\/3&#8243;][vc_facebook type=&#8221;standard&#8221;][\/vc_column_inner][vc_column_inner width=&#8221;1\/3&#8243;][vc_tweetmeme type=&#8221;horizontal&#8221;][\/vc_column_inner][vc_column_inner width=&#8221;1\/3&#8243;][vc_googleplus][\/vc_column_inner][\/vc_row_inner][vc_separator type=&#8221;transparent&#8221; position=&#8221;center&#8221;][\/vc_column][\/vc_row]\n","protected":false},"excerpt":{"rendered":"<p>[vc_row row_type=&#8221;row&#8221; type=&#8221;grid&#8221; text_align=&#8221;left&#8221; border_color=&#8221;#eaeaea&#8221; padding_top=&#8221;0&#8243; padding_bottom=&#8221;55&#8243;][vc_column width=&#8221;1\/2&#8243;][vc_separator type=&#8221;transparent&#8221; position=&#8221;center&#8221; up=&#8221;29&#8243; down=&#8221;30&#8243;][vc_single_image image=&#8221;13796&#8243; img_link_target=&#8221;_self&#8221; qode_css_animation=&#8221;element_from_left&#8221; transition_delay=&#8221;0.4&#8243; img_size=&#8221;full&#8221; border_color=&#8221;grey&#8221;][\/vc_column][vc_column width=&#8221;1\/2&#8243;][vc_separator type=&#8221;transparent&#8221; position=&#8221;center&#8221; up=&#8221;29&#8243; down=&#8221;30&#8243;][vc_column_text] Caracter\u00edsticas do Asterisk [\/vc_column_text][vc_separator type=&#8221;transparent&#8221; position=&#8221;center&#8221; up=&#8221;0&#8243; down=&#8221;12&#8243;][vc_column_text] O Asterisk \u00e9 um software, baseado na licen\u00e7a GPL (GNU General Public License), que&#8230;<\/p>\n","protected":false},"author":2,"featured_media":0,"parent":0,"menu_order":0,"comment_status":"closed","ping_status":"closed","template":"full_width.php","meta":{"_joinchat":[],"footnotes":""},"class_list":["post-13511","page","type-page","status-publish","hentry"],"aioseo_notices":[],"_links":{"self":[{"href":"https:\/\/www.life-sip.com.br\/site\/wp-json\/wp\/v2\/pages\/13511","targetHints":{"allow":["GET"]}}],"collection":[{"href":"https:\/\/www.life-sip.com.br\/site\/wp-json\/wp\/v2\/pages"}],"about":[{"href":"https:\/\/www.life-sip.com.br\/site\/wp-json\/wp\/v2\/types\/page"}],"author":[{"embeddable":true,"href":"https:\/\/www.life-sip.com.br\/site\/wp-json\/wp\/v2\/users\/2"}],"replies":[{"embeddable":true,"href":"https:\/\/www.life-sip.com.br\/site\/wp-json\/wp\/v2\/comments?post=13511"}],"version-history":[{"count":0,"href":"https:\/\/www.life-sip.com.br\/site\/wp-json\/wp\/v2\/pages\/13511\/revisions"}],"wp:attachment":[{"href":"https:\/\/www.life-sip.com.br\/site\/wp-json\/wp\/v2\/media?parent=13511"}],"curies":[{"name":"wp","href":"https:\/\/api.w.org\/{rel}","templated":true}]}}